{"id":586555,"date":"2025-03-20T10:02:18","date_gmt":"2025-03-20T09:02:18","guid":{"rendered":"https:\/\/www.arclite-shop.de\/produkt\/02-4099854015267\/"},"modified":"2026-04-16T10:43:01","modified_gmt":"2026-04-16T08:43:01","slug":"02-4099854015267","status":"publish","type":"product","link":"https:\/\/www.arclite-shop.de\/es\/produkt\/02-4099854015267\/","title":{"rendered":"Tubos LED T5 EXTERNOS para drivers LED EXTERNOS"},"content":{"rendered":"<p>LED-R\u00f6hren T5 EXTERNAL f\u00fcr LED Treiber EXTERNAL. Produkteigenschaften: Ausgelegt f\u00fcr den Betrieb an LED DRIVER LED TUBE EXTERNAL DALI. Lampenr\u00f6hre aus Glas mit Splitterschutz. Produktvorteile: Splitterschutz dank spezieller PET-Beschichtung. Kein Durchh\u00e4ngen dank Glasr\u00f6hre. Sehr hohe Schaltfestigkeit. 5 Jahre Garantie. Anwendungsgebiete: Industriebeleuchtung (z.B. Fertigungsanlagen, Logistikzentren, Lagerh\u00e4user). Lineare Lichtl\u00f6sungen f\u00fcr B\u00fcros, Bildungsst\u00e4tten, Lagerbereiche und Retail. Gesch\u00e4fte, Superm\u00e4rkte. Geeignet f\u00fcr SELV-Installationen im Innenbereich. Allgemeinbeleuchtung in Umgebungstemperaturen von -20&#8230;+50\u00b0C.<\/p>\n","protected":false},"excerpt":{"rendered":"<p>LED-R\u00f6hren T5 EXTERNAL f\u00fcr LED Treiber EXTERNAL. Produkteigenschaften: Ausgelegt f\u00fcr den Betrieb an LED DRIVER LED TUBE EXTERNAL DALI. Lampenr\u00f6hre aus Glas mit Splitterschutz. Produktvorteile: Splitterschutz dank spezieller PET-Beschichtung. Kein Durchh\u00e4ngen dank Glasr\u00f6hre. Sehr hohe Schaltfestigkeit. 5 Jahre Garantie. Anwendungsgebiete:<span class=\"excerpt-hellip\"> [\u2026]<\/span><\/p>\n","protected":false},"featured_media":365916,"template":"","meta":[],"product_brand":[],"product_cat":[87060],"product_tag":[],"class_list":{"0":"post-586555","1":"product","2":"type-product","3":"status-publish","4":"has-post-thumbnail","6":"product_cat-led-lampe-multi-led","8":"first","9":"instock","10":"taxable","11":"shipping-taxable","12":"product-type-simple"},"_links":{"self":[{"href":"https:\/\/www.arclite-shop.de\/es\/wp-json\/wp\/v2\/product\/586555","targetHints":{"allow":["GET"]}}],"collection":[{"href":"https:\/\/www.arclite-shop.de\/es\/wp-json\/wp\/v2\/product"}],"about":[{"href":"https:\/\/www.arclite-shop.de\/es\/wp-json\/wp\/v2\/types\/product"}],"wp:featuredmedia":[{"embeddable":true,"href":"https:\/\/www.arclite-shop.de\/es\/wp-json\/wp\/v2\/media\/365916"}],"wp:attachment":[{"href":"https:\/\/www.arclite-shop.de\/es\/wp-json\/wp\/v2\/media?parent=586555"}],"wp:term":[{"taxonomy":"product_brand","embeddable":true,"href":"https:\/\/www.arclite-shop.de\/es\/wp-json\/wp\/v2\/product_brand?post=586555"},{"taxonomy":"product_cat","embeddable":true,"href":"https:\/\/www.arclite-shop.de\/es\/wp-json\/wp\/v2\/product_cat?post=586555"},{"taxonomy":"product_tag","embeddable":true,"href":"https:\/\/www.arclite-shop.de\/es\/wp-json\/wp\/v2\/product_tag?post=586555"}],"curies":[{"name":"wp","href":"https:\/\/api.w.org\/{rel}","templated":true}]}}