{"id":586553,"date":"2025-03-20T10:02:17","date_gmt":"2025-03-20T09:02:17","guid":{"rendered":"https:\/\/www.arclite-shop.de\/produkt\/02-4099854147814\/"},"modified":"2026-04-16T10:45:51","modified_gmt":"2026-04-16T08:45:51","slug":"02-4099854147814","status":"publish","type":"product","link":"https:\/\/www.arclite-shop.de\/es\/produkt\/02-4099854147814\/","title":{"rendered":"Tubos LED de alto rendimiento para balastos electromagn\u00e9ticos (KVG\/VVG) y tensi\u00f3n de red, protecci\u00f3n contra sobretensiones de 6 kV, protecci\u00f3n contra astillas"},"content":{"rendered":"<p>Leistungsstarke LED-R\u00f6hren f\u00fcr elektromagnetische Vorschaltger\u00e4te (KVG\/VVG) und Netzspannung, 6 kV \u00dcberspannungsschutz, Splitterschutz. Produkteigenschaften: LED-Ersatz f\u00fcr herk\u00f6mmliche T8-Leuchtstofflampen mit G13 Sockel in KVG Leuchten oder an Netzspannung. Hoher \u00dcberspannungsschutz: bis zu 6 kV (L-N). Flimmerarm nach EU 2019\/2020 (SVM ?0,4 \/ PstLM ? 1). Lampenr\u00f6hre aus Glas mit Splitterschutz f\u00fcr Anwendungen z.B. in der Lebensmittelindustrie. ENEC 10 VDE-Zeichen. F\u00fcr besonders homogene Ausleuchtung. Lebensdauer: bis zu 75.000 h. Schutzart: IP20. Quecksilberfrei und RoHS-konform. Produktvorteile: Kein Durchh\u00e4ngen dank Glasr\u00f6hre. Splitterschutz dank spezieller PET-Beschichtung. Unterst\u00fctzen bei der Umsetzung der HACCP-Konzepte von der Produktion bis hin zur Warenpr\u00e4sentation. Sehr hohe Schaltfestigkeit. Hoher Lichtstrom f\u00fcr anspruchsvolle Beleuchtungsaufgaben. Einfacher, schneller und sicherer Lampenaustausch ohne Umverdrahtung. Energieeinsparung von bis zu 62 % (gegen\u00fcber T8 Leuchtstofflampe). Volle Helligkeit ohne Aufw\u00e4rmphase, deswegen ideal geeignet in Kombination mit Sensorik. Auch geeignet f\u00fcr den Betrieb bei niedrigen Temperaturen. Anwendungsgebiete: Allgemeinbeleuchtung in Umgebungstemperaturen von -20&#8230;+50\u00b0C. Bahn- und U-Bahnh\u00f6fe. Beleuchtung in industrieller Fertigung. Verkehrszonen und Korridore. Industrie. Technische Ausstattung: Geeignet f\u00fcr den Betrieb mit verlustarmen und konventionellen Vorschaltger\u00e4ten.<\/p>\n","protected":false},"excerpt":{"rendered":"<p>Leistungsstarke LED-R\u00f6hren f\u00fcr elektromagnetische Vorschaltger\u00e4te (KVG\/VVG) und Netzspannung, 6 kV \u00dcberspannungsschutz, Splitterschutz. Produkteigenschaften: LED-Ersatz f\u00fcr herk\u00f6mmliche T8-Leuchtstofflampen mit G13 Sockel in KVG Leuchten oder an Netzspannung. Hoher \u00dcberspannungsschutz: bis zu 6 kV (L-N). Flimmerarm nach EU 2019\/2020 (SVM ?0,4 \/<span class=\"excerpt-hellip\"> [\u2026]<\/span><\/p>\n","protected":false},"featured_media":365464,"template":"","meta":[],"product_brand":[],"product_cat":[87060],"product_tag":[],"class_list":{"0":"post-586553","1":"product","2":"type-product","3":"status-publish","4":"has-post-thumbnail","6":"product_cat-led-lampe-multi-led","8":"first","9":"instock","10":"taxable","11":"shipping-taxable","12":"product-type-simple"},"_links":{"self":[{"href":"https:\/\/www.arclite-shop.de\/es\/wp-json\/wp\/v2\/product\/586553","targetHints":{"allow":["GET"]}}],"collection":[{"href":"https:\/\/www.arclite-shop.de\/es\/wp-json\/wp\/v2\/product"}],"about":[{"href":"https:\/\/www.arclite-shop.de\/es\/wp-json\/wp\/v2\/types\/product"}],"wp:featuredmedia":[{"embeddable":true,"href":"https:\/\/www.arclite-shop.de\/es\/wp-json\/wp\/v2\/media\/365464"}],"wp:attachment":[{"href":"https:\/\/www.arclite-shop.de\/es\/wp-json\/wp\/v2\/media?parent=586553"}],"wp:term":[{"taxonomy":"product_brand","embeddable":true,"href":"https:\/\/www.arclite-shop.de\/es\/wp-json\/wp\/v2\/product_brand?post=586553"},{"taxonomy":"product_cat","embeddable":true,"href":"https:\/\/www.arclite-shop.de\/es\/wp-json\/wp\/v2\/product_cat?post=586553"},{"taxonomy":"product_tag","embeddable":true,"href":"https:\/\/www.arclite-shop.de\/es\/wp-json\/wp\/v2\/product_tag?post=586553"}],"curies":[{"name":"wp","href":"https:\/\/api.w.org\/{rel}","templated":true}]}}