{"id":586509,"date":"2025-03-20T10:01:36","date_gmt":"2025-03-20T09:01:36","guid":{"rendered":"https:\/\/www.arclite-shop.de\/produkt\/02-4099854030390\/"},"modified":"2026-04-16T10:51:19","modified_gmt":"2026-04-16T08:51:19","slug":"02-4099854030390","status":"publish","type":"product","link":"https:\/\/www.arclite-shop.de\/es\/produkt\/02-4099854030390\/","title":{"rendered":"Para una amplia gama de aplicaciones en iluminaci\u00f3n p\u00fablica y de zonas"},"content":{"rendered":"<p>F\u00fcr ein breites Anwendungsspektrum in der Stra\u00dfen- und Fl\u00e4chenbeleuchtung. Produkteigenschaften: Lichtverteilung f\u00fcr Stra\u00dfen mit \u00e4hnlicher Stra\u00dfenbreite wie Lichtpunkth\u00f6he. Mastadapter im Lieferumfang enthalten, geeignet f\u00fcr Maste mit 48-60 mm Zopfma\u00df. Einstellbarer Mastadapter, geeignet f\u00fcr Mastansatz- und Mastaufsatzmontage. +\/- 30\u00b0 Neigungsverstellung ohne \u00d6ffnen des Geh\u00e4uses . Hohe Lichtausbeute: bis zu 135 lm\/W. Umgebungstemperaturbereich bei Betrieb: -30-50 \u00b0C. Hoher \u00dcberspannungschutz von bis zu 10 kV (L\/N-PE). Produktvorteile: Funktionales und minimalistisches Design. Geringe Wartungs- und Betriebskosten dank langer LED-Lebensdauer. 5 Jahre Garantie. Anwendungsgebiete: Au\u00dfenanwendung (IP66). Stra\u00dfen der Klassen M, C und P gem. EN 13201. Parkpl\u00e4tze. Fl\u00e4chenbeleuchtung.<\/p>\n","protected":false},"excerpt":{"rendered":"<p>F\u00fcr ein breites Anwendungsspektrum in der Stra\u00dfen- und Fl\u00e4chenbeleuchtung. Produkteigenschaften: Lichtverteilung f\u00fcr Stra\u00dfen mit \u00e4hnlicher Stra\u00dfenbreite wie Lichtpunkth\u00f6he. Mastadapter im Lieferumfang enthalten, geeignet f\u00fcr Maste mit 48-60 mm Zopfma\u00df. Einstellbarer Mastadapter, geeignet f\u00fcr Mastansatz- und Mastaufsatzmontage. +\/- 30\u00b0 Neigungsverstellung ohne<span class=\"excerpt-hellip\"> [\u2026]<\/span><\/p>\n","protected":false},"featured_media":363561,"template":"","meta":[],"product_brand":[],"product_cat":[87333],"product_tag":[],"class_list":{"0":"post-586509","1":"product","2":"type-product","3":"status-publish","4":"has-post-thumbnail","6":"product_cat-strassen-und-platzleuchte","8":"first","9":"outofstock","10":"taxable","11":"shipping-taxable","12":"product-type-simple"},"_links":{"self":[{"href":"https:\/\/www.arclite-shop.de\/es\/wp-json\/wp\/v2\/product\/586509","targetHints":{"allow":["GET"]}}],"collection":[{"href":"https:\/\/www.arclite-shop.de\/es\/wp-json\/wp\/v2\/product"}],"about":[{"href":"https:\/\/www.arclite-shop.de\/es\/wp-json\/wp\/v2\/types\/product"}],"wp:featuredmedia":[{"embeddable":true,"href":"https:\/\/www.arclite-shop.de\/es\/wp-json\/wp\/v2\/media\/363561"}],"wp:attachment":[{"href":"https:\/\/www.arclite-shop.de\/es\/wp-json\/wp\/v2\/media?parent=586509"}],"wp:term":[{"taxonomy":"product_brand","embeddable":true,"href":"https:\/\/www.arclite-shop.de\/es\/wp-json\/wp\/v2\/product_brand?post=586509"},{"taxonomy":"product_cat","embeddable":true,"href":"https:\/\/www.arclite-shop.de\/es\/wp-json\/wp\/v2\/product_cat?post=586509"},{"taxonomy":"product_tag","embeddable":true,"href":"https:\/\/www.arclite-shop.de\/es\/wp-json\/wp\/v2\/product_tag?post=586509"}],"curies":[{"name":"wp","href":"https:\/\/api.w.org\/{rel}","templated":true}]}}