{"id":586487,"date":"2025-03-20T10:00:55","date_gmt":"2025-03-20T09:00:55","guid":{"rendered":"https:\/\/www.arclite-shop.de\/produkt\/02-4058075733152\/"},"modified":"2026-04-16T10:53:46","modified_gmt":"2026-04-16T08:53:46","slug":"02-4058075733152","status":"publish","type":"product","link":"https:\/\/www.arclite-shop.de\/es\/produkt\/02-4058075733152\/","title":{"rendered":"Luminarias IP44 robustas con emisi\u00f3n de luz directa y controlador integrado para aplicaciones en superficie, hasta 137 lm\/W"},"content":{"rendered":"<p>Robuste IP44-Leuchten mit direkter Lichtemission und integriertem Treiber f\u00fcr Oberfl\u00e4chen-Anwendungen, bis zu 137 lm\/W. Produkteigenschaften: Anbauleuchte mit direkter Lichtemission. Schutzart: IP44. Sto\u00dffestigkeit: IK08. Verf\u00fcgbar in 3 verschiedenen L\u00e4ngen: 600 mm, 1200 mm and 1500 mm. Hohe Lichtausbeute: bis zu 137 lm\/W. Durchverdrahtungskabel bereits installiert. Lebensdauer (L80\/B10): 70.000 h (bei 25 \u00b0C). Wei\u00df lackiertes Stahlgeh\u00e4use (\u00e4hnlich RAL: 9003). Diffusormaterial: UV-stabiles Polycarbonat. Endkappen (aus Polycarbonat) mit dem Geh\u00e4use verschraubt. Produktvorteile: Geringer Wartungsaufwand und niedrige Betriebskosten. Schutz vor Abfallen der Abdeckung, Diebstahl und Vandalismus durch Sicherheitsschrauben<br \/>\n. Kabeleinf\u00fchrung an der R\u00fcckseite der Leuchte und an den Endkappen f\u00fcr einen einfachen elektrischen Anschluss. Einfache und schnelle Installation. Flimmerarmes Licht dank speziellem elektronischen Vorschaltger\u00e4t. 5 Jahre Garantie. Anwendungsgebiete: Effizienter Ersatz f\u00fcr traditionelle T8- und T5-Lichtleisten. \u00d6ffentliche Geb\u00e4ude. Allgemeinbeleuchtung. Bibliotheken, Schulen. Technische Ausstattung: Ausgestattet mit Durchverdrahtungs-Kabeln und Steckern. Inklusive werkzeugloser Kabelzugentlastungen.<\/p>\n","protected":false},"excerpt":{"rendered":"<p>Robuste IP44-Leuchten mit direkter Lichtemission und integriertem Treiber f\u00fcr Oberfl\u00e4chen-Anwendungen, bis zu 137 lm\/W. Produkteigenschaften: Anbauleuchte mit direkter Lichtemission. Schutzart: IP44. Sto\u00dffestigkeit: IK08. Verf\u00fcgbar in 3 verschiedenen L\u00e4ngen: 600 mm, 1200 mm and 1500 mm. Hohe Lichtausbeute: bis zu 137<span class=\"excerpt-hellip\"> [\u2026]<\/span><\/p>\n","protected":false},"featured_media":365908,"template":"","meta":[],"product_brand":[],"product_cat":[87052],"product_tag":[],"class_list":{"0":"post-586487","1":"product","2":"type-product","3":"status-publish","4":"has-post-thumbnail","6":"product_cat-decken-wandleuchte","8":"first","9":"instock","10":"taxable","11":"shipping-taxable","12":"product-type-simple"},"_links":{"self":[{"href":"https:\/\/www.arclite-shop.de\/es\/wp-json\/wp\/v2\/product\/586487","targetHints":{"allow":["GET"]}}],"collection":[{"href":"https:\/\/www.arclite-shop.de\/es\/wp-json\/wp\/v2\/product"}],"about":[{"href":"https:\/\/www.arclite-shop.de\/es\/wp-json\/wp\/v2\/types\/product"}],"wp:featuredmedia":[{"embeddable":true,"href":"https:\/\/www.arclite-shop.de\/es\/wp-json\/wp\/v2\/media\/365908"}],"wp:attachment":[{"href":"https:\/\/www.arclite-shop.de\/es\/wp-json\/wp\/v2\/media?parent=586487"}],"wp:term":[{"taxonomy":"product_brand","embeddable":true,"href":"https:\/\/www.arclite-shop.de\/es\/wp-json\/wp\/v2\/product_brand?post=586487"},{"taxonomy":"product_cat","embeddable":true,"href":"https:\/\/www.arclite-shop.de\/es\/wp-json\/wp\/v2\/product_cat?post=586487"},{"taxonomy":"product_tag","embeddable":true,"href":"https:\/\/www.arclite-shop.de\/es\/wp-json\/wp\/v2\/product_tag?post=586487"}],"curies":[{"name":"wp","href":"https:\/\/api.w.org\/{rel}","templated":true}]}}