{"id":586481,"date":"2025-03-20T10:00:35","date_gmt":"2025-03-20T09:00:35","guid":{"rendered":"https:\/\/www.arclite-shop.de\/produkt\/02-4058075602137\/"},"modified":"2026-04-16T11:02:24","modified_gmt":"2026-04-16T09:02:24","slug":"02-4058075602137","status":"publish","type":"product","link":"https:\/\/www.arclite-shop.de\/es\/produkt\/02-4058075602137\/","title":{"rendered":"Luz nocturna RGBW con funci\u00f3n de atenuaci\u00f3n t\u00e1ctil, alimentada por pilas, recargable"},"content":{"rendered":"<p>RGBW-Nachtlicht mit Ber\u00fchrungsdimmfunktion, batteriebetrieben, wiederaufladbar. Produkteigenschaften: \u00dcber USB-Kabel wiederaufladbarer Akku. RGB-Farbsteuerung. Nachtlichter mit TV- und Hasenmotiv. Anwendungsgebiete: Kinderschlafzimmer. Nur f\u00fcr Innenraumbeleuchtung. Nachtlicht. Technische Ausstattung: USB-Ladekabel.<\/p>\n","protected":false},"excerpt":{"rendered":"<p>RGBW-Nachtlicht mit Ber\u00fchrungsdimmfunktion, batteriebetrieben, wiederaufladbar. Produkteigenschaften: \u00dcber USB-Kabel wiederaufladbarer Akku. RGB-Farbsteuerung. Nachtlichter mit TV- und Hasenmotiv. Anwendungsgebiete: Kinderschlafzimmer. Nur f\u00fcr Innenraumbeleuchtung. Nachtlicht. Technische Ausstattung: USB-Ladekabel.<\/p>\n","protected":false},"featured_media":586869,"template":"","meta":[],"product_brand":[],"product_cat":[87124],"product_tag":[],"class_list":{"0":"post-586481","1":"product","2":"type-product","3":"status-publish","4":"has-post-thumbnail","6":"product_cat-handleuchte","8":"first","9":"instock","10":"taxable","11":"shipping-taxable","12":"product-type-simple"},"_links":{"self":[{"href":"https:\/\/www.arclite-shop.de\/es\/wp-json\/wp\/v2\/product\/586481","targetHints":{"allow":["GET"]}}],"collection":[{"href":"https:\/\/www.arclite-shop.de\/es\/wp-json\/wp\/v2\/product"}],"about":[{"href":"https:\/\/www.arclite-shop.de\/es\/wp-json\/wp\/v2\/types\/product"}],"wp:featuredmedia":[{"embeddable":true,"href":"https:\/\/www.arclite-shop.de\/es\/wp-json\/wp\/v2\/media\/586869"}],"wp:attachment":[{"href":"https:\/\/www.arclite-shop.de\/es\/wp-json\/wp\/v2\/media?parent=586481"}],"wp:term":[{"taxonomy":"product_brand","embeddable":true,"href":"https:\/\/www.arclite-shop.de\/es\/wp-json\/wp\/v2\/product_brand?post=586481"},{"taxonomy":"product_cat","embeddable":true,"href":"https:\/\/www.arclite-shop.de\/es\/wp-json\/wp\/v2\/product_cat?post=586481"},{"taxonomy":"product_tag","embeddable":true,"href":"https:\/\/www.arclite-shop.de\/es\/wp-json\/wp\/v2\/product_tag?post=586481"}],"curies":[{"name":"wp","href":"https:\/\/api.w.org\/{rel}","templated":true}]}}