{"id":586423,"date":"2025-03-20T10:00:07","date_gmt":"2025-03-20T09:00:07","guid":{"rendered":"https:\/\/www.arclite-shop.de\/produkt\/02-4058075504745\/"},"modified":"2026-04-16T11:08:45","modified_gmt":"2026-04-16T09:08:45","slug":"02-4058075504745","status":"publish","type":"product","link":"https:\/\/www.arclite-shop.de\/es\/produkt\/02-4058075504745\/","title":{"rendered":"Tiras LED decorativas multicolores para aplicaciones exteriores con distribuci\u00f3n homog\u00e9nea de la luz"},"content":{"rendered":"<p>Dekorative mehrfarbige LED-Strips f\u00fcr Au\u00dfenanwendungen mit homogener Lichtverteilung. Produkteigenschaften: Ein- und Ausschalten, Farbwechsel und Dimmen \u00fcber Fernbedienung. Schutzart: IP44. Dimmbar. Produktvorteile: Einfache und schnelle Installation. Anwendungsgebiete: G\u00e4rten, Balkone und andere Au\u00dfenbereiche. Indirekte und direkte Beleuchtung. Wohnr\u00e4ume. Technische Ausstattung: Vollst\u00e4ndiges Montage- und Anschlusszubeh\u00f6r enthalten. Fernbedienung und Batterie im Lieferumfang enthalten.<\/p>\n","protected":false},"excerpt":{"rendered":"<p>Dekorative mehrfarbige LED-Strips f\u00fcr Au\u00dfenanwendungen mit homogener Lichtverteilung. Produkteigenschaften: Ein- und Ausschalten, Farbwechsel und Dimmen \u00fcber Fernbedienung. Schutzart: IP44. Dimmbar. Produktvorteile: Einfache und schnelle Installation. Anwendungsgebiete: G\u00e4rten, Balkone und andere Au\u00dfenbereiche. Indirekte und direkte Beleuchtung. Wohnr\u00e4ume. Technische Ausstattung: Vollst\u00e4ndiges Montage-<span class=\"excerpt-hellip\"> [\u2026]<\/span><\/p>\n","protected":false},"featured_media":587073,"template":"","meta":[],"product_brand":[],"product_cat":[87128],"product_tag":[],"class_list":{"0":"post-586423","1":"product","2":"type-product","3":"status-publish","4":"has-post-thumbnail","6":"product_cat-lichtschlauch-band","8":"first","9":"instock","10":"taxable","11":"shipping-taxable","12":"product-type-simple"},"_links":{"self":[{"href":"https:\/\/www.arclite-shop.de\/es\/wp-json\/wp\/v2\/product\/586423","targetHints":{"allow":["GET"]}}],"collection":[{"href":"https:\/\/www.arclite-shop.de\/es\/wp-json\/wp\/v2\/product"}],"about":[{"href":"https:\/\/www.arclite-shop.de\/es\/wp-json\/wp\/v2\/types\/product"}],"wp:featuredmedia":[{"embeddable":true,"href":"https:\/\/www.arclite-shop.de\/es\/wp-json\/wp\/v2\/media\/587073"}],"wp:attachment":[{"href":"https:\/\/www.arclite-shop.de\/es\/wp-json\/wp\/v2\/media?parent=586423"}],"wp:term":[{"taxonomy":"product_brand","embeddable":true,"href":"https:\/\/www.arclite-shop.de\/es\/wp-json\/wp\/v2\/product_brand?post=586423"},{"taxonomy":"product_cat","embeddable":true,"href":"https:\/\/www.arclite-shop.de\/es\/wp-json\/wp\/v2\/product_cat?post=586423"},{"taxonomy":"product_tag","embeddable":true,"href":"https:\/\/www.arclite-shop.de\/es\/wp-json\/wp\/v2\/product_tag?post=586423"}],"curies":[{"name":"wp","href":"https:\/\/api.w.org\/{rel}","templated":true}]}}