{"id":586393,"date":"2025-03-20T09:59:54","date_gmt":"2025-03-20T08:59:54","guid":{"rendered":"https:\/\/www.arclite-shop.de\/produkt\/02-4058075463806\/"},"modified":"2026-04-16T11:10:45","modified_gmt":"2026-04-16T09:10:45","slug":"02-4058075463806","status":"publish","type":"product","link":"https:\/\/www.arclite-shop.de\/es\/produkt\/02-4058075463806\/","title":{"rendered":"Controles para sistemas inal\u00e1mbricos de gesti\u00f3n de luz con tecnolog\u00eda Zigbee 3.0"},"content":{"rendered":"<p>Zigbee 3.0 Tasterkoppler zur Integration von handels\u00fcblichen Schaltern in ein drahtloses Lichtsteuersystem. Produkteigenschaften: Tasterkoppler mit drahtloser Zigbee 3.0 Technologie. Netzspannung- oder Gleichspannungsbetrieb m\u00f6glich. Produktvorteile: Funktioniert zusammen mit VIVARES ZB Control &amp; Komponenten. Vier komplett programmierbare Eing\u00e4nge f\u00fcr individuelle Steuerung. Steuerung von R\u00e4umen, Gruppen, Ger\u00e4ten und Aufrufen von Szenen. Kleiner Formfaktor erm\u00f6glicht Installation in standardisierte Unterputzdosen. Schnelle und einfache Installation ohne zus\u00e4tzliche Steuerungskabel. Anwendungsgebiete: B\u00fcros. Flure. Klassenzimmer. Schulungsr\u00e4ume. Treppenh\u00e4user. Sanit\u00e4rbereiche.<\/p>\n","protected":false},"excerpt":{"rendered":"<p>Zigbee 3.0 Tasterkoppler zur Integration von handels\u00fcblichen Schaltern in ein drahtloses Lichtsteuersystem. Produkteigenschaften: Tasterkoppler mit drahtloser Zigbee 3.0 Technologie. Netzspannung- oder Gleichspannungsbetrieb m\u00f6glich. Produktvorteile: Funktioniert zusammen mit VIVARES ZB Control &amp; Komponenten. Vier komplett programmierbare Eing\u00e4nge f\u00fcr individuelle Steuerung. Steuerung<span class=\"excerpt-hellip\"> [\u2026]<\/span><\/p>\n","protected":false},"featured_media":587129,"template":"","meta":[],"product_brand":[],"product_cat":[87015],"product_tag":[],"class_list":{"0":"post-586393","1":"product","2":"type-product","3":"status-publish","4":"has-post-thumbnail","6":"product_cat-lichtregelsystemkomponente-ledvance","8":"first","9":"instock","10":"taxable","11":"shipping-taxable","12":"product-type-simple"},"_links":{"self":[{"href":"https:\/\/www.arclite-shop.de\/es\/wp-json\/wp\/v2\/product\/586393","targetHints":{"allow":["GET"]}}],"collection":[{"href":"https:\/\/www.arclite-shop.de\/es\/wp-json\/wp\/v2\/product"}],"about":[{"href":"https:\/\/www.arclite-shop.de\/es\/wp-json\/wp\/v2\/types\/product"}],"wp:featuredmedia":[{"embeddable":true,"href":"https:\/\/www.arclite-shop.de\/es\/wp-json\/wp\/v2\/media\/587129"}],"wp:attachment":[{"href":"https:\/\/www.arclite-shop.de\/es\/wp-json\/wp\/v2\/media?parent=586393"}],"wp:term":[{"taxonomy":"product_brand","embeddable":true,"href":"https:\/\/www.arclite-shop.de\/es\/wp-json\/wp\/v2\/product_brand?post=586393"},{"taxonomy":"product_cat","embeddable":true,"href":"https:\/\/www.arclite-shop.de\/es\/wp-json\/wp\/v2\/product_cat?post=586393"},{"taxonomy":"product_tag","embeddable":true,"href":"https:\/\/www.arclite-shop.de\/es\/wp-json\/wp\/v2\/product_tag?post=586393"}],"curies":[{"name":"wp","href":"https:\/\/api.w.org\/{rel}","templated":true}]}}