{"id":359790,"date":"2024-11-18T12:49:39","date_gmt":"2024-11-18T11:49:39","guid":{"rendered":"https:\/\/www.arclite-shop.de\/produkt\/02-4099854086342\/"},"modified":"2026-04-16T13:01:43","modified_gmt":"2026-04-16T11:01:43","slug":"02-4099854086342","status":"publish","type":"product","link":"https:\/\/www.arclite-shop.de\/es\/produkt\/02-4099854086342\/","title":{"rendered":"L\u00e1mpara profesional LED para edificios comerciales de corriente alterna\/corriente continua"},"content":{"rendered":"<p>Professionelle LED Lampe f\u00fcr Betriebsb\u00e4ude AC\/DC. Produkteigenschaften: LED Lampe kompatibel mit Notstromsystemen. Hohe Schaltfestigkeit: 500.000. Produktvorteile: Licht f\u00fcr AC\/DC system (AC 220-240V, DC 176-250V). Hohe Schaltfestigkeit erm\u00f6glicht lange Lebensdauer bei Bedienung mit Bewegungsmelder. Sehr lange Lebensdauer von bis zu 25.000 h. Anwendungsgebiete: \u00d6ffentliche Pl\u00e4tze und Geb\u00e4ude: Treppenh\u00e4user, G\u00e4nge, Notausg\u00e4nge, Keller. Au\u00dfenanwendungen nur in geeigneten Leuchten.<\/p>\n","protected":false},"excerpt":{"rendered":"<p>Professionelle LED Lampe f\u00fcr Betriebsb\u00e4ude AC\/DC. Produkteigenschaften: LED Lampe kompatibel mit Notstromsystemen. Hohe Schaltfestigkeit: 500.000. Produktvorteile: Licht f\u00fcr AC\/DC system (AC 220-240V, DC 176-250V). Hohe Schaltfestigkeit erm\u00f6glicht lange Lebensdauer bei Bedienung mit Bewegungsmelder. Sehr lange Lebensdauer von bis zu 25.000<span class=\"excerpt-hellip\"> [\u2026]<\/span><\/p>\n","protected":false},"featured_media":363505,"template":"","meta":[],"product_brand":[],"product_cat":[87060],"product_tag":[],"class_list":{"0":"post-359790","1":"product","2":"type-product","3":"status-publish","4":"has-post-thumbnail","6":"product_cat-led-lampe-multi-led","8":"first","9":"instock","10":"taxable","11":"shipping-taxable","12":"product-type-simple"},"_links":{"self":[{"href":"https:\/\/www.arclite-shop.de\/es\/wp-json\/wp\/v2\/product\/359790","targetHints":{"allow":["GET"]}}],"collection":[{"href":"https:\/\/www.arclite-shop.de\/es\/wp-json\/wp\/v2\/product"}],"about":[{"href":"https:\/\/www.arclite-shop.de\/es\/wp-json\/wp\/v2\/types\/product"}],"wp:featuredmedia":[{"embeddable":true,"href":"https:\/\/www.arclite-shop.de\/es\/wp-json\/wp\/v2\/media\/363505"}],"wp:attachment":[{"href":"https:\/\/www.arclite-shop.de\/es\/wp-json\/wp\/v2\/media?parent=359790"}],"wp:term":[{"taxonomy":"product_brand","embeddable":true,"href":"https:\/\/www.arclite-shop.de\/es\/wp-json\/wp\/v2\/product_brand?post=359790"},{"taxonomy":"product_cat","embeddable":true,"href":"https:\/\/www.arclite-shop.de\/es\/wp-json\/wp\/v2\/product_cat?post=359790"},{"taxonomy":"product_tag","embeddable":true,"href":"https:\/\/www.arclite-shop.de\/es\/wp-json\/wp\/v2\/product_tag?post=359790"}],"curies":[{"name":"wp","href":"https:\/\/api.w.org\/{rel}","templated":true}]}}