{"id":359779,"date":"2024-11-18T12:49:27","date_gmt":"2024-11-18T11:49:27","guid":{"rendered":"https:\/\/www.arclite-shop.de\/produkt\/02-4099854075483\/"},"modified":"2026-04-16T13:04:49","modified_gmt":"2026-04-16T11:04:49","slug":"02-4099854075483","status":"publish","type":"product","link":"https:\/\/www.arclite-shop.de\/es\/produkt\/02-4099854075483\/","title":{"rendered":"Bombillas LED con CRI 97, formas A B P"},"content":{"rendered":"<p>LED-Lampen mit CRI 97, A B P Formen. Produkteigenschaften: LED-Lampen f\u00fcr Netzspannung. Farbwiedergabeindex Ra \u2265 97. Produktvorteile: Design, Abmessungen, Lichtstrom vergleichbar mit einer Halogenlampe. Nat\u00fcrliches Lichtspektrum mit hervorragender Farbwiedergabe von CRI &gt; 97. Stark reduzierter Blauanteil. Verbesserter Sehkomfort und geringere Augenbelastung. Sehr geringer Energieverbrauch. Sofort 100 % Licht, keine Aufw\u00e4rmzeit. Geringes flackern. Anwendungsgebiete: Anwendungen im Haushalt. Allgemeinbeleuchtung. Einsatz im Au\u00dfenbereich nur in geeigneten Au\u00dfenleuchten.<\/p>\n","protected":false},"excerpt":{"rendered":"<p>LED-Lampen mit CRI 97, A B P Formen. Produkteigenschaften: LED-Lampen f\u00fcr Netzspannung. Farbwiedergabeindex Ra \u2265 97. Produktvorteile: Design, Abmessungen, Lichtstrom vergleichbar mit einer Halogenlampe. Nat\u00fcrliches Lichtspektrum mit hervorragender Farbwiedergabe von CRI &gt; 97. Stark reduzierter Blauanteil. Verbesserter Sehkomfort und geringere<span class=\"excerpt-hellip\"> [\u2026]<\/span><\/p>\n","protected":false},"featured_media":363525,"template":"","meta":[],"product_brand":[],"product_cat":[87060],"product_tag":[],"class_list":{"0":"post-359779","1":"product","2":"type-product","3":"status-publish","4":"has-post-thumbnail","6":"product_cat-led-lampe-multi-led","8":"first","9":"instock","10":"taxable","11":"shipping-taxable","12":"product-type-simple"},"_links":{"self":[{"href":"https:\/\/www.arclite-shop.de\/es\/wp-json\/wp\/v2\/product\/359779","targetHints":{"allow":["GET"]}}],"collection":[{"href":"https:\/\/www.arclite-shop.de\/es\/wp-json\/wp\/v2\/product"}],"about":[{"href":"https:\/\/www.arclite-shop.de\/es\/wp-json\/wp\/v2\/types\/product"}],"wp:featuredmedia":[{"embeddable":true,"href":"https:\/\/www.arclite-shop.de\/es\/wp-json\/wp\/v2\/media\/363525"}],"wp:attachment":[{"href":"https:\/\/www.arclite-shop.de\/es\/wp-json\/wp\/v2\/media?parent=359779"}],"wp:term":[{"taxonomy":"product_brand","embeddable":true,"href":"https:\/\/www.arclite-shop.de\/es\/wp-json\/wp\/v2\/product_brand?post=359779"},{"taxonomy":"product_cat","embeddable":true,"href":"https:\/\/www.arclite-shop.de\/es\/wp-json\/wp\/v2\/product_cat?post=359779"},{"taxonomy":"product_tag","embeddable":true,"href":"https:\/\/www.arclite-shop.de\/es\/wp-json\/wp\/v2\/product_tag?post=359779"}],"curies":[{"name":"wp","href":"https:\/\/api.w.org\/{rel}","templated":true}]}}