{"id":359571,"date":"2024-11-14T17:51:16","date_gmt":"2024-11-14T16:51:16","guid":{"rendered":"https:\/\/www.arclite-shop.de\/produkt\/02-4099854097959\/"},"modified":"2026-04-16T13:18:00","modified_gmt":"2026-04-16T11:18:00","slug":"02-4099854097959","status":"publish","type":"product","link":"https:\/\/www.arclite-shop.de\/es\/produkt\/02-4099854097959\/","title":{"rendered":"Anillo intercambiable para AJUSTE DE COMBO SPOT en forma redonda y cuadrada"},"content":{"rendered":"<p>Austauschbarer Ring f\u00fcr SPOT COMBO ADJUST in runder und quadratischer Form. Produkteigenschaften: Verf\u00fcgbar in runder und quadratischer Form. Verf\u00fcgbar in drei verschiedenen Farben: weiss, schwarz und geb\u00fcrsteter Nickel. Material: Aluminium. Produktvorteile: Elegantes Design.<\/p>\n","protected":false},"excerpt":{"rendered":"<p>Austauschbarer Ring f\u00fcr SPOT COMBO ADJUST in runder und quadratischer Form. Produkteigenschaften: Verf\u00fcgbar in runder und quadratischer Form. Verf\u00fcgbar in drei verschiedenen Farben: weiss, schwarz und geb\u00fcrsteter Nickel. Material: Aluminium. Produktvorteile: Elegantes Design.<\/p>\n","protected":false},"featured_media":363567,"template":"","meta":[],"product_brand":[],"product_cat":[87054],"product_tag":[],"class_list":{"0":"post-359571","1":"product","2":"type-product","3":"status-publish","4":"has-post-thumbnail","6":"product_cat-mechanisches-zubehoer-ersatzteile-fuer-leuchten-ledvance","8":"first","9":"instock","10":"taxable","11":"shipping-taxable","12":"product-type-simple"},"_links":{"self":[{"href":"https:\/\/www.arclite-shop.de\/es\/wp-json\/wp\/v2\/product\/359571","targetHints":{"allow":["GET"]}}],"collection":[{"href":"https:\/\/www.arclite-shop.de\/es\/wp-json\/wp\/v2\/product"}],"about":[{"href":"https:\/\/www.arclite-shop.de\/es\/wp-json\/wp\/v2\/types\/product"}],"wp:featuredmedia":[{"embeddable":true,"href":"https:\/\/www.arclite-shop.de\/es\/wp-json\/wp\/v2\/media\/363567"}],"wp:attachment":[{"href":"https:\/\/www.arclite-shop.de\/es\/wp-json\/wp\/v2\/media?parent=359571"}],"wp:term":[{"taxonomy":"product_brand","embeddable":true,"href":"https:\/\/www.arclite-shop.de\/es\/wp-json\/wp\/v2\/product_brand?post=359571"},{"taxonomy":"product_cat","embeddable":true,"href":"https:\/\/www.arclite-shop.de\/es\/wp-json\/wp\/v2\/product_cat?post=359571"},{"taxonomy":"product_tag","embeddable":true,"href":"https:\/\/www.arclite-shop.de\/es\/wp-json\/wp\/v2\/product_tag?post=359571"}],"curies":[{"name":"wp","href":"https:\/\/api.w.org\/{rel}","templated":true}]}}