{"id":359568,"date":"2024-11-14T17:51:14","date_gmt":"2024-11-14T16:51:14","guid":{"rendered":"https:\/\/www.arclite-shop.de\/produkt\/02-4099854092701\/"},"modified":"2026-04-16T13:18:55","modified_gmt":"2026-04-16T11:18:55","slug":"02-4099854092701","status":"publish","type":"product","link":"https:\/\/www.arclite-shop.de\/es\/produkt\/02-4099854092701\/","title":{"rendered":"Espacio cubrible con CCT y Power Select (CPS) en versi\u00f3n fija"},"content":{"rendered":"<p>Abdeckbarer Spot mit CCT und Power Select (CPS) in fester Ausf\u00fchrung. Produkteigenschaften: Farbtemperatur-Schalter (CCT): 2700 K, 3000 K, 4000 K. Power Select Option erh\u00e4ltlich um zwischen zwei Lichtstr\u00f6men zu w\u00e4hlen. Schutzart: IP65. Geh\u00e4usematerial: Polycarbonat (PC). Produktvorteile: Einstellung der Farbtemperatur \u00fcber einen Schalter auf der R\u00fcckseite des Spots. Power select: Anpassung der Helligkeit \u00fcber einen Schalter am Treiber. Abdeckbar mit den meisten Isoliermaterialien. 5 Jahre Garantie. Anwendungsgebiete: Direkter Ersatz f\u00fcr Einbaustrahler mit Halogenlampen. Allgemeinbeleuchtung. Hotelzimmer und Korridore. Bars, Restaurants. Wohnr\u00e4ume. Technische Ausstattung: Bereits mit wei\u00dfem runden Ring ausgestattet. Zus\u00e4tzliche Abdeckringe separat erh\u00e4ltlich in runder und quadratischer Form und in verschiedenen Farben.<\/p>\n","protected":false},"excerpt":{"rendered":"<p>Abdeckbarer Spot mit CCT und Power Select (CPS) in fester Ausf\u00fchrung. Produkteigenschaften: Farbtemperatur-Schalter (CCT): 2700 K, 3000 K, 4000 K. Power Select Option erh\u00e4ltlich um zwischen zwei Lichtstr\u00f6men zu w\u00e4hlen. Schutzart: IP65. Geh\u00e4usematerial: Polycarbonat (PC). Produktvorteile: Einstellung der Farbtemperatur \u00fcber<span class=\"excerpt-hellip\"> [\u2026]<\/span><\/p>\n","protected":false},"featured_media":363571,"template":"","meta":[],"product_brand":[],"product_cat":[87053],"product_tag":[],"class_list":{"0":"post-359568","1":"product","2":"type-product","3":"status-publish","4":"has-post-thumbnail","6":"product_cat-downlight-strahler-flutlicht","8":"first","9":"instock","10":"taxable","11":"shipping-taxable","12":"product-type-simple"},"_links":{"self":[{"href":"https:\/\/www.arclite-shop.de\/es\/wp-json\/wp\/v2\/product\/359568","targetHints":{"allow":["GET"]}}],"collection":[{"href":"https:\/\/www.arclite-shop.de\/es\/wp-json\/wp\/v2\/product"}],"about":[{"href":"https:\/\/www.arclite-shop.de\/es\/wp-json\/wp\/v2\/types\/product"}],"wp:featuredmedia":[{"embeddable":true,"href":"https:\/\/www.arclite-shop.de\/es\/wp-json\/wp\/v2\/media\/363571"}],"wp:attachment":[{"href":"https:\/\/www.arclite-shop.de\/es\/wp-json\/wp\/v2\/media?parent=359568"}],"wp:term":[{"taxonomy":"product_brand","embeddable":true,"href":"https:\/\/www.arclite-shop.de\/es\/wp-json\/wp\/v2\/product_brand?post=359568"},{"taxonomy":"product_cat","embeddable":true,"href":"https:\/\/www.arclite-shop.de\/es\/wp-json\/wp\/v2\/product_cat?post=359568"},{"taxonomy":"product_tag","embeddable":true,"href":"https:\/\/www.arclite-shop.de\/es\/wp-json\/wp\/v2\/product_tag?post=359568"}],"curies":[{"name":"wp","href":"https:\/\/api.w.org\/{rel}","templated":true}]}}