{"id":359561,"date":"2024-11-14T17:51:07","date_gmt":"2024-11-14T16:51:07","guid":{"rendered":"https:\/\/www.arclite-shop.de\/produkt\/02-4099854118098\/"},"modified":"2026-04-16T13:30:21","modified_gmt":"2026-04-16T11:30:21","slug":"02-4099854118098","status":"publish","type":"product","link":"https:\/\/www.arclite-shop.de\/es\/produkt\/02-4099854118098\/","title":{"rendered":"Luminarias impermeables para l\u00e1mparas LED T8 con abrazadera para luminarias sin herramientas"},"content":{"rendered":"<p>Feuchtraumleuchten f\u00fcr T8-LED-Lampen mit werkzeugloser Leuchtenklemme. Produkteigenschaften: Leuchtengeh\u00e4use, verf\u00fcgbar f\u00fcr 1 oder 2 T8-LED-R\u00f6hren. Geeignet f\u00fcr LED TUBE T8 EM und LED TUBE T8 CONNECTED. Schutzart: IP65. Integrierte elektrische Sicherung. Produktvorteile: Einfache und schnelle Installation. Vorverdrahtet f\u00fcr die einfache Installation von r\u00f6hrenf\u00f6rmigen AC-LED-Lampen. Werkzeuglose Installation. Robustes Geh\u00e4use. Nachhaltige L\u00f6sung dank austauschbarer Lichtquellen. 5 Jahre Garantie. Anwendungsgebiete: Parkgaragen, Lagerfl\u00e4chen, Fertigungsbereiche. Parkpl\u00e4tze und Unterf\u00fchrungen. Garagen. Technische Ausstattung: Erforderliches Zubeh\u00f6r enthalten. Durchgangsverdrahtungs-Set verf\u00fcgbar.<\/p>\n","protected":false},"excerpt":{"rendered":"<p>Feuchtraumleuchten f\u00fcr T8-LED-Lampen mit werkzeugloser Leuchtenklemme. Produkteigenschaften: Leuchtengeh\u00e4use, verf\u00fcgbar f\u00fcr 1 oder 2 T8-LED-R\u00f6hren. Geeignet f\u00fcr LED TUBE T8 EM und LED TUBE T8 CONNECTED. Schutzart: IP65. Integrierte elektrische Sicherung. Produktvorteile: Einfache und schnelle Installation. Vorverdrahtet f\u00fcr die einfache Installation<span class=\"excerpt-hellip\"> [\u2026]<\/span><\/p>\n","protected":false},"featured_media":363583,"template":"","meta":[],"product_brand":[],"product_cat":[87052],"product_tag":[],"class_list":{"0":"post-359561","1":"product","2":"type-product","3":"status-publish","4":"has-post-thumbnail","6":"product_cat-decken-wandleuchte","8":"first","9":"instock","10":"taxable","11":"shipping-taxable","12":"product-type-simple"},"_links":{"self":[{"href":"https:\/\/www.arclite-shop.de\/es\/wp-json\/wp\/v2\/product\/359561","targetHints":{"allow":["GET"]}}],"collection":[{"href":"https:\/\/www.arclite-shop.de\/es\/wp-json\/wp\/v2\/product"}],"about":[{"href":"https:\/\/www.arclite-shop.de\/es\/wp-json\/wp\/v2\/types\/product"}],"wp:featuredmedia":[{"embeddable":true,"href":"https:\/\/www.arclite-shop.de\/es\/wp-json\/wp\/v2\/media\/363583"}],"wp:attachment":[{"href":"https:\/\/www.arclite-shop.de\/es\/wp-json\/wp\/v2\/media?parent=359561"}],"wp:term":[{"taxonomy":"product_brand","embeddable":true,"href":"https:\/\/www.arclite-shop.de\/es\/wp-json\/wp\/v2\/product_brand?post=359561"},{"taxonomy":"product_cat","embeddable":true,"href":"https:\/\/www.arclite-shop.de\/es\/wp-json\/wp\/v2\/product_cat?post=359561"},{"taxonomy":"product_tag","embeddable":true,"href":"https:\/\/www.arclite-shop.de\/es\/wp-json\/wp\/v2\/product_tag?post=359561"}],"curies":[{"name":"wp","href":"https:\/\/api.w.org\/{rel}","templated":true}]}}