{"id":359547,"date":"2024-11-14T17:50:54","date_gmt":"2024-11-14T16:50:54","guid":{"rendered":"https:\/\/www.arclite-shop.de\/produkt\/02-4099854069871\/"},"modified":"2026-04-16T13:38:53","modified_gmt":"2026-04-16T11:38:53","slug":"02-4099854069871","status":"publish","type":"product","link":"https:\/\/www.arclite-shop.de\/es\/produkt\/02-4099854069871\/","title":{"rendered":"L\u00e1mparas LED, forma cl\u00e1sica de mini vela"},"content":{"rendered":"<p>LED-Lampen, klassische Miniballform. Produkteigenschaften: LED-Alternative zu konventionellen Lampen. Nicht dimmbar. Gute Farbwiedergabe (Ra \u2265 80) und Farbstabilit\u00e4t \u00fcber die gesamte Lampenlebensdauer. Produktvorteile: Sehr geringer Energieverbrauch. Einfacher Austausch gegen herk\u00f6mmliche Gl\u00fchlampen. Sofort 100 % Licht, keine Aufw\u00e4rmzeit. Anwendungsgebiete: Allgemeinbeleuchtung. Anwendungen im Haushalt. Kronleuchter. Einsatz im Au\u00dfenbereich nur in geeigneten Au\u00dfenleuchten.<\/p>\n","protected":false},"excerpt":{"rendered":"<p>LED-Lampen, klassische Miniballform. Produkteigenschaften: LED-Alternative zu konventionellen Lampen. Nicht dimmbar. Gute Farbwiedergabe (Ra \u2265 80) und Farbstabilit\u00e4t \u00fcber die gesamte Lampenlebensdauer. Produktvorteile: Sehr geringer Energieverbrauch. Einfacher Austausch gegen herk\u00f6mmliche Gl\u00fchlampen. Sofort 100 % Licht, keine Aufw\u00e4rmzeit. Anwendungsgebiete: Allgemeinbeleuchtung. Anwendungen im<span class=\"excerpt-hellip\"> [\u2026]<\/span><\/p>\n","protected":false},"featured_media":363613,"template":"","meta":[],"product_brand":[],"product_cat":[87060],"product_tag":[],"class_list":{"0":"post-359547","1":"product","2":"type-product","3":"status-publish","4":"has-post-thumbnail","6":"product_cat-led-lampe-multi-led","8":"first","9":"instock","10":"taxable","11":"shipping-taxable","12":"product-type-simple"},"_links":{"self":[{"href":"https:\/\/www.arclite-shop.de\/es\/wp-json\/wp\/v2\/product\/359547","targetHints":{"allow":["GET"]}}],"collection":[{"href":"https:\/\/www.arclite-shop.de\/es\/wp-json\/wp\/v2\/product"}],"about":[{"href":"https:\/\/www.arclite-shop.de\/es\/wp-json\/wp\/v2\/types\/product"}],"wp:featuredmedia":[{"embeddable":true,"href":"https:\/\/www.arclite-shop.de\/es\/wp-json\/wp\/v2\/media\/363613"}],"wp:attachment":[{"href":"https:\/\/www.arclite-shop.de\/es\/wp-json\/wp\/v2\/media?parent=359547"}],"wp:term":[{"taxonomy":"product_brand","embeddable":true,"href":"https:\/\/www.arclite-shop.de\/es\/wp-json\/wp\/v2\/product_brand?post=359547"},{"taxonomy":"product_cat","embeddable":true,"href":"https:\/\/www.arclite-shop.de\/es\/wp-json\/wp\/v2\/product_cat?post=359547"},{"taxonomy":"product_tag","embeddable":true,"href":"https:\/\/www.arclite-shop.de\/es\/wp-json\/wp\/v2\/product_tag?post=359547"}],"curies":[{"name":"wp","href":"https:\/\/api.w.org\/{rel}","templated":true}]}}