{"id":359501,"date":"2024-11-14T17:50:06","date_gmt":"2024-11-14T16:50:06","guid":{"rendered":"https:\/\/www.arclite-shop.de\/produkt\/02-4099854048807\/"},"modified":"2026-04-16T13:49:55","modified_gmt":"2026-04-16T11:49:55","slug":"02-4099854048807","status":"publish","type":"product","link":"https:\/\/www.arclite-shop.de\/es\/produkt\/02-4099854048807\/","title":{"rendered":"L\u00e1mparas LED, forma cl\u00e1sica de bombilla"},"content":{"rendered":"<p>LED-Lampen, klassische Kolbenform. Produkteigenschaften: Professionelle LED-Lampen f\u00fcr Netzspannung. Nicht dimmbar. Lebensdauer: bis zu 15.000 h. Gute Lichtqualit\u00e4t; Farbwiedergabeindex Ra: \u2265 80; konstanter Farbort. Produktvorteile: Geringer Energieverbrauch. Einfacher Ersatz von klassischen Lampen dank kompaktem Design. Sofort 100 % Licht, keine Aufw\u00e4rmzeit. Anwendungsgebiete: Anwendungen im Haushalt. Allgemeinbeleuchtung. Einsatz im Au\u00dfenbereich nur in geeigneten Au\u00dfenleuchten.<\/p>\n","protected":false},"excerpt":{"rendered":"<p>LED-Lampen, klassische Kolbenform. Produkteigenschaften: Professionelle LED-Lampen f\u00fcr Netzspannung. Nicht dimmbar. Lebensdauer: bis zu 15.000 h. Gute Lichtqualit\u00e4t; Farbwiedergabeindex Ra: \u2265 80; konstanter Farbort. Produktvorteile: Geringer Energieverbrauch. Einfacher Ersatz von klassischen Lampen dank kompaktem Design. Sofort 100 % Licht, keine Aufw\u00e4rmzeit.<span class=\"excerpt-hellip\"> [\u2026]<\/span><\/p>\n","protected":false},"featured_media":363752,"template":"","meta":[],"product_brand":[],"product_cat":[87060],"product_tag":[],"class_list":{"0":"post-359501","1":"product","2":"type-product","3":"status-publish","4":"has-post-thumbnail","6":"product_cat-led-lampe-multi-led","8":"first","9":"instock","10":"taxable","11":"shipping-taxable","12":"product-type-simple"},"_links":{"self":[{"href":"https:\/\/www.arclite-shop.de\/es\/wp-json\/wp\/v2\/product\/359501","targetHints":{"allow":["GET"]}}],"collection":[{"href":"https:\/\/www.arclite-shop.de\/es\/wp-json\/wp\/v2\/product"}],"about":[{"href":"https:\/\/www.arclite-shop.de\/es\/wp-json\/wp\/v2\/types\/product"}],"wp:featuredmedia":[{"embeddable":true,"href":"https:\/\/www.arclite-shop.de\/es\/wp-json\/wp\/v2\/media\/363752"}],"wp:attachment":[{"href":"https:\/\/www.arclite-shop.de\/es\/wp-json\/wp\/v2\/media?parent=359501"}],"wp:term":[{"taxonomy":"product_brand","embeddable":true,"href":"https:\/\/www.arclite-shop.de\/es\/wp-json\/wp\/v2\/product_brand?post=359501"},{"taxonomy":"product_cat","embeddable":true,"href":"https:\/\/www.arclite-shop.de\/es\/wp-json\/wp\/v2\/product_cat?post=359501"},{"taxonomy":"product_tag","embeddable":true,"href":"https:\/\/www.arclite-shop.de\/es\/wp-json\/wp\/v2\/product_tag?post=359501"}],"curies":[{"name":"wp","href":"https:\/\/api.w.org\/{rel}","templated":true}]}}