{"id":359470,"date":"2024-11-14T17:49:34","date_gmt":"2024-11-14T16:49:34","guid":{"rendered":"https:\/\/www.arclite-shop.de\/produkt\/02-4058075236400\/"},"modified":"2026-04-16T14:06:48","modified_gmt":"2026-04-16T12:06:48","slug":"02-4058075236400","status":"publish","type":"product","link":"https:\/\/www.arclite-shop.de\/es\/produkt\/02-4058075236400\/","title":{"rendered":"Tiras LED de alto rendimiento con 600 lm\/m para aplicaciones exigentes"},"content":{"rendered":"<p>Leistungsstarke LED-B\u00e4nder mit 600 lm\/m f\u00fcr anspruchsvolle Anwendungen. Produkteigenschaften: Flexibles und teilbares LED-Band. Kleinste teilbare Einheit: 100 mm. Lebensdauer (L70\/B50): bis zu 35.000 h bei Tc max.: 75\u00b0C. Lichtstrom: 600 lm\/m. Farbwiedergabeindex Ra: &gt; 80. Anf\u00e4ngliche Farbkonsistenz: \u2264 4 SDCM (Schwellwerteinheit). Gro\u00dfes Spektrum an Farbtemperaturen: von Warmwei\u00df bis k\u00fchles Tageslicht. Dimmbar mit geeigneten Treibern, siehe auchwww.ledvance.de\/dim). Produktvorteile: Gro\u00dfe Designfreiheit dank langer, flexible LED-Lichtb\u00e4nder. Einfache Installation, werkzeugloser Anschluss. Einfache Montage an vielen glatten Oberfl\u00e4chen durch selbstklebendes Klebeband. Maximale Flexibilit\u00e4t dank gro\u00dfer Auswahl an Zubeh\u00f6r. Einfacher Anschluss durch beidseitig integrierte Kabel. Anwendungsgebiete: Allgemeine Innenbeleuchtung. Industrie. B\u00fcros, Verkaufs- und Konferenzr\u00e4ume. Architekturbeleuchtung. Dekorative Beleuchtung. Technische Ausstattung: Verbindungen, Profile und Abdeckungen f\u00fcr verschiedene Montagem\u00f6glichkeiten verf\u00fcgbar.<\/p>\n","protected":false},"excerpt":{"rendered":"<p>Leistungsstarke LED-B\u00e4nder mit 600 lm\/m f\u00fcr anspruchsvolle Anwendungen. Produkteigenschaften: Flexibles und teilbares LED-Band. Kleinste teilbare Einheit: 100 mm. Lebensdauer (L70\/B50): bis zu 35.000 h bei Tc max.: 75\u00b0C. Lichtstrom: 600 lm\/m. Farbwiedergabeindex Ra: &gt; 80. Anf\u00e4ngliche Farbkonsistenz: \u2264 4 SDCM<span class=\"excerpt-hellip\"> [\u2026]<\/span><\/p>\n","protected":false},"featured_media":363790,"template":"","meta":[],"product_brand":[],"product_cat":[87128],"product_tag":[],"class_list":{"0":"post-359470","1":"product","2":"type-product","3":"status-publish","4":"has-post-thumbnail","6":"product_cat-lichtschlauch-band","8":"first","9":"instock","10":"taxable","11":"shipping-taxable","12":"product-type-simple"},"_links":{"self":[{"href":"https:\/\/www.arclite-shop.de\/es\/wp-json\/wp\/v2\/product\/359470","targetHints":{"allow":["GET"]}}],"collection":[{"href":"https:\/\/www.arclite-shop.de\/es\/wp-json\/wp\/v2\/product"}],"about":[{"href":"https:\/\/www.arclite-shop.de\/es\/wp-json\/wp\/v2\/types\/product"}],"wp:featuredmedia":[{"embeddable":true,"href":"https:\/\/www.arclite-shop.de\/es\/wp-json\/wp\/v2\/media\/363790"}],"wp:attachment":[{"href":"https:\/\/www.arclite-shop.de\/es\/wp-json\/wp\/v2\/media?parent=359470"}],"wp:term":[{"taxonomy":"product_brand","embeddable":true,"href":"https:\/\/www.arclite-shop.de\/es\/wp-json\/wp\/v2\/product_brand?post=359470"},{"taxonomy":"product_cat","embeddable":true,"href":"https:\/\/www.arclite-shop.de\/es\/wp-json\/wp\/v2\/product_cat?post=359470"},{"taxonomy":"product_tag","embeddable":true,"href":"https:\/\/www.arclite-shop.de\/es\/wp-json\/wp\/v2\/product_tag?post=359470"}],"curies":[{"name":"wp","href":"https:\/\/api.w.org\/{rel}","templated":true}]}}