{"id":359455,"date":"2024-11-14T17:49:18","date_gmt":"2024-11-14T16:49:18","guid":{"rendered":"https:\/\/www.arclite-shop.de\/produkt\/02-4099854108402\/"},"modified":"2026-04-16T14:12:58","modified_gmt":"2026-04-16T12:12:58","slug":"02-4099854108402","status":"publish","type":"product","link":"https:\/\/www.arclite-shop.de\/es\/produkt\/02-4099854108402\/","title":{"rendered":"KIT DE CONVERSI\u00d3N DE TUBO LED T5 L\u00c1MPARA \u00daNICA 1149 mm 26W 840"},"content":{"rendered":"<p>T5 LED-R\u00f6hren inklusive Umr\u00fcstkit f\u00fcr einflammige Leuchten. Produkteigenschaften: Enth\u00e4lt 10 LED TUBE T5 220-240V AC LED-R\u00f6hren und 10 Umr\u00fcstkits f\u00fcr einflammige Leuchten. Umr\u00fcstkit enth\u00e4lt alle f\u00fcr die Umverdrahtung ben\u00f6tigten Materialen. Detaillierte Schritt-f\u00fcr-Schritt-Anleitung f\u00fcr garantierte T\u00dcV-Zertifizierung verf\u00fcgbar. LED-Ersatz f\u00fcr Leuchtstofflampen mit G5-Sockel an Netzspannung. Lampenr\u00f6hre aus Glas mit Splitterschutz f\u00fcr Anwendungen z.B. in der Lebensmittelindustrie. Hohe Farbkonsistenz: \u2264 5 SDCM (Schwellwerteinheit). Lebensdauer: bis zu 50.000 h. Flimmerarm nach EU 2019\/2020 (SVM \u22640,4 \/ PstLM \u2264 1). Schutzart: IP20. Produktvorteile: Umbau ben\u00f6tigt nur ca. 5 Minuten pro Leuchte. Keine EVG-Kompatibilit\u00e4tsprobleme. Keine Wartung des EVGs mehr notwendig. Kein Durchh\u00e4ngen dank Glastechnik. Splitterschutz dank spezieller PET-Beschichtung. Hoher Lichtstrom f\u00fcr anspruchsvolle Beleuchtungsaufgaben. Anwendungsgebiete: Allgemeinbeleuchtung in Umgebungstemperaturen von -20\u2026+45 \u00b0C. B\u00fcros, \u00f6ffentliche Einrichtungen. Superm\u00e4rkte und Warenh\u00e4user. Industrie.<\/p>\n","protected":false},"excerpt":{"rendered":"<p>T5 LED-R\u00f6hren inklusive Umr\u00fcstkit f\u00fcr einflammige Leuchten. Produkteigenschaften: Enth\u00e4lt 10 LED TUBE T5 220-240V AC LED-R\u00f6hren und 10 Umr\u00fcstkits f\u00fcr einflammige Leuchten. Umr\u00fcstkit enth\u00e4lt alle f\u00fcr die Umverdrahtung ben\u00f6tigten Materialen. Detaillierte Schritt-f\u00fcr-Schritt-Anleitung f\u00fcr garantierte T\u00dcV-Zertifizierung verf\u00fcgbar. LED-Ersatz f\u00fcr Leuchtstofflampen mit<span class=\"excerpt-hellip\"> [\u2026]<\/span><\/p>\n","protected":false},"featured_media":363798,"template":"","meta":[],"product_brand":[],"product_cat":[87060],"product_tag":[],"class_list":{"0":"post-359455","1":"product","2":"type-product","3":"status-publish","4":"has-post-thumbnail","6":"product_cat-led-lampe-multi-led","8":"first","9":"instock","10":"taxable","11":"shipping-taxable","12":"product-type-simple"},"_links":{"self":[{"href":"https:\/\/www.arclite-shop.de\/es\/wp-json\/wp\/v2\/product\/359455","targetHints":{"allow":["GET"]}}],"collection":[{"href":"https:\/\/www.arclite-shop.de\/es\/wp-json\/wp\/v2\/product"}],"about":[{"href":"https:\/\/www.arclite-shop.de\/es\/wp-json\/wp\/v2\/types\/product"}],"wp:featuredmedia":[{"embeddable":true,"href":"https:\/\/www.arclite-shop.de\/es\/wp-json\/wp\/v2\/media\/363798"}],"wp:attachment":[{"href":"https:\/\/www.arclite-shop.de\/es\/wp-json\/wp\/v2\/media?parent=359455"}],"wp:term":[{"taxonomy":"product_brand","embeddable":true,"href":"https:\/\/www.arclite-shop.de\/es\/wp-json\/wp\/v2\/product_brand?post=359455"},{"taxonomy":"product_cat","embeddable":true,"href":"https:\/\/www.arclite-shop.de\/es\/wp-json\/wp\/v2\/product_cat?post=359455"},{"taxonomy":"product_tag","embeddable":true,"href":"https:\/\/www.arclite-shop.de\/es\/wp-json\/wp\/v2\/product_tag?post=359455"}],"curies":[{"name":"wp","href":"https:\/\/api.w.org\/{rel}","templated":true}]}}