{"id":355248,"date":"2024-10-31T18:17:22","date_gmt":"2024-10-31T17:17:22","guid":{"rendered":"https:\/\/www.arclite-shop.de\/produkt\/886-aa22736-02-63\/"},"modified":"2026-04-16T15:25:28","modified_gmt":"2026-04-16T13:25:28","slug":"886-aa22736-02-63","status":"publish","type":"product","link":"https:\/\/www.arclite-shop.de\/es\/produkt\/886-aa22736-02-63\/","title":{"rendered":"Highbay H40 - Luminarias industriales negras  150\/200\/240W 90\u00b0 4000K\/5000K CRI80 886-AA22736.02.63"},"content":{"rendered":"<p>Hochleistungs LED Hallenpendelleuchte f\u00fcr anspruchsvolle Industrieanwendungen. Hohe Flexibilit\u00e4t durch einstellbare Leistung und Farbtemperatur. Ideal zur Ausleuchtung in Fabriken, Lagerhallen und K\u00fchlh\u00e4usern. Hochdruck-Aluminiumdruckguss Geh\u00e4use mit exzellentem Thermalmanagement. Installationsh\u00f6he 3-15m. Geeignet f\u00fcr Umgebungstemperatur ta -30\u00b0C bis +45\u00b0C. Lichtstromr\u00fcckgang nach mehr als 90.000h L80\/B10 bei ta 25C. Dimmbar \u00fcber Sensor und Fernbedienung. Montagezubeh\u00f6r im Lieferumfang  nicht enthalten. 5 Jahre Garantie. Bis zu 160lm\/W. Einstellbare Leistung. Einstellbare CCT 4000K\/5000K.Bis zu 160lm\/W  bei 4000K.<\/p>\n","protected":false},"excerpt":{"rendered":"<p>Hochleistungs LED Hallenpendelleuchte f\u00fcr anspruchsvolle Industrieanwendungen. Hohe Flexibilit\u00e4t durch einstellbare Leistung und Farbtemperatur. Ideal zur Ausleuchtung in Fabriken, Lagerhallen und K\u00fchlh\u00e4usern. Hochdruck-Aluminiumdruckguss Geh\u00e4use mit exzellentem Thermalmanagement. Installationsh\u00f6he 3-15m. Geeignet f\u00fcr Umgebungstemperatur ta -30\u00b0C bis +45\u00b0C. Lichtstromr\u00fcckgang nach mehr als 90.000h<span class=\"excerpt-hellip\"> [\u2026]<\/span><\/p>\n","protected":false},"featured_media":363978,"template":"","meta":[],"product_brand":[],"product_cat":[86238],"product_tag":[],"class_list":{"0":"post-355248","1":"product","2":"type-product","3":"status-publish","4":"has-post-thumbnail","6":"product_cat-industrieleuchten","8":"first","9":"instock","10":"taxable","11":"shipping-taxable","12":"product-type-simple"},"_links":{"self":[{"href":"https:\/\/www.arclite-shop.de\/es\/wp-json\/wp\/v2\/product\/355248","targetHints":{"allow":["GET"]}}],"collection":[{"href":"https:\/\/www.arclite-shop.de\/es\/wp-json\/wp\/v2\/product"}],"about":[{"href":"https:\/\/www.arclite-shop.de\/es\/wp-json\/wp\/v2\/types\/product"}],"wp:featuredmedia":[{"embeddable":true,"href":"https:\/\/www.arclite-shop.de\/es\/wp-json\/wp\/v2\/media\/363978"}],"wp:attachment":[{"href":"https:\/\/www.arclite-shop.de\/es\/wp-json\/wp\/v2\/media?parent=355248"}],"wp:term":[{"taxonomy":"product_brand","embeddable":true,"href":"https:\/\/www.arclite-shop.de\/es\/wp-json\/wp\/v2\/product_brand?post=355248"},{"taxonomy":"product_cat","embeddable":true,"href":"https:\/\/www.arclite-shop.de\/es\/wp-json\/wp\/v2\/product_cat?post=355248"},{"taxonomy":"product_tag","embeddable":true,"href":"https:\/\/www.arclite-shop.de\/es\/wp-json\/wp\/v2\/product_tag?post=355248"}],"curies":[{"name":"wp","href":"https:\/\/api.w.org\/{rel}","templated":true}]}}