{"id":355008,"date":"2024-10-31T18:14:11","date_gmt":"2024-10-31T17:14:11","guid":{"rendered":"https:\/\/www.arclite-shop.de\/produkt\/850-996312031\/"},"modified":"2026-04-16T15:57:28","modified_gmt":"2026-04-16T13:57:28","slug":"850-996312031","status":"publish","type":"product","link":"https:\/\/www.arclite-shop.de\/es\/produkt\/850-996312031\/","title":{"rendered":"EASYLINE Spot adj. Reflector - Unidad de luminaria de dise\u00f1o para sistema continuo de clariaguero blanco 7W  30\u00b0 3000K CRI80 850-996312031"},"content":{"rendered":"<p>LED Moduleinsatz mit dreh &#8211; und schwenkbaren Spots. Geh\u00e4use aus Aluminium. Gleichm\u00e4\u00dfige Lichtverteilung. Drehbereich 350\u00b0. Schwenkbereich 90\u00b0. Farbtoleranz 3 SDCM. Lichtstromr\u00fcckgang nach 50.000h L80\/B10. Integriertes, nicht dimmbares Betriebsger\u00e4t. 5 Jahre Garantie. <\/p>\n","protected":false},"excerpt":{"rendered":"<p>LED Moduleinsatz mit dreh &#8211; und schwenkbaren Spots. Geh\u00e4use aus Aluminium. Gleichm\u00e4\u00dfige Lichtverteilung. Drehbereich 350\u00b0. Schwenkbereich 90\u00b0. Farbtoleranz 3 SDCM. Lichtstromr\u00fcckgang nach 50.000h L80\/B10. Integriertes, nicht dimmbares Betriebsger\u00e4t. 5 Jahre Garantie.<\/p>\n","protected":false},"featured_media":262071,"template":"","meta":[],"product_brand":[],"product_cat":[86612],"product_tag":[],"class_list":{"0":"post-355008","1":"product","2":"type-product","3":"status-publish","4":"has-post-thumbnail","6":"product_cat-designer-leuchten","8":"first","9":"instock","10":"taxable","11":"shipping-taxable","12":"product-type-simple"},"_links":{"self":[{"href":"https:\/\/www.arclite-shop.de\/es\/wp-json\/wp\/v2\/product\/355008","targetHints":{"allow":["GET"]}}],"collection":[{"href":"https:\/\/www.arclite-shop.de\/es\/wp-json\/wp\/v2\/product"}],"about":[{"href":"https:\/\/www.arclite-shop.de\/es\/wp-json\/wp\/v2\/types\/product"}],"wp:featuredmedia":[{"embeddable":true,"href":"https:\/\/www.arclite-shop.de\/es\/wp-json\/wp\/v2\/media\/262071"}],"wp:attachment":[{"href":"https:\/\/www.arclite-shop.de\/es\/wp-json\/wp\/v2\/media?parent=355008"}],"wp:term":[{"taxonomy":"product_brand","embeddable":true,"href":"https:\/\/www.arclite-shop.de\/es\/wp-json\/wp\/v2\/product_brand?post=355008"},{"taxonomy":"product_cat","embeddable":true,"href":"https:\/\/www.arclite-shop.de\/es\/wp-json\/wp\/v2\/product_cat?post=355008"},{"taxonomy":"product_tag","embeddable":true,"href":"https:\/\/www.arclite-shop.de\/es\/wp-json\/wp\/v2\/product_tag?post=355008"}],"curies":[{"name":"wp","href":"https:\/\/api.w.org\/{rel}","templated":true}]}}