{"id":354985,"date":"2024-10-31T18:13:54","date_gmt":"2024-10-31T17:13:54","guid":{"rendered":"https:\/\/www.arclite-shop.de\/produkt\/850-9941215\/"},"modified":"2026-04-16T16:00:41","modified_gmt":"2026-04-16T14:00:41","slug":"850-9941215","status":"publish","type":"product","link":"https:\/\/www.arclite-shop.de\/es\/produkt\/850-9941215\/","title":{"rendered":"M\u00f3dulo de Clarabonear Continuo EASYLINE - Unidad de Luminarias de Dise\u00f1o para Sistema de Claratarios Continuos Plateado  48W 120\u00b0 3000K CRI80 850-9941215"},"content":{"rendered":"<p>LED Modul-Einheit f\u00fcr Easyline Lichtbandsystem in sieben verschiedenen L\u00e4ngen f\u00fcr eine optimale Installation. Geh\u00e4use aus Aluminium. Leichte, werkzeuglose Montage. Lichtstromr\u00fcckgang nach 50.000h L80\/B10. Farbtoleranz 3 SDCM. Integriertes, nicht dimmbares Betriebsger\u00e4t. 5 Jahre Garantie. L=1684mm<\/p>\n","protected":false},"excerpt":{"rendered":"<p>LED Modul-Einheit f\u00fcr Easyline Lichtbandsystem in sieben verschiedenen L\u00e4ngen f\u00fcr eine optimale Installation. Geh\u00e4use aus Aluminium. Leichte, werkzeuglose Montage. Lichtstromr\u00fcckgang nach 50.000h L80\/B10. Farbtoleranz 3 SDCM. Integriertes, nicht dimmbares Betriebsger\u00e4t. 5 Jahre Garantie. L=1684mm<\/p>\n","protected":false},"featured_media":262042,"template":"","meta":[],"product_brand":[],"product_cat":[86612],"product_tag":[],"class_list":{"0":"post-354985","1":"product","2":"type-product","3":"status-publish","4":"has-post-thumbnail","6":"product_cat-designer-leuchten","8":"first","9":"instock","10":"taxable","11":"shipping-taxable","12":"product-type-simple"},"_links":{"self":[{"href":"https:\/\/www.arclite-shop.de\/es\/wp-json\/wp\/v2\/product\/354985","targetHints":{"allow":["GET"]}}],"collection":[{"href":"https:\/\/www.arclite-shop.de\/es\/wp-json\/wp\/v2\/product"}],"about":[{"href":"https:\/\/www.arclite-shop.de\/es\/wp-json\/wp\/v2\/types\/product"}],"wp:featuredmedia":[{"embeddable":true,"href":"https:\/\/www.arclite-shop.de\/es\/wp-json\/wp\/v2\/media\/262042"}],"wp:attachment":[{"href":"https:\/\/www.arclite-shop.de\/es\/wp-json\/wp\/v2\/media?parent=354985"}],"wp:term":[{"taxonomy":"product_brand","embeddable":true,"href":"https:\/\/www.arclite-shop.de\/es\/wp-json\/wp\/v2\/product_brand?post=354985"},{"taxonomy":"product_cat","embeddable":true,"href":"https:\/\/www.arclite-shop.de\/es\/wp-json\/wp\/v2\/product_cat?post=354985"},{"taxonomy":"product_tag","embeddable":true,"href":"https:\/\/www.arclite-shop.de\/es\/wp-json\/wp\/v2\/product_tag?post=354985"}],"curies":[{"name":"wp","href":"https:\/\/api.w.org\/{rel}","templated":true}]}}