{"id":354866,"date":"2024-10-31T18:12:19","date_gmt":"2024-10-31T17:12:19","guid":{"rendered":"https:\/\/www.arclite-shop.de\/produkt\/850-877011\/"},"modified":"2026-04-16T16:18:23","modified_gmt":"2026-04-16T14:18:23","slug":"850-877011","status":"publish","type":"product","link":"https:\/\/www.arclite-shop.de\/es\/produkt\/850-877011\/","title":{"rendered":"ARMONIA - Dise\u00f1o Blanco de Iluminaci\u00f3n  20W 3000K CRI80 850-877011"},"content":{"rendered":"<p>LED Pendelleuchte im Industrie-Design. Geh\u00e4use aus Aluminium. Standardausf\u00fchrung: innen wei\u00df. Aluminiumgeh\u00e4use, pulverbeschichtet, f\u00fcr Aufbau- Pendelmontage. Glaslinse mit breiter Lichtverteilung. Inkl. Aufh\u00e4ngung mit 1m Kabel 3&#215;0,75mm2. Lichtstromr\u00fcckgang nach 50.000h L80\/B10. Integriertes, nicht dimmbares Betriebsger\u00e4t. Reflektor separat bestellen. Sonderfarben f\u00fcr innen und au\u00dfen auf Anfrage. Netzanschluss separat bestellen. 5 Jahre Garantie. <\/p>\n","protected":false},"excerpt":{"rendered":"<p>LED Pendelleuchte im Industrie-Design. Geh\u00e4use aus Aluminium. Standardausf\u00fchrung: innen wei\u00df. Aluminiumgeh\u00e4use, pulverbeschichtet, f\u00fcr Aufbau- Pendelmontage. Glaslinse mit breiter Lichtverteilung. Inkl. Aufh\u00e4ngung mit 1m Kabel 3&#215;0,75mm2. Lichtstromr\u00fcckgang nach 50.000h L80\/B10. Integriertes, nicht dimmbares Betriebsger\u00e4t. Reflektor separat bestellen. Sonderfarben f\u00fcr innen und<span class=\"excerpt-hellip\"> [\u2026]<\/span><\/p>\n","protected":false},"featured_media":364092,"template":"","meta":[],"product_brand":[],"product_cat":[86612],"product_tag":[],"class_list":{"0":"post-354866","1":"product","2":"type-product","3":"status-publish","4":"has-post-thumbnail","6":"product_cat-designer-leuchten","8":"first","9":"instock","10":"taxable","11":"shipping-taxable","12":"product-type-simple"},"_links":{"self":[{"href":"https:\/\/www.arclite-shop.de\/es\/wp-json\/wp\/v2\/product\/354866","targetHints":{"allow":["GET"]}}],"collection":[{"href":"https:\/\/www.arclite-shop.de\/es\/wp-json\/wp\/v2\/product"}],"about":[{"href":"https:\/\/www.arclite-shop.de\/es\/wp-json\/wp\/v2\/types\/product"}],"wp:featuredmedia":[{"embeddable":true,"href":"https:\/\/www.arclite-shop.de\/es\/wp-json\/wp\/v2\/media\/364092"}],"wp:attachment":[{"href":"https:\/\/www.arclite-shop.de\/es\/wp-json\/wp\/v2\/media?parent=354866"}],"wp:term":[{"taxonomy":"product_brand","embeddable":true,"href":"https:\/\/www.arclite-shop.de\/es\/wp-json\/wp\/v2\/product_brand?post=354866"},{"taxonomy":"product_cat","embeddable":true,"href":"https:\/\/www.arclite-shop.de\/es\/wp-json\/wp\/v2\/product_cat?post=354866"},{"taxonomy":"product_tag","embeddable":true,"href":"https:\/\/www.arclite-shop.de\/es\/wp-json\/wp\/v2\/product_tag?post=354866"}],"curies":[{"name":"wp","href":"https:\/\/api.w.org\/{rel}","templated":true}]}}