{"id":354665,"date":"2024-10-31T18:09:41","date_gmt":"2024-10-31T17:09:41","guid":{"rendered":"https:\/\/www.arclite-shop.de\/produkt\/850-880042013\/"},"modified":"2026-04-16T16:44:33","modified_gmt":"2026-04-16T14:44:33","slug":"850-880042013","status":"publish","type":"product","link":"https:\/\/www.arclite-shop.de\/es\/produkt\/850-880042013\/","title":{"rendered":"RODILLO 9 LED 10W - Corte de Fase Luces de dise\u00f1o Negro 10W   18\u00b0 3000K CRI80 850-880042013"},"content":{"rendered":"<p>220-240V Netzspannung &#8211; Betriebsger\u00e4t nicht notwendig. Hochvolt-LED-Module, dimmbar \u00fcber Phasenabschnittdimmer. Standardausf\u00fchrung einfarbig. Gleichm\u00e4\u00dfige Ausleuchtung durch Linse, Reflektor oder Diffusor. Geh\u00e4use aus Aluminium. Farbtoleranz 3 SDCM. LED Deckenaufbauleuchte f\u00fcr dekorative Beleuchtung. Lichtstromr\u00fcckgang nach 50.000h L80\/B10. 5 Jahre Garantie. Weitere Produktkonfigurationen auf Anfrage. <\/p>\n","protected":false},"excerpt":{"rendered":"<p>220-240V Netzspannung &#8211; Betriebsger\u00e4t nicht notwendig. Hochvolt-LED-Module, dimmbar \u00fcber Phasenabschnittdimmer. Standardausf\u00fchrung einfarbig. Gleichm\u00e4\u00dfige Ausleuchtung durch Linse, Reflektor oder Diffusor. Geh\u00e4use aus Aluminium. Farbtoleranz 3 SDCM. LED Deckenaufbauleuchte f\u00fcr dekorative Beleuchtung. Lichtstromr\u00fcckgang nach 50.000h L80\/B10. 5 Jahre Garantie. Weitere Produktkonfigurationen auf<span class=\"excerpt-hellip\"> [\u2026]<\/span><\/p>\n","protected":false},"featured_media":364220,"template":"","meta":[],"product_brand":[],"product_cat":[86612],"product_tag":[],"class_list":{"0":"post-354665","1":"product","2":"type-product","3":"status-publish","4":"has-post-thumbnail","6":"product_cat-designer-leuchten","8":"first","9":"instock","10":"taxable","11":"shipping-taxable","12":"product-type-simple"},"_links":{"self":[{"href":"https:\/\/www.arclite-shop.de\/es\/wp-json\/wp\/v2\/product\/354665","targetHints":{"allow":["GET"]}}],"collection":[{"href":"https:\/\/www.arclite-shop.de\/es\/wp-json\/wp\/v2\/product"}],"about":[{"href":"https:\/\/www.arclite-shop.de\/es\/wp-json\/wp\/v2\/types\/product"}],"wp:featuredmedia":[{"embeddable":true,"href":"https:\/\/www.arclite-shop.de\/es\/wp-json\/wp\/v2\/media\/364220"}],"wp:attachment":[{"href":"https:\/\/www.arclite-shop.de\/es\/wp-json\/wp\/v2\/media?parent=354665"}],"wp:term":[{"taxonomy":"product_brand","embeddable":true,"href":"https:\/\/www.arclite-shop.de\/es\/wp-json\/wp\/v2\/product_brand?post=354665"},{"taxonomy":"product_cat","embeddable":true,"href":"https:\/\/www.arclite-shop.de\/es\/wp-json\/wp\/v2\/product_cat?post=354665"},{"taxonomy":"product_tag","embeddable":true,"href":"https:\/\/www.arclite-shop.de\/es\/wp-json\/wp\/v2\/product_tag?post=354665"}],"curies":[{"name":"wp","href":"https:\/\/api.w.org\/{rel}","templated":true}]}}