{"id":354644,"date":"2024-10-31T18:09:24","date_gmt":"2024-10-31T17:09:24","guid":{"rendered":"https:\/\/www.arclite-shop.de\/produkt\/685-aa80102-00-92\/"},"modified":"2026-04-16T16:48:48","modified_gmt":"2026-04-16T14:48:48","slug":"685-aa80102-00-92","status":"publish","type":"product","link":"https:\/\/www.arclite-shop.de\/es\/produkt\/685-aa80102-00-92\/","title":{"rendered":"stripCENTURY 24 - LED Flexband flexible blanco 24W 120\u00b0 4000K CRI80 685-AA80102.00.92"},"content":{"rendered":"<p>LED-Streifen mit hoher Effizienz und Feuchtigkeitsschutz. Ideal f\u00fcr alle Anwendungen im Au\u00dferbereich. Verf\u00fcgbar in wei\u00df, 5m Rolle. Beidseitig anschlie\u00dfbar mit werkzeuglosem Steckverbinder. Wasserschutz im Silikonschlauch, IP67. Leitungsl\u00e4nge &#8211; 35cm. Mit hochwertigem 3M Doppelklebeband. Konstantspannung 24V Betriebsger\u00e4t separat bestellen. 5 Jahre Garantie. <\/p>\n","protected":false},"excerpt":{"rendered":"<p>LED-Streifen mit hoher Effizienz und Feuchtigkeitsschutz. Ideal f\u00fcr alle Anwendungen im Au\u00dferbereich. Verf\u00fcgbar in wei\u00df, 5m Rolle. Beidseitig anschlie\u00dfbar mit werkzeuglosem Steckverbinder. Wasserschutz im Silikonschlauch, IP67. Leitungsl\u00e4nge &#8211; 35cm. Mit hochwertigem 3M Doppelklebeband. Konstantspannung 24V Betriebsger\u00e4t separat bestellen. 5 Jahre<span class=\"excerpt-hellip\"> [\u2026]<\/span><\/p>\n","protected":false},"featured_media":255571,"template":"","meta":[],"product_brand":[],"product_cat":[86611],"product_tag":[],"class_list":{"0":"post-354644","1":"product","2":"type-product","3":"status-publish","4":"has-post-thumbnail","6":"product_cat-led-flexband","8":"first","9":"instock","10":"taxable","11":"shipping-taxable","12":"product-type-simple"},"_links":{"self":[{"href":"https:\/\/www.arclite-shop.de\/es\/wp-json\/wp\/v2\/product\/354644","targetHints":{"allow":["GET"]}}],"collection":[{"href":"https:\/\/www.arclite-shop.de\/es\/wp-json\/wp\/v2\/product"}],"about":[{"href":"https:\/\/www.arclite-shop.de\/es\/wp-json\/wp\/v2\/types\/product"}],"wp:featuredmedia":[{"embeddable":true,"href":"https:\/\/www.arclite-shop.de\/es\/wp-json\/wp\/v2\/media\/255571"}],"wp:attachment":[{"href":"https:\/\/www.arclite-shop.de\/es\/wp-json\/wp\/v2\/media?parent=354644"}],"wp:term":[{"taxonomy":"product_brand","embeddable":true,"href":"https:\/\/www.arclite-shop.de\/es\/wp-json\/wp\/v2\/product_brand?post=354644"},{"taxonomy":"product_cat","embeddable":true,"href":"https:\/\/www.arclite-shop.de\/es\/wp-json\/wp\/v2\/product_cat?post=354644"},{"taxonomy":"product_tag","embeddable":true,"href":"https:\/\/www.arclite-shop.de\/es\/wp-json\/wp\/v2\/product_tag?post=354644"}],"curies":[{"name":"wp","href":"https:\/\/api.w.org\/{rel}","templated":true}]}}