{"id":354381,"date":"2024-10-31T18:05:56","date_gmt":"2024-10-31T17:05:56","guid":{"rendered":"https:\/\/www.arclite-shop.de\/produkt\/847-f12a03625a02\/"},"modified":"2026-03-07T19:31:06","modified_gmt":"2026-03-07T18:31:06","slug":"847-f12a03625a02","status":"publish","type":"product","link":"https:\/\/www.arclite-shop.de\/es\/produkt\/847-f12a03625a02\/","title":{"rendered":"Fido 98 HV - Corte de fase Luminarias redondas empotradas r\u00edgidas blanca\/negra 10W   40\u00b0 2700K CRI93 847-F12A03625A02"},"content":{"rendered":"<p>LED Einbauleuchte f\u00fcr dekorative Beleuchtung. 220-240V Netzspannung &#8211; Betriebsger\u00e4t nicht notwendig. Gleichm\u00e4\u00dfige Ausleuchtung durch Linse, Reflektor oder Diffusor. Geh\u00e4use aus Druckguss-Aluminium, mit CS Federn. Farbtoleranz 3 SDCM. Lichtstromr\u00fcckgang nach 70.000h L80\/B50. Schutzart IP44 f\u00fcr geschlossene Deckensysteme. Weitere Produktkonfigurationen auf Anfrage. 7 Jahre Garantie. Netto 800lm<\/p>\n","protected":false},"excerpt":{"rendered":"<p>LED Einbauleuchte f\u00fcr dekorative Beleuchtung. 220-240V Netzspannung &#8211; Betriebsger\u00e4t nicht notwendig. Gleichm\u00e4\u00dfige Ausleuchtung durch Linse, Reflektor oder Diffusor. Geh\u00e4use aus Druckguss-Aluminium, mit CS Federn. Farbtoleranz 3 SDCM. Lichtstromr\u00fcckgang nach 70.000h L80\/B50. Schutzart IP44 f\u00fcr geschlossene Deckensysteme. Weitere Produktkonfigurationen auf Anfrage.<span class=\"excerpt-hellip\"> [\u2026]<\/span><\/p>\n","protected":false},"featured_media":364516,"template":"","meta":[],"product_brand":[],"product_cat":[86598],"product_tag":[],"class_list":{"0":"post-354381","1":"product","2":"type-product","3":"status-publish","4":"has-post-thumbnail","6":"product_cat-runde-einbauleuchten-starr-illuxtron","8":"first","9":"instock","10":"taxable","11":"shipping-taxable","12":"product-type-simple"},"_links":{"self":[{"href":"https:\/\/www.arclite-shop.de\/es\/wp-json\/wp\/v2\/product\/354381","targetHints":{"allow":["GET"]}}],"collection":[{"href":"https:\/\/www.arclite-shop.de\/es\/wp-json\/wp\/v2\/product"}],"about":[{"href":"https:\/\/www.arclite-shop.de\/es\/wp-json\/wp\/v2\/types\/product"}],"wp:featuredmedia":[{"embeddable":true,"href":"https:\/\/www.arclite-shop.de\/es\/wp-json\/wp\/v2\/media\/364516"}],"wp:attachment":[{"href":"https:\/\/www.arclite-shop.de\/es\/wp-json\/wp\/v2\/media?parent=354381"}],"wp:term":[{"taxonomy":"product_brand","embeddable":true,"href":"https:\/\/www.arclite-shop.de\/es\/wp-json\/wp\/v2\/product_brand?post=354381"},{"taxonomy":"product_cat","embeddable":true,"href":"https:\/\/www.arclite-shop.de\/es\/wp-json\/wp\/v2\/product_cat?post=354381"},{"taxonomy":"product_tag","embeddable":true,"href":"https:\/\/www.arclite-shop.de\/es\/wp-json\/wp\/v2\/product_tag?post=354381"}],"curies":[{"name":"wp","href":"https:\/\/api.w.org\/{rel}","templated":true}]}}