{"id":354361,"date":"2024-10-31T18:05:40","date_gmt":"2024-10-31T17:05:40","guid":{"rendered":"https:\/\/www.arclite-shop.de\/produkt\/847-7b2s03635d02\/"},"modified":"2026-04-16T17:38:44","modified_gmt":"2026-04-16T15:38:44","slug":"847-7b2s03635d02","status":"publish","type":"product","link":"https:\/\/www.arclite-shop.de\/es\/produkt\/847-7b2s03635d02\/","title":{"rendered":"Sensor Vector CL 100 HV - Luminarias montadas en superficie r\u00edgidas blanca\/plateada 15W 80\u00b0  3000K CRI83 847-7B2S03635D02"},"content":{"rendered":"<p>LED Deckenaufbauleuchte f\u00fcr dekorative Beleuchtung. Bewegungssensor, Licht bleibt 4min aktiviert. 8 Kombinationen f\u00fcr Geh\u00e4use und Reflektorring. Entblendende Ausleuchtung durch zur\u00fcckgesetzte Optik. Gleichm\u00e4\u00dfige Ausleuchtung durch Linse, Reflektor oder Diffusor. Farbtoleranz 3 SDCM. Lichtstromr\u00fcckgang nach 70.000h L80\/B50. 220-240V Netzspannung &#8211; Betriebsger\u00e4t nicht notwendig. 7 Jahre Garantie. Netto 800lm<\/p>\n","protected":false},"excerpt":{"rendered":"<p>LED Deckenaufbauleuchte f\u00fcr dekorative Beleuchtung. Bewegungssensor, Licht bleibt 4min aktiviert. 8 Kombinationen f\u00fcr Geh\u00e4use und Reflektorring. Entblendende Ausleuchtung durch zur\u00fcckgesetzte Optik. Gleichm\u00e4\u00dfige Ausleuchtung durch Linse, Reflektor oder Diffusor. Farbtoleranz 3 SDCM. Lichtstromr\u00fcckgang nach 70.000h L80\/B50. 220-240V Netzspannung &#8211; Betriebsger\u00e4t nicht<span class=\"excerpt-hellip\"> [\u2026]<\/span><\/p>\n","protected":false},"featured_media":364546,"template":"","meta":[],"product_brand":[],"product_cat":[86609],"product_tag":[],"class_list":{"0":"post-354361","1":"product","2":"type-product","3":"status-publish","4":"has-post-thumbnail","6":"product_cat-aufbauleuchten-illuxtron","8":"first","9":"instock","10":"taxable","11":"shipping-taxable","12":"product-type-simple"},"_links":{"self":[{"href":"https:\/\/www.arclite-shop.de\/es\/wp-json\/wp\/v2\/product\/354361","targetHints":{"allow":["GET"]}}],"collection":[{"href":"https:\/\/www.arclite-shop.de\/es\/wp-json\/wp\/v2\/product"}],"about":[{"href":"https:\/\/www.arclite-shop.de\/es\/wp-json\/wp\/v2\/types\/product"}],"wp:featuredmedia":[{"embeddable":true,"href":"https:\/\/www.arclite-shop.de\/es\/wp-json\/wp\/v2\/media\/364546"}],"wp:attachment":[{"href":"https:\/\/www.arclite-shop.de\/es\/wp-json\/wp\/v2\/media?parent=354361"}],"wp:term":[{"taxonomy":"product_brand","embeddable":true,"href":"https:\/\/www.arclite-shop.de\/es\/wp-json\/wp\/v2\/product_brand?post=354361"},{"taxonomy":"product_cat","embeddable":true,"href":"https:\/\/www.arclite-shop.de\/es\/wp-json\/wp\/v2\/product_cat?post=354361"},{"taxonomy":"product_tag","embeddable":true,"href":"https:\/\/www.arclite-shop.de\/es\/wp-json\/wp\/v2\/product_tag?post=354361"}],"curies":[{"name":"wp","href":"https:\/\/api.w.org\/{rel}","templated":true}]}}