{"id":353516,"date":"2024-10-31T17:54:57","date_gmt":"2024-10-31T16:54:57","guid":{"rendered":"https:\/\/www.arclite-shop.de\/produkt\/847-852s03615f02\/"},"modified":"2026-04-16T20:09:03","modified_gmt":"2026-04-16T18:09:03","slug":"847-852s03615f02","status":"publish","type":"product","link":"https:\/\/www.arclite-shop.de\/es\/produkt\/847-852s03615f02\/","title":{"rendered":"Sensor Strada 75 - Luminarias redondas empotradas r\u00edgidas blanca\/dorada 15W 80\u00b0  4000K CRI83 847-852S03615F02"},"content":{"rendered":"<p>LED Einbauleuchte f\u00fcr dekorative Beleuchtung. Bewegungssensor, Licht bleibt 4min aktiviert. Interner Chip f\u00fcr reduziertes Flickern. Integrierter Bewegungsmelder und Tageslichtsensor. Geh\u00e4use aus Druckguss-Aluminium, mit CS Federn. Schutzblende aus Polycarbonat. Farbtoleranz 3 SDCM. Lichtstromr\u00fcckgang nach 70.000h L80\/B50. 220-240V Netzspannung &#8211; Betriebsger\u00e4t nicht notwendig. 7 Jahre Garantie. <\/p>\n","protected":false},"excerpt":{"rendered":"<p>LED Einbauleuchte f\u00fcr dekorative Beleuchtung. Bewegungssensor, Licht bleibt 4min aktiviert. Interner Chip f\u00fcr reduziertes Flickern. Integrierter Bewegungsmelder und Tageslichtsensor. Geh\u00e4use aus Druckguss-Aluminium, mit CS Federn. Schutzblende aus Polycarbonat. Farbtoleranz 3 SDCM. Lichtstromr\u00fcckgang nach 70.000h L80\/B50. 220-240V Netzspannung &#8211; Betriebsger\u00e4t nicht<span class=\"excerpt-hellip\"> [\u2026]<\/span><\/p>\n","protected":false},"featured_media":364732,"template":"","meta":[],"product_brand":[],"product_cat":[86598],"product_tag":[],"class_list":{"0":"post-353516","1":"product","2":"type-product","3":"status-publish","4":"has-post-thumbnail","6":"product_cat-runde-einbauleuchten-starr-illuxtron","8":"first","9":"instock","10":"taxable","11":"shipping-taxable","12":"product-type-simple"},"_links":{"self":[{"href":"https:\/\/www.arclite-shop.de\/es\/wp-json\/wp\/v2\/product\/353516","targetHints":{"allow":["GET"]}}],"collection":[{"href":"https:\/\/www.arclite-shop.de\/es\/wp-json\/wp\/v2\/product"}],"about":[{"href":"https:\/\/www.arclite-shop.de\/es\/wp-json\/wp\/v2\/types\/product"}],"wp:featuredmedia":[{"embeddable":true,"href":"https:\/\/www.arclite-shop.de\/es\/wp-json\/wp\/v2\/media\/364732"}],"wp:attachment":[{"href":"https:\/\/www.arclite-shop.de\/es\/wp-json\/wp\/v2\/media?parent=353516"}],"wp:term":[{"taxonomy":"product_brand","embeddable":true,"href":"https:\/\/www.arclite-shop.de\/es\/wp-json\/wp\/v2\/product_brand?post=353516"},{"taxonomy":"product_cat","embeddable":true,"href":"https:\/\/www.arclite-shop.de\/es\/wp-json\/wp\/v2\/product_cat?post=353516"},{"taxonomy":"product_tag","embeddable":true,"href":"https:\/\/www.arclite-shop.de\/es\/wp-json\/wp\/v2\/product_tag?post=353516"}],"curies":[{"name":"wp","href":"https:\/\/api.w.org\/{rel}","templated":true}]}}