{"id":352581,"date":"2024-10-31T17:43:24","date_gmt":"2024-10-31T16:43:24","guid":{"rendered":"https:\/\/www.arclite-shop.de\/produkt\/847-802a03mw5a02\/"},"modified":"2026-04-16T23:13:11","modified_gmt":"2026-04-16T21:13:11","slug":"847-802a03mw5a02","status":"publish","type":"product","link":"https:\/\/www.arclite-shop.de\/es\/produkt\/847-802a03mw5a02\/","title":{"rendered":"Flux 75 HV - Corte de fase. Luminarias redondas empotradas blancas r\u00edgidas 10W 40\u00b0 2700K CRI93 847-802A03MW5A02 "},"content":{"rendered":"<p>LED Einbauleuchte f\u00fcr dekorative Beleuchtung. Gleichm\u00e4\u00dfige Ausleuchtung durch Linse, Reflektor oder Diffusor. Geh\u00e4use aus Druckguss-Aluminium, mit CS Federn. Farbtoleranz 3 SDCM. Lichtstromr\u00fcckgang nach 70.000h L80\/B50. Interner Chip f\u00fcr reduziertes Flickern. Schutzart IP65 f\u00fcr geschlossene Deckensysteme. 220-240V Netzspannung &#8211; Betriebsger\u00e4t nicht notwendig. Dimmbar mittels Phasenan- und Phasenabschnittsdimmer. 7 Jahre Garantie. <\/p>\n","protected":false},"excerpt":{"rendered":"<p>LED Einbauleuchte f\u00fcr dekorative Beleuchtung. Gleichm\u00e4\u00dfige Ausleuchtung durch Linse, Reflektor oder Diffusor. Geh\u00e4use aus Druckguss-Aluminium, mit CS Federn. Farbtoleranz 3 SDCM. Lichtstromr\u00fcckgang nach 70.000h L80\/B50. Interner Chip f\u00fcr reduziertes Flickern. Schutzart IP65 f\u00fcr geschlossene Deckensysteme. 220-240V Netzspannung &#8211; Betriebsger\u00e4t nicht<span class=\"excerpt-hellip\"> [\u2026]<\/span><\/p>\n","protected":false},"featured_media":364808,"template":"","meta":[],"product_brand":[],"product_cat":[86598],"product_tag":[],"class_list":{"0":"post-352581","1":"product","2":"type-product","3":"status-publish","4":"has-post-thumbnail","6":"product_cat-runde-einbauleuchten-starr-illuxtron","8":"first","9":"instock","10":"taxable","11":"shipping-taxable","12":"product-type-simple"},"_links":{"self":[{"href":"https:\/\/www.arclite-shop.de\/es\/wp-json\/wp\/v2\/product\/352581","targetHints":{"allow":["GET"]}}],"collection":[{"href":"https:\/\/www.arclite-shop.de\/es\/wp-json\/wp\/v2\/product"}],"about":[{"href":"https:\/\/www.arclite-shop.de\/es\/wp-json\/wp\/v2\/types\/product"}],"wp:featuredmedia":[{"embeddable":true,"href":"https:\/\/www.arclite-shop.de\/es\/wp-json\/wp\/v2\/media\/364808"}],"wp:attachment":[{"href":"https:\/\/www.arclite-shop.de\/es\/wp-json\/wp\/v2\/media?parent=352581"}],"wp:term":[{"taxonomy":"product_brand","embeddable":true,"href":"https:\/\/www.arclite-shop.de\/es\/wp-json\/wp\/v2\/product_brand?post=352581"},{"taxonomy":"product_cat","embeddable":true,"href":"https:\/\/www.arclite-shop.de\/es\/wp-json\/wp\/v2\/product_cat?post=352581"},{"taxonomy":"product_tag","embeddable":true,"href":"https:\/\/www.arclite-shop.de\/es\/wp-json\/wp\/v2\/product_tag?post=352581"}],"curies":[{"name":"wp","href":"https:\/\/api.w.org\/{rel}","templated":true}]}}