{"id":352290,"date":"2024-10-31T17:39:45","date_gmt":"2024-10-31T16:39:45","guid":{"rendered":"https:\/\/www.arclite-shop.de\/produkt\/717-si1c-840ho2-138w-ip44-2\/"},"modified":"2026-04-16T23:56:51","modified_gmt":"2026-04-16T21:56:51","slug":"717-si1c-840ho2-138w-ip44-2","status":"publish","type":"product","link":"https:\/\/www.arclite-shop.de\/es\/produkt\/717-si1c-840ho2-138w-ip44-2\/","title":{"rendered":"SNEP LINEAR SI - Luminarias industriales aluminio lineal anodizado. 138W 100\u00b0 4000K CRI85 717-SI1C 840HO2 138W IP44 -2"},"content":{"rendered":"<p>Hochwertige LED Linearleuchte speziell f\u00fcr Industrieapplikationen und Sporthallen. Montage mit Halterung direkt an der Decke oder mit Seilabh\u00e4ngung. Aluminumgeh\u00e4use eloxiiert f\u00fcr optimierte effektive K\u00fchlung. Endkappen aus best\u00e4ndigem und nicht brennbarem Polykarbonat mit Brandklasse V-0. Hochleistungsoptik mit Reflektor und klarer Abdeckung. Ballwurfsicher in Sporthallen gem\u00e4ss DIN 18032-3. Geeignet f\u00fcr hohe Decken mit 6-12m H\u00f6he. Nicht geeignet f\u00fcr Umgebungen mit Kondenswasserbildung. 2m PVC-Kabel 3&#215;1,5mm\u00b2 mit offenen Kabelenden. Geeignet f\u00fcr Umgebungstemperatur -25\u00b0C bis +40\u00b0C. Lichtstromr\u00fcckgang nach 100.000h L80\/B50 bei ta 25\u00b0C. Integriertes, nicht dimmbares Betriebsger\u00e4t. Netto 20650lm<\/p>\n","protected":false},"excerpt":{"rendered":"<p>Hochwertige LED Linearleuchte speziell f\u00fcr Industrieapplikationen und Sporthallen. Montage mit Halterung direkt an der Decke oder mit Seilabh\u00e4ngung. Aluminumgeh\u00e4use eloxiiert f\u00fcr optimierte effektive K\u00fchlung. Endkappen aus best\u00e4ndigem und nicht brennbarem Polykarbonat mit Brandklasse V-0. Hochleistungsoptik mit Reflektor und klarer Abdeckung.<span class=\"excerpt-hellip\"> [\u2026]<\/span><\/p>\n","protected":false},"featured_media":261943,"template":"","meta":[],"product_brand":[],"product_cat":[86238],"product_tag":[],"class_list":{"0":"post-352290","1":"product","2":"type-product","3":"status-publish","4":"has-post-thumbnail","6":"product_cat-industrieleuchten","8":"first","9":"instock","10":"taxable","11":"shipping-taxable","12":"product-type-simple"},"_links":{"self":[{"href":"https:\/\/www.arclite-shop.de\/es\/wp-json\/wp\/v2\/product\/352290","targetHints":{"allow":["GET"]}}],"collection":[{"href":"https:\/\/www.arclite-shop.de\/es\/wp-json\/wp\/v2\/product"}],"about":[{"href":"https:\/\/www.arclite-shop.de\/es\/wp-json\/wp\/v2\/types\/product"}],"wp:featuredmedia":[{"embeddable":true,"href":"https:\/\/www.arclite-shop.de\/es\/wp-json\/wp\/v2\/media\/261943"}],"wp:attachment":[{"href":"https:\/\/www.arclite-shop.de\/es\/wp-json\/wp\/v2\/media?parent=352290"}],"wp:term":[{"taxonomy":"product_brand","embeddable":true,"href":"https:\/\/www.arclite-shop.de\/es\/wp-json\/wp\/v2\/product_brand?post=352290"},{"taxonomy":"product_cat","embeddable":true,"href":"https:\/\/www.arclite-shop.de\/es\/wp-json\/wp\/v2\/product_cat?post=352290"},{"taxonomy":"product_tag","embeddable":true,"href":"https:\/\/www.arclite-shop.de\/es\/wp-json\/wp\/v2\/product_tag?post=352290"}],"curies":[{"name":"wp","href":"https:\/\/api.w.org\/{rel}","templated":true}]}}