{"id":351861,"date":"2024-10-31T14:33:03","date_gmt":"2024-10-31T13:33:03","guid":{"rendered":"https:\/\/www.arclite-shop.de\/produkt\/02-4099854070037\/"},"modified":"2026-04-17T00:14:38","modified_gmt":"2026-04-16T22:14:38","slug":"02-4099854070037","status":"publish","type":"product","link":"https:\/\/www.arclite-shop.de\/es\/produkt\/02-4099854070037\/","title":{"rendered":"L\u00e1mparas LED, cl\u00e1sica forma de bolita miniatura, con corona de bombilla en forma de espejo"},"content":{"rendered":"<p>LED-Lampen, klassische Miniballform, mit Spiegel-Kolbenkrone. Produkteigenschaften: Verspiegelung der Kolbenkuppe: Gold oder Silber. Ausstrahlungswinkel: bis zu 300\u00b0. Lampe aus Glas. Gute Lichtqualit\u00e4t; Farbwiedergabeindex Ra: \u2265 80; konstanter Farbort. Produktvorteile: Lange Lebensdauer von bis zu 15.000 h. Geringer Energieverbrauch. Einfacher Lampenwechsel dank kompaktem Design. Sofort 100 % Licht, keine Aufw\u00e4rmzeit. Lampen mit innovativer LED-\u00abFilament\u00bb-Technologie. Anwendungsgebiete: Ideal f\u00fcr dekorative Einbauten. Spiegelbeleuchtung. Anwendungen im Haushalt. Allgemeinbeleuchtung. Einsatz im Au\u00dfenbereich nur in geeigneten Au\u00dfenleuchten.<\/p>\n","protected":false},"excerpt":{"rendered":"<p>LED-Lampen, klassische Miniballform, mit Spiegel-Kolbenkrone. Produkteigenschaften: Verspiegelung der Kolbenkuppe: Gold oder Silber. Ausstrahlungswinkel: bis zu 300\u00b0. Lampe aus Glas. Gute Lichtqualit\u00e4t; Farbwiedergabeindex Ra: \u2265 80; konstanter Farbort. Produktvorteile: Lange Lebensdauer von bis zu 15.000 h. Geringer Energieverbrauch. Einfacher Lampenwechsel dank<span class=\"excerpt-hellip\"> [\u2026]<\/span><\/p>\n","protected":false},"featured_media":364945,"template":"","meta":[],"product_brand":[],"product_cat":[87060],"product_tag":[],"class_list":{"0":"post-351861","1":"product","2":"type-product","3":"status-publish","4":"has-post-thumbnail","6":"product_cat-led-lampe-multi-led","8":"first","9":"instock","10":"taxable","11":"shipping-taxable","12":"product-type-simple"},"_links":{"self":[{"href":"https:\/\/www.arclite-shop.de\/es\/wp-json\/wp\/v2\/product\/351861","targetHints":{"allow":["GET"]}}],"collection":[{"href":"https:\/\/www.arclite-shop.de\/es\/wp-json\/wp\/v2\/product"}],"about":[{"href":"https:\/\/www.arclite-shop.de\/es\/wp-json\/wp\/v2\/types\/product"}],"wp:featuredmedia":[{"embeddable":true,"href":"https:\/\/www.arclite-shop.de\/es\/wp-json\/wp\/v2\/media\/364945"}],"wp:attachment":[{"href":"https:\/\/www.arclite-shop.de\/es\/wp-json\/wp\/v2\/media?parent=351861"}],"wp:term":[{"taxonomy":"product_brand","embeddable":true,"href":"https:\/\/www.arclite-shop.de\/es\/wp-json\/wp\/v2\/product_brand?post=351861"},{"taxonomy":"product_cat","embeddable":true,"href":"https:\/\/www.arclite-shop.de\/es\/wp-json\/wp\/v2\/product_cat?post=351861"},{"taxonomy":"product_tag","embeddable":true,"href":"https:\/\/www.arclite-shop.de\/es\/wp-json\/wp\/v2\/product_tag?post=351861"}],"curies":[{"name":"wp","href":"https:\/\/api.w.org\/{rel}","templated":true}]}}