{"id":351602,"date":"2024-10-31T14:29:50","date_gmt":"2024-10-31T13:29:50","guid":{"rendered":"https:\/\/www.arclite-shop.de\/produkt\/02-4099854048371\/"},"modified":"2026-04-17T01:05:16","modified_gmt":"2026-04-16T23:05:16","slug":"02-4099854048371","status":"publish","type":"product","link":"https:\/\/www.arclite-shop.de\/es\/produkt\/02-4099854048371\/","title":{"rendered":"L\u00e1mparas reflectoras LED R63 con base de tornillo retrofit"},"content":{"rendered":"<p>LED-Reflektorlampen R63 mit Retrofit-Schraubsockel. Produkteigenschaften: LED-Alternative zu Hochvolthalogenlampen. Nicht dimmbar. Sockel: E27. Lampe aus Glas. Gute Lichtqualit\u00e4t; Farbwiedergabeindex Ra: \u2265 80. Lebensdauer: bis zu 15.000 h. Produktvorteile: Einfacher, schneller und sicherer Lampenaustausch ohne Umverdrahtung. Design, Abmessungen, Lichtstrom vergleichbar mit einer Gl\u00fch- oder Halogenlampe. Geringer Wartungsaufwand durch lange Lebensdauer. Keine UV- und IR-nahen Anteile im Lichtstrahl. Sofort 100 % Licht, keine Aufw\u00e4rmzeit. Anwendungsgebiete: Verkaufs- und Ausstellungsr\u00e4ume. Anwendungen im Haushalt. Anwendung im Gewerbe. Akzentbeleuchtung. Einsatz im Au\u00dfenbereich nur in geeigneten Au\u00dfenleuchten.<\/p>\n","protected":false},"excerpt":{"rendered":"<p>LED-Reflektorlampen R63 mit Retrofit-Schraubsockel. Produkteigenschaften: LED-Alternative zu Hochvolthalogenlampen. Nicht dimmbar. Sockel: E27. Lampe aus Glas. Gute Lichtqualit\u00e4t; Farbwiedergabeindex Ra: \u2265 80. Lebensdauer: bis zu 15.000 h. Produktvorteile: Einfacher, schneller und sicherer Lampenaustausch ohne Umverdrahtung. Design, Abmessungen, Lichtstrom vergleichbar mit einer<span class=\"excerpt-hellip\"> [\u2026]<\/span><\/p>\n","protected":false},"featured_media":279582,"template":"","meta":[],"product_brand":[],"product_cat":[87060],"product_tag":[],"class_list":{"0":"post-351602","1":"product","2":"type-product","3":"status-publish","4":"has-post-thumbnail","6":"product_cat-led-lampe-multi-led","8":"first","9":"instock","10":"taxable","11":"shipping-taxable","12":"product-type-simple"},"_links":{"self":[{"href":"https:\/\/www.arclite-shop.de\/es\/wp-json\/wp\/v2\/product\/351602","targetHints":{"allow":["GET"]}}],"collection":[{"href":"https:\/\/www.arclite-shop.de\/es\/wp-json\/wp\/v2\/product"}],"about":[{"href":"https:\/\/www.arclite-shop.de\/es\/wp-json\/wp\/v2\/types\/product"}],"wp:featuredmedia":[{"embeddable":true,"href":"https:\/\/www.arclite-shop.de\/es\/wp-json\/wp\/v2\/media\/279582"}],"wp:attachment":[{"href":"https:\/\/www.arclite-shop.de\/es\/wp-json\/wp\/v2\/media?parent=351602"}],"wp:term":[{"taxonomy":"product_brand","embeddable":true,"href":"https:\/\/www.arclite-shop.de\/es\/wp-json\/wp\/v2\/product_brand?post=351602"},{"taxonomy":"product_cat","embeddable":true,"href":"https:\/\/www.arclite-shop.de\/es\/wp-json\/wp\/v2\/product_cat?post=351602"},{"taxonomy":"product_tag","embeddable":true,"href":"https:\/\/www.arclite-shop.de\/es\/wp-json\/wp\/v2\/product_tag?post=351602"}],"curies":[{"name":"wp","href":"https:\/\/api.w.org\/{rel}","templated":true}]}}