{"id":351535,"date":"2024-10-31T14:29:02","date_gmt":"2024-10-31T13:29:02","guid":{"rendered":"https:\/\/www.arclite-shop.de\/produkt\/02-4099854040368\/"},"modified":"2026-04-17T01:31:19","modified_gmt":"2026-04-16T23:31:19","slug":"02-4099854040368","status":"publish","type":"product","link":"https:\/\/www.arclite-shop.de\/es\/produkt\/02-4099854040368\/","title":{"rendered":"L\u00e1mparas LED, forma cl\u00e1sica de bombilla"},"content":{"rendered":"<p>LED-Lampen, klassische Kolbenform. Produkteigenschaften: LED Lampe f\u00fcr Niederspannungssysteme (AC\/DC 12V-36V). Quecksilberfreie Lampen. Produktvorteile: F\u00fcr die Nutzung au\u00dferhalb des Stromnetzes. Geringer Energieverbrauch. Anwendungsgebiete: Batteriebetriebenes System ohne Stromanschluss. Camping, Wohnmobile, Gartenhaus. Au\u00dfenanwendungen nur in geeigneten Leuchten.<\/p>\n","protected":false},"excerpt":{"rendered":"<p>LED-Lampen, klassische Kolbenform. Produkteigenschaften: LED Lampe f\u00fcr Niederspannungssysteme (AC\/DC 12V-36V). Quecksilberfreie Lampen. Produktvorteile: F\u00fcr die Nutzung au\u00dferhalb des Stromnetzes. Geringer Energieverbrauch. Anwendungsgebiete: Batteriebetriebenes System ohne Stromanschluss. Camping, Wohnmobile, Gartenhaus. Au\u00dfenanwendungen nur in geeigneten Leuchten.<\/p>\n","protected":false},"featured_media":365456,"template":"","meta":[],"product_brand":[],"product_cat":[87060],"product_tag":[],"class_list":{"0":"post-351535","1":"product","2":"type-product","3":"status-publish","4":"has-post-thumbnail","6":"product_cat-led-lampe-multi-led","8":"first","9":"outofstock","10":"taxable","11":"shipping-taxable","12":"product-type-simple"},"_links":{"self":[{"href":"https:\/\/www.arclite-shop.de\/es\/wp-json\/wp\/v2\/product\/351535","targetHints":{"allow":["GET"]}}],"collection":[{"href":"https:\/\/www.arclite-shop.de\/es\/wp-json\/wp\/v2\/product"}],"about":[{"href":"https:\/\/www.arclite-shop.de\/es\/wp-json\/wp\/v2\/types\/product"}],"wp:featuredmedia":[{"embeddable":true,"href":"https:\/\/www.arclite-shop.de\/es\/wp-json\/wp\/v2\/media\/365456"}],"wp:attachment":[{"href":"https:\/\/www.arclite-shop.de\/es\/wp-json\/wp\/v2\/media?parent=351535"}],"wp:term":[{"taxonomy":"product_brand","embeddable":true,"href":"https:\/\/www.arclite-shop.de\/es\/wp-json\/wp\/v2\/product_brand?post=351535"},{"taxonomy":"product_cat","embeddable":true,"href":"https:\/\/www.arclite-shop.de\/es\/wp-json\/wp\/v2\/product_cat?post=351535"},{"taxonomy":"product_tag","embeddable":true,"href":"https:\/\/www.arclite-shop.de\/es\/wp-json\/wp\/v2\/product_tag?post=351535"}],"curies":[{"name":"wp","href":"https:\/\/api.w.org\/{rel}","templated":true}]}}