{"id":351330,"date":"2024-10-31T14:26:33","date_gmt":"2024-10-31T13:26:33","guid":{"rendered":"https:\/\/www.arclite-shop.de\/produkt\/02-4099854013355\/"},"modified":"2026-04-17T05:46:24","modified_gmt":"2026-04-17T03:46:24","slug":"02-4099854013355","status":"publish","type":"product","link":"https:\/\/www.arclite-shop.de\/es\/produkt\/02-4099854013355\/","title":{"rendered":"Anillos de renovaci\u00f3n para la reducci\u00f3n del recorte existente del techo"},"content":{"rendered":"<p>Sanierungsringe f\u00fcr die Reduzierung des vorhandenen Deckenausschnitts. Produkteigenschaften: Material: tiefgezogener Stahl. Nur f\u00fcr LEDVANCE SPOTs mit 68 mm Einbaudurchmesser geeignet. Federn mit weichem Silikon\u00fcberzug. Produktvorteile: Retrofit: Austausch bestehender Decken-Einbauleuchten mit LEDVANCE SPOT FIX und ADJ in neuester LED-Technologie. Standardisieren: Verkleinern des vorhandenen Deckenausschnitts auf einen Standardausschnitt von 68 mm. Vielseitig: Sanierungsringe f\u00fcr vorhandene Deckenausschnitte von \u00d868 &#8211; \u00d8115 oder \u00d8115 &#8211; \u00d8160 mm. Anwendungsgebiete: Sanierung bestehender Ausschnitte in abgeh\u00e4ngten Decken.<\/p>\n","protected":false},"excerpt":{"rendered":"<p>Sanierungsringe f\u00fcr die Reduzierung des vorhandenen Deckenausschnitts. Produkteigenschaften: Material: tiefgezogener Stahl. Nur f\u00fcr LEDVANCE SPOTs mit 68 mm Einbaudurchmesser geeignet. Federn mit weichem Silikon\u00fcberzug. Produktvorteile: Retrofit: Austausch bestehender Decken-Einbauleuchten mit LEDVANCE SPOT FIX und ADJ in neuester LED-Technologie. Standardisieren: Verkleinern<span class=\"excerpt-hellip\"> [\u2026]<\/span><\/p>\n","protected":false},"featured_media":365494,"template":"","meta":[],"product_brand":[],"product_cat":[87054],"product_tag":[],"class_list":{"0":"post-351330","1":"product","2":"type-product","3":"status-publish","4":"has-post-thumbnail","6":"product_cat-mechanisches-zubehoer-ersatzteile-fuer-leuchten-ledvance","8":"first","9":"instock","10":"taxable","11":"shipping-taxable","12":"product-type-simple"},"_links":{"self":[{"href":"https:\/\/www.arclite-shop.de\/es\/wp-json\/wp\/v2\/product\/351330","targetHints":{"allow":["GET"]}}],"collection":[{"href":"https:\/\/www.arclite-shop.de\/es\/wp-json\/wp\/v2\/product"}],"about":[{"href":"https:\/\/www.arclite-shop.de\/es\/wp-json\/wp\/v2\/types\/product"}],"wp:featuredmedia":[{"embeddable":true,"href":"https:\/\/www.arclite-shop.de\/es\/wp-json\/wp\/v2\/media\/365494"}],"wp:attachment":[{"href":"https:\/\/www.arclite-shop.de\/es\/wp-json\/wp\/v2\/media?parent=351330"}],"wp:term":[{"taxonomy":"product_brand","embeddable":true,"href":"https:\/\/www.arclite-shop.de\/es\/wp-json\/wp\/v2\/product_brand?post=351330"},{"taxonomy":"product_cat","embeddable":true,"href":"https:\/\/www.arclite-shop.de\/es\/wp-json\/wp\/v2\/product_cat?post=351330"},{"taxonomy":"product_tag","embeddable":true,"href":"https:\/\/www.arclite-shop.de\/es\/wp-json\/wp\/v2\/product_tag?post=351330"}],"curies":[{"name":"wp","href":"https:\/\/api.w.org\/{rel}","templated":true}]}}