{"id":351328,"date":"2024-10-31T14:26:31","date_gmt":"2024-10-31T13:26:31","guid":{"rendered":"https:\/\/www.arclite-shop.de\/produkt\/02-4099854004124\/"},"modified":"2026-04-17T05:53:10","modified_gmt":"2026-04-17T03:53:10","slug":"02-4099854004124","status":"publish","type":"product","link":"https:\/\/www.arclite-shop.de\/es\/produkt\/02-4099854004124\/","title":{"rendered":"Luminarias rectangulares empotradas con un fuerte control del deslumbramiento, para sistemas de techo de 1200 x 300 mm y tecnolog\u00eda IoT DALI-2"},"content":{"rendered":"<p>Rechteckige Einlege-Leuchten mit starker Entblendung, f\u00fcr 1200 x 300 mm Deckensysteme und DALI-2 IoT Technologie. Produkteigenschaften: IoT-f\u00e4hige Leuchte mit DALI-2 Technologie. Geeignet f\u00fcr den Einsatz an Zentralbatteriesystemen gem\u00e4\u00df EN60598-2-22. Push-DIM-Funktion f\u00fcr das Schalten und Dimmen direkt am Wandschalter. Rahmen aus stranggepresstem Aluminium. Polystyrol-Diffuser. 5-polige Anschlussklemme, Kabelquerschnitt bis zu 5 x 2,5 mm\u00b2. Lebensdauer (L80\/B10): 70.000 h (bei 25 \u00b0C). Produktvorteile: Geeignete Leuchte f\u00fcr VIVARES und andere DALI-2 Licht Management Systeme. Werkzeugloser elektrischer Anschluss dank Push-Button-Anschlussklemme. Durchverdrahtung mit enthaltener Anschlussbox m\u00f6glich. Energieeinsparung dank hoher Systemlichtausbeute: bis zu 130 lm\/W. Gute Entblendung (UGR &lt; 19). Hohe Farbkonsistenz mit SDCM 3. Erweiterte Dienstleistungen wie Stromverbrauchs\u00fcberwachung und Fernwartung m\u00f6glich bei DALI Versionen. Externer Treiber f\u00fcr erweiterte Flexibilit\u00e4t und einfache Installation. Flimmerarmes Licht dank speziellem elektronischen Vorschaltger\u00e4t. Geeignet f\u00fcr Notstrombeleuchtung. 5 Jahre Garantie. Anwendungsgebiete: Direkter Ersatz f\u00fcr Einlege-Leuchten mit Leuchtstofflampen. B\u00fcror\u00e4ume, Konferenzr\u00e4ume. Empfangsbereiche, Eingangsbereiche, Korridore, Aufz\u00fcge. Geeignet f\u00fcr Deckeneinbausysteme mit einem Rasterma\u00df von 1200 x 300 mm. Technische Ausstattung: Zubeh\u00f6r f\u00fcr verschiedene Einbaum\u00f6glichkeiten erh\u00e4ltlich. Anschlussbox mit 5-poliger Anschlussklemme enthalten. Sicherungsseil f\u00fcr Leuchten enthalten. Sicherheitsklemmen vormontiert. Externes Vorschaltger\u00e4t enthalten. Separate DC-Twistlock-Kabelerweiterung erh\u00e4ltlich. Geeignet f\u00fcr den Betrieb mit Emergency Conversion Box.<\/p>\n","protected":false},"excerpt":{"rendered":"<p>Rechteckige Einlege-Leuchten mit starker Entblendung, f\u00fcr 1200 x 300 mm Deckensysteme und DALI-2 IoT Technologie. Produkteigenschaften: IoT-f\u00e4hige Leuchte mit DALI-2 Technologie. Geeignet f\u00fcr den Einsatz an Zentralbatteriesystemen gem\u00e4\u00df EN60598-2-22. Push-DIM-Funktion f\u00fcr das Schalten und Dimmen direkt am Wandschalter. Rahmen aus<span class=\"excerpt-hellip\"> [\u2026]<\/span><\/p>\n","protected":false},"featured_media":366604,"template":"","meta":[],"product_brand":[],"product_cat":[87052],"product_tag":[],"class_list":{"0":"post-351328","1":"product","2":"type-product","3":"status-publish","4":"has-post-thumbnail","6":"product_cat-decken-wandleuchte","8":"first","9":"instock","10":"taxable","11":"shipping-taxable","12":"product-type-simple"},"_links":{"self":[{"href":"https:\/\/www.arclite-shop.de\/es\/wp-json\/wp\/v2\/product\/351328","targetHints":{"allow":["GET"]}}],"collection":[{"href":"https:\/\/www.arclite-shop.de\/es\/wp-json\/wp\/v2\/product"}],"about":[{"href":"https:\/\/www.arclite-shop.de\/es\/wp-json\/wp\/v2\/types\/product"}],"wp:featuredmedia":[{"embeddable":true,"href":"https:\/\/www.arclite-shop.de\/es\/wp-json\/wp\/v2\/media\/366604"}],"wp:attachment":[{"href":"https:\/\/www.arclite-shop.de\/es\/wp-json\/wp\/v2\/media?parent=351328"}],"wp:term":[{"taxonomy":"product_brand","embeddable":true,"href":"https:\/\/www.arclite-shop.de\/es\/wp-json\/wp\/v2\/product_brand?post=351328"},{"taxonomy":"product_cat","embeddable":true,"href":"https:\/\/www.arclite-shop.de\/es\/wp-json\/wp\/v2\/product_cat?post=351328"},{"taxonomy":"product_tag","embeddable":true,"href":"https:\/\/www.arclite-shop.de\/es\/wp-json\/wp\/v2\/product_tag?post=351328"}],"curies":[{"name":"wp","href":"https:\/\/api.w.org\/{rel}","templated":true}]}}