{"id":351313,"date":"2024-10-31T14:26:20","date_gmt":"2024-10-31T13:26:20","guid":{"rendered":"https:\/\/www.arclite-shop.de\/produkt\/02-4099854000201\/"},"modified":"2026-04-17T06:24:40","modified_gmt":"2026-04-17T04:24:40","slug":"02-4099854000201","status":"publish","type":"product","link":"https:\/\/www.arclite-shop.de\/es\/produkt\/02-4099854000201\/","title":{"rendered":"Focos empotrados para falsos techos estrechos y de baja energ\u00eda, ajustables"},"content":{"rendered":"<p>Einbaustrahler f\u00fcr Niedrig-Energie- und enge Zwischendecken, einstellbar. Produkteigenschaften: Einstellbarer Schwenkwinkel: \u00b125\u00b0. Farbwiedergabeindex Ra: 90. Schutzart: IP23 (raumseitig). Abstrahlwinkel: 36\u00b0. Geh\u00e4use aus Aluminiumdruckguss. Federn mit weichem Silikon\u00fcberzug. Dimmbar (an vielen handels\u00fcblichen Dimmern, siehe auchwww.ledvance.de\/dim). Durchverdrahtung m\u00f6glich. Produktvorteile: Luftdichte Konstruktion f\u00fcr reduzierte Luft-Leckage und verminderten Energieverlust. Abdeckbar mit vielen Arten von W\u00e4rmed\u00e4mmstoffen. Flache Bauweise erm\u00f6glicht den Einbau in niedrige Deckenhohlr\u00e4ume. Einfacher Austausch des externen Treibers dank Stecker mit Bajonettverschluss. Einfache Installation und elektrischer Anschluss dank werkzeugfreier Anschlussklemmen. SCALE Design &#8211; tolles Erscheinungsbild, hochwertige Materialien und geringe Gr\u00f6\u00dfe passen in jede Umgebung. 5 Jahre Garantie. Anwendungsgebiete: Direkter Ersatz f\u00fcr Einbaustrahler mit Halogenlampen. Decken in Niedrigenergieh\u00e4usern. Allgemeinbeleuchtung. Hotelzimmer und Korridore. Bars, Restaurants. Akzentbeleuchtung. Wohnr\u00e4ume. Technische Ausstattung: Externes Vorschaltger\u00e4t enthalten.<\/p>\n","protected":false},"excerpt":{"rendered":"<p>Einbaustrahler f\u00fcr Niedrig-Energie- und enge Zwischendecken, einstellbar. Produkteigenschaften: Einstellbarer Schwenkwinkel: \u00b125\u00b0. Farbwiedergabeindex Ra: 90. Schutzart: IP23 (raumseitig). Abstrahlwinkel: 36\u00b0. Geh\u00e4use aus Aluminiumdruckguss. Federn mit weichem Silikon\u00fcberzug. Dimmbar (an vielen handels\u00fcblichen Dimmern, siehe auchwww.ledvance.de\/dim). Durchverdrahtung m\u00f6glich. Produktvorteile: Luftdichte Konstruktion f\u00fcr reduzierte<span class=\"excerpt-hellip\"> [\u2026]<\/span><\/p>\n","protected":false},"featured_media":365512,"template":"","meta":[],"product_brand":[],"product_cat":[87053],"product_tag":[],"class_list":{"0":"post-351313","1":"product","2":"type-product","3":"status-publish","4":"has-post-thumbnail","6":"product_cat-downlight-strahler-flutlicht","8":"first","9":"instock","10":"taxable","11":"shipping-taxable","12":"product-type-simple"},"_links":{"self":[{"href":"https:\/\/www.arclite-shop.de\/es\/wp-json\/wp\/v2\/product\/351313","targetHints":{"allow":["GET"]}}],"collection":[{"href":"https:\/\/www.arclite-shop.de\/es\/wp-json\/wp\/v2\/product"}],"about":[{"href":"https:\/\/www.arclite-shop.de\/es\/wp-json\/wp\/v2\/types\/product"}],"wp:featuredmedia":[{"embeddable":true,"href":"https:\/\/www.arclite-shop.de\/es\/wp-json\/wp\/v2\/media\/365512"}],"wp:attachment":[{"href":"https:\/\/www.arclite-shop.de\/es\/wp-json\/wp\/v2\/media?parent=351313"}],"wp:term":[{"taxonomy":"product_brand","embeddable":true,"href":"https:\/\/www.arclite-shop.de\/es\/wp-json\/wp\/v2\/product_brand?post=351313"},{"taxonomy":"product_cat","embeddable":true,"href":"https:\/\/www.arclite-shop.de\/es\/wp-json\/wp\/v2\/product_cat?post=351313"},{"taxonomy":"product_tag","embeddable":true,"href":"https:\/\/www.arclite-shop.de\/es\/wp-json\/wp\/v2\/product_tag?post=351313"}],"curies":[{"name":"wp","href":"https:\/\/api.w.org\/{rel}","templated":true}]}}