{"id":351296,"date":"2024-10-31T14:26:07","date_gmt":"2024-10-31T13:26:07","guid":{"rendered":"https:\/\/www.arclite-shop.de\/produkt\/02-4062172177924\/"},"modified":"2026-04-17T06:42:54","modified_gmt":"2026-04-17T04:42:54","slug":"02-4062172177924","status":"publish","type":"product","link":"https:\/\/www.arclite-shop.de\/es\/produkt\/02-4062172177924\/","title":{"rendered":"Fuentes de tensi\u00f3n constante con DALI"},"content":{"rendered":"<p>Konstantspannungsversorgungen mit DALI. Produkteigenschaften: 4-Kanal-DALI-Konverter. Dimmbereich: 0\u2026100 % Lichtstrom. Produktvorteile: Flexible Adressierung \u00fcber DALI. Anwendungsgebiete: Geeignet f\u00fcr Leuchten der Schutzklasse I und II. Geeignet f\u00fcr eine unabh\u00e4ngige Montage. Geeignet f\u00fcr Anwendungen im Innenbereich. Technische Ausstattung: Geeignet f\u00fcr 24 V-LED-Module.<\/p>\n","protected":false},"excerpt":{"rendered":"<p>Konstantspannungsversorgungen mit DALI. Produkteigenschaften: 4-Kanal-DALI-Konverter. Dimmbereich: 0\u2026100 % Lichtstrom. Produktvorteile: Flexible Adressierung \u00fcber DALI. Anwendungsgebiete: Geeignet f\u00fcr Leuchten der Schutzklasse I und II. Geeignet f\u00fcr eine unabh\u00e4ngige Montage. Geeignet f\u00fcr Anwendungen im Innenbereich. Technische Ausstattung: Geeignet f\u00fcr 24 V-LED-Module.<\/p>\n","protected":false},"featured_media":365534,"template":"","meta":[],"product_brand":[],"product_cat":[87021],"product_tag":[],"class_list":{"0":"post-351296","1":"product","2":"type-product","3":"status-publish","4":"has-post-thumbnail","6":"product_cat-led-betriebsgeraet-ledvance","8":"first","9":"instock","10":"taxable","11":"shipping-taxable","12":"product-type-simple"},"_links":{"self":[{"href":"https:\/\/www.arclite-shop.de\/es\/wp-json\/wp\/v2\/product\/351296","targetHints":{"allow":["GET"]}}],"collection":[{"href":"https:\/\/www.arclite-shop.de\/es\/wp-json\/wp\/v2\/product"}],"about":[{"href":"https:\/\/www.arclite-shop.de\/es\/wp-json\/wp\/v2\/types\/product"}],"wp:featuredmedia":[{"embeddable":true,"href":"https:\/\/www.arclite-shop.de\/es\/wp-json\/wp\/v2\/media\/365534"}],"wp:attachment":[{"href":"https:\/\/www.arclite-shop.de\/es\/wp-json\/wp\/v2\/media?parent=351296"}],"wp:term":[{"taxonomy":"product_brand","embeddable":true,"href":"https:\/\/www.arclite-shop.de\/es\/wp-json\/wp\/v2\/product_brand?post=351296"},{"taxonomy":"product_cat","embeddable":true,"href":"https:\/\/www.arclite-shop.de\/es\/wp-json\/wp\/v2\/product_cat?post=351296"},{"taxonomy":"product_tag","embeddable":true,"href":"https:\/\/www.arclite-shop.de\/es\/wp-json\/wp\/v2\/product_tag?post=351296"}],"curies":[{"name":"wp","href":"https:\/\/api.w.org\/{rel}","templated":true}]}}