{"id":351284,"date":"2024-10-31T14:25:59","date_gmt":"2024-10-31T13:25:59","guid":{"rendered":"https:\/\/www.arclite-shop.de\/produkt\/02-4062172074964\/"},"modified":"2026-04-17T06:44:18","modified_gmt":"2026-04-17T04:44:18","slug":"02-4062172074964","status":"publish","type":"product","link":"https:\/\/www.arclite-shop.de\/es\/produkt\/02-4062172074964\/","title":{"rendered":"Corriente constante - Interior"},"content":{"rendered":"<p>Konstantstrom &#8211; Innenbereich. Produkteigenschaften: Netzfrequenz: 0 Hz | 50 Hz | 60 Hz. Vielseitiger DALI-Weitbereichstreiber bis zu 50 W durch flexible Ausgangscharakteristik. Versorgungsspannung: 220\u2026240 V. Verf\u00fcgbar mit Ausgangsstrombereich: bis zu 1.400 mA. Konstantlichtstromnachf\u00fchrung. Integriertes anpassbares Thermomanagement (Driver Guard). . Produktvorteile: Vollst\u00e4ndig programmierbar \u00fcber Software (DALI-Schnittstelle, NFC). Erweiterte Leuchten\/Treiberdaten (Leistung, Energie, Betriebsstunden, etc.) f\u00fcr Analyse. DALI-2 &#8211; zertifiziert, inkl. Parts 251, 252, 253. Lebensdauer: bis zu 100.000 h (bei T c = 65 \u00b0C, max. 10 % Ausfallrate). Hochqualitatives Dimmen von 1\u2026100 % durch Amplituden-Dimmen. H\u00f6here Lichtqualit\u00e4t dank &lt; 3% Ausgangsrippelstrom. Sehr hohe Effizienz. Sehr geringer Standby-Leistungsverbrauch: &lt; 0.15 W *. \u00dcberlast-, \u00dcbertemperatur-, Hot Plug-Schutz. . Anwendungsgebiete: Lineare Lichtl\u00f6sungen f\u00fcr B\u00fcros, Bildungsst\u00e4tten, Industriegeb\u00e4ude, Lagerbereiche und Retail. Einbau in Notbeleuchtungsanlagen gem\u00e4\u00df IEC 61347-2-13, Anhang J. Geeignet f\u00fcr Leuchten der Schutzklasse I. .<\/p>\n","protected":false},"excerpt":{"rendered":"<p>Konstantstrom &#8211; Innenbereich. Produkteigenschaften: Netzfrequenz: 0 Hz | 50 Hz | 60 Hz. Vielseitiger DALI-Weitbereichstreiber bis zu 50 W durch flexible Ausgangscharakteristik. Versorgungsspannung: 220\u2026240 V. Verf\u00fcgbar mit Ausgangsstrombereich: bis zu 1.400 mA. Konstantlichtstromnachf\u00fchrung. Integriertes anpassbares Thermomanagement (Driver Guard). . Produktvorteile:<span class=\"excerpt-hellip\"> [\u2026]<\/span><\/p>\n","protected":false},"featured_media":309233,"template":"","meta":[],"product_brand":[],"product_cat":[87021],"product_tag":[],"class_list":{"0":"post-351284","1":"product","2":"type-product","3":"status-publish","4":"has-post-thumbnail","6":"product_cat-led-betriebsgeraet-ledvance","8":"first","9":"instock","10":"taxable","11":"shipping-taxable","12":"product-type-simple"},"_links":{"self":[{"href":"https:\/\/www.arclite-shop.de\/es\/wp-json\/wp\/v2\/product\/351284","targetHints":{"allow":["GET"]}}],"collection":[{"href":"https:\/\/www.arclite-shop.de\/es\/wp-json\/wp\/v2\/product"}],"about":[{"href":"https:\/\/www.arclite-shop.de\/es\/wp-json\/wp\/v2\/types\/product"}],"wp:featuredmedia":[{"embeddable":true,"href":"https:\/\/www.arclite-shop.de\/es\/wp-json\/wp\/v2\/media\/309233"}],"wp:attachment":[{"href":"https:\/\/www.arclite-shop.de\/es\/wp-json\/wp\/v2\/media?parent=351284"}],"wp:term":[{"taxonomy":"product_brand","embeddable":true,"href":"https:\/\/www.arclite-shop.de\/es\/wp-json\/wp\/v2\/product_brand?post=351284"},{"taxonomy":"product_cat","embeddable":true,"href":"https:\/\/www.arclite-shop.de\/es\/wp-json\/wp\/v2\/product_cat?post=351284"},{"taxonomy":"product_tag","embeddable":true,"href":"https:\/\/www.arclite-shop.de\/es\/wp-json\/wp\/v2\/product_tag?post=351284"}],"curies":[{"name":"wp","href":"https:\/\/api.w.org\/{rel}","templated":true}]}}