{"id":351283,"date":"2024-10-31T14:25:58","date_gmt":"2024-10-31T13:25:58","guid":{"rendered":"https:\/\/www.arclite-shop.de\/produkt\/02-4062172072083\/"},"modified":"2026-03-07T02:15:45","modified_gmt":"2026-03-07T01:15:45","slug":"02-4062172072083","status":"publish","type":"product","link":"https:\/\/www.arclite-shop.de\/es\/produkt\/02-4062172072083\/","title":{"rendered":"Sensor de luz y presencia DALI-2 para instalaci\u00f3n en techos"},"content":{"rendered":"<p>DALI-2 Licht- und Pr\u00e4senzsensor f\u00fcr den Deckeneinbau. Produkteigenschaften: Licht- und Pr\u00e4senzsensor f\u00fcr den Deckeneinbau . Pr\u00e4senzerfassung \u00fcber passives IR-Element. Arbeitsbereich Lichtsensor: 20\u2026800 lx (gemessen am Sensor). Montageh\u00f6he: 2\u20265 m. Funktionsanzeige mit zweifarbiger LED. Deckeneinbauadapter. . Produktvorteile: Flaches design, sehr geringe Aufbauh\u00f6he. Einfache und schnelle Montage via Drahtfedern. DALI-2 zertifiziert . DALI-Bus-spannungs-versorgt (keine Netzanschluss erforderlich). Mehrere Sensoren an eine DALI Linie anschlie\u00dfbar. Pr\u00e4senzerfassungsbereich \u00fcber integrierte Shutter zwischen 40\u202690\u00b0 einstellbar. Integrierbar in Licht- und Geb\u00e4udemanagementsysteme die DALI-2 Sensorik unterst\u00fctzen. . Anwendungsgebiete: Geeignet f\u00fcr Anwendungen im Innenbereich. Einzelb\u00fcros. Gruppenb\u00fcros. Klassenzimmer. Besprechungsr\u00e4ume. Korridore. . Technische Ausstattung: Geeignet f\u00fcr viele OSRAM DALI Steuersysteme. .<\/p>\n","protected":false},"excerpt":{"rendered":"<p>DALI-2 Licht- und Pr\u00e4senzsensor f\u00fcr den Deckeneinbau. Produkteigenschaften: Licht- und Pr\u00e4senzsensor f\u00fcr den Deckeneinbau . Pr\u00e4senzerfassung \u00fcber passives IR-Element. Arbeitsbereich Lichtsensor: 20\u2026800 lx (gemessen am Sensor). Montageh\u00f6he: 2\u20265 m. Funktionsanzeige mit zweifarbiger LED. Deckeneinbauadapter. . Produktvorteile: Flaches design, sehr geringe<span class=\"excerpt-hellip\"> [\u2026]<\/span><\/p>\n","protected":false},"featured_media":365542,"template":"","meta":[],"product_brand":[],"product_cat":[87015],"product_tag":[],"class_list":{"0":"post-351283","1":"product","2":"type-product","3":"status-publish","4":"has-post-thumbnail","6":"product_cat-lichtregelsystemkomponente-ledvance","8":"first","9":"instock","10":"taxable","11":"shipping-taxable","12":"product-type-simple"},"_links":{"self":[{"href":"https:\/\/www.arclite-shop.de\/es\/wp-json\/wp\/v2\/product\/351283","targetHints":{"allow":["GET"]}}],"collection":[{"href":"https:\/\/www.arclite-shop.de\/es\/wp-json\/wp\/v2\/product"}],"about":[{"href":"https:\/\/www.arclite-shop.de\/es\/wp-json\/wp\/v2\/types\/product"}],"wp:featuredmedia":[{"embeddable":true,"href":"https:\/\/www.arclite-shop.de\/es\/wp-json\/wp\/v2\/media\/365542"}],"wp:attachment":[{"href":"https:\/\/www.arclite-shop.de\/es\/wp-json\/wp\/v2\/media?parent=351283"}],"wp:term":[{"taxonomy":"product_brand","embeddable":true,"href":"https:\/\/www.arclite-shop.de\/es\/wp-json\/wp\/v2\/product_brand?post=351283"},{"taxonomy":"product_cat","embeddable":true,"href":"https:\/\/www.arclite-shop.de\/es\/wp-json\/wp\/v2\/product_cat?post=351283"},{"taxonomy":"product_tag","embeddable":true,"href":"https:\/\/www.arclite-shop.de\/es\/wp-json\/wp\/v2\/product_tag?post=351283"}],"curies":[{"name":"wp","href":"https:\/\/api.w.org\/{rel}","templated":true}]}}