{"id":351276,"date":"2024-10-31T14:25:53","date_gmt":"2024-10-31T13:25:53","guid":{"rendered":"https:\/\/www.arclite-shop.de\/produkt\/02-4062172032087\/"},"modified":"2026-04-17T06:46:03","modified_gmt":"2026-04-17T04:46:03","slug":"02-4062172032087","status":"publish","type":"product","link":"https:\/\/www.arclite-shop.de\/es\/produkt\/02-4062172032087\/","title":{"rendered":"Fuentes de tensi\u00f3n constante con DALI"},"content":{"rendered":"<p>Konstantspannungsversorgungen mit DALI. Produkteigenschaften: 1 bis 4 addressierbare DALI-Kan\u00e4le. Mehrkanal-Treiber, bei dem die Ausgangsleistung beliebig auf die 2 oder 4 Kan\u00e4le verteilt werden kann. AstroDIM-Funktion. Dimmbereich:0\/0,1\u2026100 %. Netzfrequenz: 0 Hz | 50 Hz | 60 Hz. Hoher \u00dcberspannungsschutz: bis zu 6 kV (L-N) \/ 8 kV (L\/N-PE). Einschaltstrombegrenzung. . Produktvorteile: Lange Lebensdauer und hohe Zuverl\u00e4ssigkeit. Mehrkanal-Treiber bei dem die Anzahl der Kan\u00e4le frei gew\u00e4hlt werden kann und die Ausgangsleistung beliebig zwischen den Kan\u00e4len verteilt werden darf. F\u00fcr die Installation unter direkter Sonneneinstrahlung geeignet. Schutzart: IP66 u. IP67, Salzbest\u00e4ndigkeit (IEC 60068-2-52, PV 1), Gleichspannungsbetrieb m\u00f6glich. AstroDIM-Funktion f\u00fcr automatisches Ein-\/Ausschalten. . Anwendungsgebiete: \u00d6ffentliche Pl\u00e4tze und Architekturbeleuchtung. Geeignet f\u00fcr SELV-Installationen im Innen- und Au\u00dfenbereich. Geeignet f\u00fcr den Einsatz in Leuchten mit Schutzklasse I. .<\/p>\n","protected":false},"excerpt":{"rendered":"<p>Konstantspannungsversorgungen mit DALI. Produkteigenschaften: 1 bis 4 addressierbare DALI-Kan\u00e4le. Mehrkanal-Treiber, bei dem die Ausgangsleistung beliebig auf die 2 oder 4 Kan\u00e4le verteilt werden kann. AstroDIM-Funktion. Dimmbereich:0\/0,1\u2026100 %. Netzfrequenz: 0 Hz | 50 Hz | 60 Hz. Hoher \u00dcberspannungsschutz: bis zu<span class=\"excerpt-hellip\"> [\u2026]<\/span><\/p>\n","protected":false},"featured_media":286139,"template":"","meta":[],"product_brand":[],"product_cat":[87021],"product_tag":[],"class_list":{"0":"post-351276","1":"product","2":"type-product","3":"status-publish","4":"has-post-thumbnail","6":"product_cat-led-betriebsgeraet-ledvance","8":"first","9":"instock","10":"taxable","11":"shipping-taxable","12":"product-type-simple"},"_links":{"self":[{"href":"https:\/\/www.arclite-shop.de\/es\/wp-json\/wp\/v2\/product\/351276","targetHints":{"allow":["GET"]}}],"collection":[{"href":"https:\/\/www.arclite-shop.de\/es\/wp-json\/wp\/v2\/product"}],"about":[{"href":"https:\/\/www.arclite-shop.de\/es\/wp-json\/wp\/v2\/types\/product"}],"wp:featuredmedia":[{"embeddable":true,"href":"https:\/\/www.arclite-shop.de\/es\/wp-json\/wp\/v2\/media\/286139"}],"wp:attachment":[{"href":"https:\/\/www.arclite-shop.de\/es\/wp-json\/wp\/v2\/media?parent=351276"}],"wp:term":[{"taxonomy":"product_brand","embeddable":true,"href":"https:\/\/www.arclite-shop.de\/es\/wp-json\/wp\/v2\/product_brand?post=351276"},{"taxonomy":"product_cat","embeddable":true,"href":"https:\/\/www.arclite-shop.de\/es\/wp-json\/wp\/v2\/product_cat?post=351276"},{"taxonomy":"product_tag","embeddable":true,"href":"https:\/\/www.arclite-shop.de\/es\/wp-json\/wp\/v2\/product_tag?post=351276"}],"curies":[{"name":"wp","href":"https:\/\/api.w.org\/{rel}","templated":true}]}}