{"id":351246,"date":"2024-10-31T14:25:31","date_gmt":"2024-10-31T13:25:31","guid":{"rendered":"https:\/\/www.arclite-shop.de\/produkt\/02-4058075823679\/"},"modified":"2026-04-17T06:56:58","modified_gmt":"2026-04-17T04:56:58","slug":"02-4058075823679","status":"publish","type":"product","link":"https:\/\/www.arclite-shop.de\/es\/produkt\/02-4058075823679\/","title":{"rendered":"Tubos LED para balastos electr\u00f3nicos (ECG), protecci\u00f3n contra astillas"},"content":{"rendered":"<p>LED-R\u00f6hren f\u00fcr elektronische Vorschaltger\u00e4te. Produkteigenschaften: Retrofit-Ersatz von bestehenden T5-Lampen an HF-Vorschaltger\u00e4ten. Lampenr\u00f6hre aus Glas mit Splitterschutz. Hohe Farbkonsistenz: \u2264 5 SDCM (Schwellwerteinheit). Lebensdauer: bis zu 30.000 h. Flimmerarm nach EU 2019\/2020 (SVM \u22640,4 \/ PstLM \u2264 1). Schutzart: IP20. Kompatibel mit vielen handels\u00fcblichen elektronischen Vorschaltger\u00e4ten (siehe auchKompatibilit\u00e4tsliste). Produktvorteile: Kein Durchh\u00e4ngen dank Glastechnik. Einfacher, schneller und sicherer Lampenaustausch ohne Umverdrahtung. Auch geeignet f\u00fcr den Betrieb bei niedrigen Temperaturen. Beachten Sie bitte alle Sicherheitshinweise. Anwendungsgebiete: Allgemeinbeleuchtung in Umgebungstemperaturen von -20\u2026+45 \u00b0C. \u00d6ffentliche Geb\u00e4ude. K\u00fcchen. Unterbaubeleuchtung.<\/p>\n","protected":false},"excerpt":{"rendered":"<p>LED-R\u00f6hren f\u00fcr elektronische Vorschaltger\u00e4te. Produkteigenschaften: Retrofit-Ersatz von bestehenden T5-Lampen an HF-Vorschaltger\u00e4ten. Lampenr\u00f6hre aus Glas mit Splitterschutz. Hohe Farbkonsistenz: \u2264 5 SDCM (Schwellwerteinheit). Lebensdauer: bis zu 30.000 h. Flimmerarm nach EU 2019\/2020 (SVM \u22640,4 \/ PstLM \u2264 1). Schutzart: IP20. Kompatibel<span class=\"excerpt-hellip\"> [\u2026]<\/span><\/p>\n","protected":false},"featured_media":363521,"template":"","meta":[],"product_brand":[],"product_cat":[87060],"product_tag":[],"class_list":{"0":"post-351246","1":"product","2":"type-product","3":"status-publish","4":"has-post-thumbnail","6":"product_cat-led-lampe-multi-led","8":"first","9":"instock","10":"taxable","11":"shipping-taxable","12":"product-type-simple"},"_links":{"self":[{"href":"https:\/\/www.arclite-shop.de\/es\/wp-json\/wp\/v2\/product\/351246","targetHints":{"allow":["GET"]}}],"collection":[{"href":"https:\/\/www.arclite-shop.de\/es\/wp-json\/wp\/v2\/product"}],"about":[{"href":"https:\/\/www.arclite-shop.de\/es\/wp-json\/wp\/v2\/types\/product"}],"wp:featuredmedia":[{"embeddable":true,"href":"https:\/\/www.arclite-shop.de\/es\/wp-json\/wp\/v2\/media\/363521"}],"wp:attachment":[{"href":"https:\/\/www.arclite-shop.de\/es\/wp-json\/wp\/v2\/media?parent=351246"}],"wp:term":[{"taxonomy":"product_brand","embeddable":true,"href":"https:\/\/www.arclite-shop.de\/es\/wp-json\/wp\/v2\/product_brand?post=351246"},{"taxonomy":"product_cat","embeddable":true,"href":"https:\/\/www.arclite-shop.de\/es\/wp-json\/wp\/v2\/product_cat?post=351246"},{"taxonomy":"product_tag","embeddable":true,"href":"https:\/\/www.arclite-shop.de\/es\/wp-json\/wp\/v2\/product_tag?post=351246"}],"curies":[{"name":"wp","href":"https:\/\/api.w.org\/{rel}","templated":true}]}}