{"id":351224,"date":"2024-10-31T14:25:15","date_gmt":"2024-10-31T13:25:15","guid":{"rendered":"https:\/\/www.arclite-shop.de\/produkt\/02-4058075822511\/"},"modified":"2026-04-17T07:08:11","modified_gmt":"2026-04-17T05:08:11","slug":"02-4058075822511","status":"publish","type":"product","link":"https:\/\/www.arclite-shop.de\/es\/produkt\/02-4058075822511\/","title":{"rendered":"Sustituci\u00f3n del LED para el KLLni plano con 4 pines. Toma 2G10 para funcionamiento con KVG o tensi\u00f3n de red "},"content":{"rendered":"<p>LED-Ersatz f\u00fcr flache KLLni mit 4pol. 2G10 Stecksockel f\u00fcr Betrieb am KVG oder Netzspannung. Produkteigenschaften: LED-Ersatz f\u00fcr herk\u00f6mmliche Kompaktleuchtstofflampen in KVG Leuchten oder an Netzspannung. Lebensdauer: bis zu 30.000 h. Einseitiger 4-Stift-Stecksockel 2G10. Schutzart: IP20. Quecksilberfreie Lampen. Produktvorteile: Einfache Installation. Geringer Energieverbrauch. Nicht f\u00fcr den Betrieb mit elektronischen Vorschaltger\u00e4ten geeignet. Einfacher Lampenwechsel dank kompaktem Design. Betrieb direkt an 230 V Netzspannung m\u00f6glich. Anwendungsgebiete: Allgemeinbeleuchtung in Umgebungstemperaturen von -20\u2026+45 \u00b0C. B\u00fcros. Flure und G\u00e4nge. Hotels, Restaurants.<\/p>\n","protected":false},"excerpt":{"rendered":"<p>LED-Ersatz f\u00fcr flache KLLni mit 4pol. 2G10 Stecksockel f\u00fcr Betrieb am KVG oder Netzspannung. Produkteigenschaften: LED-Ersatz f\u00fcr herk\u00f6mmliche Kompaktleuchtstofflampen in KVG Leuchten oder an Netzspannung. Lebensdauer: bis zu 30.000 h. Einseitiger 4-Stift-Stecksockel 2G10. Schutzart: IP20. Quecksilberfreie Lampen. Produktvorteile: Einfache Installation.<span class=\"excerpt-hellip\"> [\u2026]<\/span><\/p>\n","protected":false},"featured_media":365560,"template":"","meta":[],"product_brand":[],"product_cat":[87060],"product_tag":[],"class_list":{"0":"post-351224","1":"product","2":"type-product","3":"status-publish","4":"has-post-thumbnail","6":"product_cat-led-lampe-multi-led","8":"first","9":"instock","10":"taxable","11":"shipping-taxable","12":"product-type-simple"},"_links":{"self":[{"href":"https:\/\/www.arclite-shop.de\/es\/wp-json\/wp\/v2\/product\/351224","targetHints":{"allow":["GET"]}}],"collection":[{"href":"https:\/\/www.arclite-shop.de\/es\/wp-json\/wp\/v2\/product"}],"about":[{"href":"https:\/\/www.arclite-shop.de\/es\/wp-json\/wp\/v2\/types\/product"}],"wp:featuredmedia":[{"embeddable":true,"href":"https:\/\/www.arclite-shop.de\/es\/wp-json\/wp\/v2\/media\/365560"}],"wp:attachment":[{"href":"https:\/\/www.arclite-shop.de\/es\/wp-json\/wp\/v2\/media?parent=351224"}],"wp:term":[{"taxonomy":"product_brand","embeddable":true,"href":"https:\/\/www.arclite-shop.de\/es\/wp-json\/wp\/v2\/product_brand?post=351224"},{"taxonomy":"product_cat","embeddable":true,"href":"https:\/\/www.arclite-shop.de\/es\/wp-json\/wp\/v2\/product_cat?post=351224"},{"taxonomy":"product_tag","embeddable":true,"href":"https:\/\/www.arclite-shop.de\/es\/wp-json\/wp\/v2\/product_tag?post=351224"}],"curies":[{"name":"wp","href":"https:\/\/api.w.org\/{rel}","templated":true}]}}