{"id":351200,"date":"2024-10-31T14:24:57","date_gmt":"2024-10-31T13:24:57","guid":{"rendered":"https:\/\/www.arclite-shop.de\/produkt\/02-4058075822030\/"},"modified":"2026-04-17T07:22:45","modified_gmt":"2026-04-17T05:22:45","slug":"02-4058075822030","status":"publish","type":"product","link":"https:\/\/www.arclite-shop.de\/es\/produkt\/02-4058075822030\/","title":{"rendered":"Sustituci\u00f3n del LED para KLLni con 4 pines. Toma G24q para funcionamiento en ECG y tensi\u00f3n de red "},"content":{"rendered":"<p>LED-Ersatz f\u00fcr KLLni, mit 4pol. G24q Stecksockel zum Betrieb am EVG oder Netzspannung. Produkteigenschaften: LED-Ersatz f\u00fcr herk\u00f6mmliche Kompaktleuchtstofflampen in EVG Leuchten oder an Netzspannung. Lebensdauer: bis zu 30.000 h. Drehbarer Sockel um seine L\u00e4ngsachse (\u00b1 90 \u00b0). Einseitiger 4-Stift-Stecksockel G24q. Schutzart: IP20. Quecksilberfreie Lampen. Produktvorteile: Einfache Installation. Geringer Energieverbrauch. Einfacher Lampenwechsel dank kompaktem Design. Betrieb direkt an 230 V Netzspannung m\u00f6glich. Anwendungsgebiete: Allgemeinbeleuchtung in Umgebungstemperaturen von -20\u2026+45 \u00b0C. Superm\u00e4rkte und Warenh\u00e4user. Flure und G\u00e4nge. Hotels, Restaurants.<\/p>\n","protected":false},"excerpt":{"rendered":"<p>LED-Ersatz f\u00fcr KLLni, mit 4pol. G24q Stecksockel zum Betrieb am EVG oder Netzspannung. Produkteigenschaften: LED-Ersatz f\u00fcr herk\u00f6mmliche Kompaktleuchtstofflampen in EVG Leuchten oder an Netzspannung. Lebensdauer: bis zu 30.000 h. Drehbarer Sockel um seine L\u00e4ngsachse (\u00b1 90 \u00b0). Einseitiger 4-Stift-Stecksockel G24q.<span class=\"excerpt-hellip\"> [\u2026]<\/span><\/p>\n","protected":false},"featured_media":365580,"template":"","meta":[],"product_brand":[],"product_cat":[87060],"product_tag":[],"class_list":{"0":"post-351200","1":"product","2":"type-product","3":"status-publish","4":"has-post-thumbnail","6":"product_cat-led-lampe-multi-led","8":"first","9":"outofstock","10":"taxable","11":"shipping-taxable","12":"product-type-simple"},"_links":{"self":[{"href":"https:\/\/www.arclite-shop.de\/es\/wp-json\/wp\/v2\/product\/351200","targetHints":{"allow":["GET"]}}],"collection":[{"href":"https:\/\/www.arclite-shop.de\/es\/wp-json\/wp\/v2\/product"}],"about":[{"href":"https:\/\/www.arclite-shop.de\/es\/wp-json\/wp\/v2\/types\/product"}],"wp:featuredmedia":[{"embeddable":true,"href":"https:\/\/www.arclite-shop.de\/es\/wp-json\/wp\/v2\/media\/365580"}],"wp:attachment":[{"href":"https:\/\/www.arclite-shop.de\/es\/wp-json\/wp\/v2\/media?parent=351200"}],"wp:term":[{"taxonomy":"product_brand","embeddable":true,"href":"https:\/\/www.arclite-shop.de\/es\/wp-json\/wp\/v2\/product_brand?post=351200"},{"taxonomy":"product_cat","embeddable":true,"href":"https:\/\/www.arclite-shop.de\/es\/wp-json\/wp\/v2\/product_cat?post=351200"},{"taxonomy":"product_tag","embeddable":true,"href":"https:\/\/www.arclite-shop.de\/es\/wp-json\/wp\/v2\/product_tag?post=351200"}],"curies":[{"name":"wp","href":"https:\/\/api.w.org\/{rel}","templated":true}]}}