{"id":351147,"date":"2024-10-31T14:24:18","date_gmt":"2024-10-31T13:24:18","guid":{"rendered":"https:\/\/www.arclite-shop.de\/produkt\/02-4058075791589\/"},"modified":"2026-04-17T08:19:53","modified_gmt":"2026-04-17T06:19:53","slug":"02-4058075791589","status":"publish","type":"product","link":"https:\/\/www.arclite-shop.de\/es\/produkt\/02-4058075791589\/","title":{"rendered":"Armario base L\u00e1mpara spot en forma redonda"},"content":{"rendered":"<p>Unterschrank Spot Leuchte in runder Form. Produkteigenschaften: Modernes Design. Lichtfarbe: Warm White. Produktvorteile: Spotleuchten f\u00fcr Unterschrankbeleuchtung. Anwendungsgebiete: K\u00fcchen. Wohnr\u00e4ume. Regalunterbaubeleuchtung. Technische Ausstattung: Inklusive Montageschrauben und D\u00fcbel.<\/p>\n","protected":false},"excerpt":{"rendered":"<p>Unterschrank Spot Leuchte in runder Form. Produkteigenschaften: Modernes Design. Lichtfarbe: Warm White. Produktvorteile: Spotleuchten f\u00fcr Unterschrankbeleuchtung. Anwendungsgebiete: K\u00fcchen. Wohnr\u00e4ume. Regalunterbaubeleuchtung. Technische Ausstattung: Inklusive Montageschrauben und D\u00fcbel.<\/p>\n","protected":false},"featured_media":365650,"template":"","meta":[],"product_brand":[],"product_cat":[87052],"product_tag":[],"class_list":{"0":"post-351147","1":"product","2":"type-product","3":"status-publish","4":"has-post-thumbnail","6":"product_cat-decken-wandleuchte","8":"first","9":"instock","10":"taxable","11":"shipping-taxable","12":"product-type-simple"},"_links":{"self":[{"href":"https:\/\/www.arclite-shop.de\/es\/wp-json\/wp\/v2\/product\/351147","targetHints":{"allow":["GET"]}}],"collection":[{"href":"https:\/\/www.arclite-shop.de\/es\/wp-json\/wp\/v2\/product"}],"about":[{"href":"https:\/\/www.arclite-shop.de\/es\/wp-json\/wp\/v2\/types\/product"}],"wp:featuredmedia":[{"embeddable":true,"href":"https:\/\/www.arclite-shop.de\/es\/wp-json\/wp\/v2\/media\/365650"}],"wp:attachment":[{"href":"https:\/\/www.arclite-shop.de\/es\/wp-json\/wp\/v2\/media?parent=351147"}],"wp:term":[{"taxonomy":"product_brand","embeddable":true,"href":"https:\/\/www.arclite-shop.de\/es\/wp-json\/wp\/v2\/product_brand?post=351147"},{"taxonomy":"product_cat","embeddable":true,"href":"https:\/\/www.arclite-shop.de\/es\/wp-json\/wp\/v2\/product_cat?post=351147"},{"taxonomy":"product_tag","embeddable":true,"href":"https:\/\/www.arclite-shop.de\/es\/wp-json\/wp\/v2\/product_tag?post=351147"}],"curies":[{"name":"wp","href":"https:\/\/api.w.org\/{rel}","templated":true}]}}