{"id":351118,"date":"2024-10-31T14:23:56","date_gmt":"2024-10-31T13:23:56","guid":{"rendered":"https:\/\/www.arclite-shop.de\/produkt\/02-4058075777910\/"},"modified":"2026-04-17T08:32:21","modified_gmt":"2026-04-17T06:32:21","slug":"02-4058075777910","status":"publish","type":"product","link":"https:\/\/www.arclite-shop.de\/es\/produkt\/02-4058075777910\/","title":{"rendered":"L\u00e1mparas de cristal SMART+ en forma cl\u00e1sica con tecnolog\u00eda WiFi"},"content":{"rendered":"<p>SMART+ Glaslampen in klassicher Form mit WiFi Technologie. Produkteigenschaften: Steuerbar \u00fcber LEDVANCE SMART+ WiFi App (mit mindestens Android\u2122\ufe0f 4.4 oder iOS 9.0). Steuerung \u00fcber Google Assistant oder Amazon Alexa m\u00f6glich. Netzwerkprotokoll: WiFi. Lichtfarbe \u00fcber Tunable White einstellbar: Warm Comfort wei\u00df bis Kaltwei\u00df (2.200 K \u2026 5.000 K). Dimmbar. Lebensdauer: bis zu 15.000 h. Produktvorteile: Drahtlose Steuerung \u00fcber App. Einfache Installation und Nutzung. Enth\u00e4lt kein Quecksilber. Anwendungsgebiete: Allgemeinbeleuchtung. Wohnr\u00e4ume. Gewerbe (Hotels, Bars, Boutiquen usw.). Au\u00dfenanwendungen nur in geeigneten Leuchten.<\/p>\n","protected":false},"excerpt":{"rendered":"<p>SMART+ Glaslampen in klassicher Form mit WiFi Technologie. Produkteigenschaften: Steuerbar \u00fcber LEDVANCE SMART+ WiFi App (mit mindestens Android\u2122\ufe0f 4.4 oder iOS 9.0). Steuerung \u00fcber Google Assistant oder Amazon Alexa m\u00f6glich. Netzwerkprotokoll: WiFi. Lichtfarbe \u00fcber Tunable White einstellbar: Warm Comfort wei\u00df<span class=\"excerpt-hellip\"> [\u2026]<\/span><\/p>\n","protected":false},"featured_media":365640,"template":"","meta":[],"product_brand":[],"product_cat":[87060],"product_tag":[],"class_list":{"0":"post-351118","1":"product","2":"type-product","3":"status-publish","4":"has-post-thumbnail","6":"product_cat-led-lampe-multi-led","8":"first","9":"instock","10":"taxable","11":"shipping-taxable","12":"product-type-simple"},"_links":{"self":[{"href":"https:\/\/www.arclite-shop.de\/es\/wp-json\/wp\/v2\/product\/351118","targetHints":{"allow":["GET"]}}],"collection":[{"href":"https:\/\/www.arclite-shop.de\/es\/wp-json\/wp\/v2\/product"}],"about":[{"href":"https:\/\/www.arclite-shop.de\/es\/wp-json\/wp\/v2\/types\/product"}],"wp:featuredmedia":[{"embeddable":true,"href":"https:\/\/www.arclite-shop.de\/es\/wp-json\/wp\/v2\/media\/365640"}],"wp:attachment":[{"href":"https:\/\/www.arclite-shop.de\/es\/wp-json\/wp\/v2\/media?parent=351118"}],"wp:term":[{"taxonomy":"product_brand","embeddable":true,"href":"https:\/\/www.arclite-shop.de\/es\/wp-json\/wp\/v2\/product_brand?post=351118"},{"taxonomy":"product_cat","embeddable":true,"href":"https:\/\/www.arclite-shop.de\/es\/wp-json\/wp\/v2\/product_cat?post=351118"},{"taxonomy":"product_tag","embeddable":true,"href":"https:\/\/www.arclite-shop.de\/es\/wp-json\/wp\/v2\/product_tag?post=351118"}],"curies":[{"name":"wp","href":"https:\/\/api.w.org\/{rel}","templated":true}]}}