{"id":351027,"date":"2024-10-31T14:22:50","date_gmt":"2024-10-31T13:22:50","guid":{"rendered":"https:\/\/www.arclite-shop.de\/produkt\/02-4058075760660\/"},"modified":"2026-03-07T01:35:09","modified_gmt":"2026-03-07T00:35:09","slug":"02-4058075760660","status":"publish","type":"product","link":"https:\/\/www.arclite-shop.de\/es\/produkt\/02-4058075760660\/","title":{"rendered":"Foco basado en DALI 2.0 con distribuci\u00f3n de luz muy amplia y asim\u00e9trica para iluminaci\u00f3n de \u00e1rea"},"content":{"rendered":"<p>DALI 2.0 basierender Scheinwerfer mit sehr breitstrahlender, asymmetrischer Lichtverteilung f\u00fcr die Fl\u00e4chenbeleuchtung. Produkteigenschaften: DALI-2.0-Schnittstelle zur Integration in Lichtmanagementsysteme. Hohe Lichtausbeute: bis zu 140 lm\/W. Asymmetrische Lichtverteilung f\u00fcr die Fl\u00e4chenbeleuchtung. Angeschr\u00e4gter (45\u00b0) Montageb\u00fcgel mit Rotationsbereich von bis zu 180\u00b0. Hoher \u00dcberspannungschutz von bis zu 10 kV (L\/N-PE), 6 kV (L-N). Integrierte Klimamembrane zur Verhinderung von Kondensatbildung im Inneren der Leuchte. Anschluss \u00fcber Kabel (2 m), Verdrahtung erforderlich. Schutzart: IP66. Sto\u00dffestigkeit: IK08. Umgebungstemperaturbereich bei Betrieb: -30\u2026+50 \u00b0C. Produktvorteile: Energieersparnis von bis zu 90 % verglichen mit Halogenlampen-Flutern. Bis zu 45 % Energieersparnis verglichen mit Leuchten, die herk\u00f6mmliche Entladungslampen nutzen. Lichtstark, robust und langlebig. Gleichm\u00e4\u00dfige Leuchtdichteverteilung und reduzierte Blendung. Kein Lichtaustritt im oberen Halbraum (ULOR 0%) bei 0\u00b0 Aufneigung. Schl\u00fcsselloch f\u00fcr besonders einfache Montage. 5 Jahre Garantie. Anwendungsgebiete: Direkter Ersatz f\u00fcr Leuchten, die HID-Lampen verwenden. Au\u00dfenanwendung (IP66). Parkpl\u00e4tze. \u00d6ffentlicher Raum. Industrie. Sportst\u00e4tten. Parkpl\u00e4tze, Industriestra\u00dfen. D-Zeichen gem\u00e4\u00df EN 60598-2-24 f\u00fcr feuergef\u00e4hrdete Betriebsst\u00e4tten, z. B. durch Ansammlung von Staub.<\/p>\n","protected":false},"excerpt":{"rendered":"<p>DALI 2.0 basierender Scheinwerfer mit sehr breitstrahlender, asymmetrischer Lichtverteilung f\u00fcr die Fl\u00e4chenbeleuchtung. Produkteigenschaften: DALI-2.0-Schnittstelle zur Integration in Lichtmanagementsysteme. Hohe Lichtausbeute: bis zu 140 lm\/W. Asymmetrische Lichtverteilung f\u00fcr die Fl\u00e4chenbeleuchtung. Angeschr\u00e4gter (45\u00b0) Montageb\u00fcgel mit Rotationsbereich von bis zu 180\u00b0. Hoher \u00dcberspannungschutz<span class=\"excerpt-hellip\"> [\u2026]<\/span><\/p>\n","protected":false},"featured_media":365812,"template":"","meta":[],"product_brand":[],"product_cat":[87053],"product_tag":[],"class_list":{"0":"post-351027","1":"product","2":"type-product","3":"status-publish","4":"has-post-thumbnail","6":"product_cat-downlight-strahler-flutlicht","8":"first","9":"instock","10":"taxable","11":"shipping-taxable","12":"product-type-simple"},"_links":{"self":[{"href":"https:\/\/www.arclite-shop.de\/es\/wp-json\/wp\/v2\/product\/351027","targetHints":{"allow":["GET"]}}],"collection":[{"href":"https:\/\/www.arclite-shop.de\/es\/wp-json\/wp\/v2\/product"}],"about":[{"href":"https:\/\/www.arclite-shop.de\/es\/wp-json\/wp\/v2\/types\/product"}],"wp:featuredmedia":[{"embeddable":true,"href":"https:\/\/www.arclite-shop.de\/es\/wp-json\/wp\/v2\/media\/365812"}],"wp:attachment":[{"href":"https:\/\/www.arclite-shop.de\/es\/wp-json\/wp\/v2\/media?parent=351027"}],"wp:term":[{"taxonomy":"product_brand","embeddable":true,"href":"https:\/\/www.arclite-shop.de\/es\/wp-json\/wp\/v2\/product_brand?post=351027"},{"taxonomy":"product_cat","embeddable":true,"href":"https:\/\/www.arclite-shop.de\/es\/wp-json\/wp\/v2\/product_cat?post=351027"},{"taxonomy":"product_tag","embeddable":true,"href":"https:\/\/www.arclite-shop.de\/es\/wp-json\/wp\/v2\/product_tag?post=351027"}],"curies":[{"name":"wp","href":"https:\/\/api.w.org\/{rel}","templated":true}]}}