{"id":351009,"date":"2024-10-31T14:22:37","date_gmt":"2024-10-31T13:22:37","guid":{"rendered":"https:\/\/www.arclite-shop.de\/produkt\/02-4058075759640\/"},"modified":"2026-03-07T01:34:05","modified_gmt":"2026-03-07T00:34:05","slug":"02-4058075759640","status":"publish","type":"product","link":"https:\/\/www.arclite-shop.de\/es\/produkt\/02-4058075759640\/","title":{"rendered":"L\u00e1mparas LED regulables, forma cl\u00e1sica de varilla, luz natural"},"content":{"rendered":"<p>Dimmbare LED -Lampen, klassiche Stabform, nat\u00fcrliches Tageslicht. Produkteigenschaften: LED-Lampen f\u00fcr Netzspannung. Dimmbar. Farbwiedergabeindex Ra: \u2265 90. Produktvorteile: Nat\u00fcrliches Lichtspektrum mit hervorragender Farbwiedergabe von CRI \u2265 90. Stark reduzierter Blauanteil. Verbesserter Sehkomfort und geringere Augenbelastung. Geringer Energieverbrauch. Formsch\u00f6nes Lampendesign. Anwendungsgebiete: Ideal f\u00fcr dekorative Einbauten. Anwendungen im Haushalt. Allgemeinbeleuchtung. Einsatz im Au\u00dfenbereich nur in geeigneten Au\u00dfenleuchten.<\/p>\n","protected":false},"excerpt":{"rendered":"<p>Dimmbare LED -Lampen, klassiche Stabform, nat\u00fcrliches Tageslicht. Produkteigenschaften: LED-Lampen f\u00fcr Netzspannung. Dimmbar. Farbwiedergabeindex Ra: \u2265 90. Produktvorteile: Nat\u00fcrliches Lichtspektrum mit hervorragender Farbwiedergabe von CRI \u2265 90. Stark reduzierter Blauanteil. Verbesserter Sehkomfort und geringere Augenbelastung. Geringer Energieverbrauch. Formsch\u00f6nes Lampendesign. Anwendungsgebiete: Ideal<span class=\"excerpt-hellip\"> [\u2026]<\/span><\/p>\n","protected":false},"featured_media":365822,"template":"","meta":[],"product_brand":[],"product_cat":[87060],"product_tag":[],"class_list":{"0":"post-351009","1":"product","2":"type-product","3":"status-publish","4":"has-post-thumbnail","6":"product_cat-led-lampe-multi-led","8":"first","9":"instock","10":"taxable","11":"shipping-taxable","12":"product-type-simple"},"_links":{"self":[{"href":"https:\/\/www.arclite-shop.de\/es\/wp-json\/wp\/v2\/product\/351009","targetHints":{"allow":["GET"]}}],"collection":[{"href":"https:\/\/www.arclite-shop.de\/es\/wp-json\/wp\/v2\/product"}],"about":[{"href":"https:\/\/www.arclite-shop.de\/es\/wp-json\/wp\/v2\/types\/product"}],"wp:featuredmedia":[{"embeddable":true,"href":"https:\/\/www.arclite-shop.de\/es\/wp-json\/wp\/v2\/media\/365822"}],"wp:attachment":[{"href":"https:\/\/www.arclite-shop.de\/es\/wp-json\/wp\/v2\/media?parent=351009"}],"wp:term":[{"taxonomy":"product_brand","embeddable":true,"href":"https:\/\/www.arclite-shop.de\/es\/wp-json\/wp\/v2\/product_brand?post=351009"},{"taxonomy":"product_cat","embeddable":true,"href":"https:\/\/www.arclite-shop.de\/es\/wp-json\/wp\/v2\/product_cat?post=351009"},{"taxonomy":"product_tag","embeddable":true,"href":"https:\/\/www.arclite-shop.de\/es\/wp-json\/wp\/v2\/product_tag?post=351009"}],"curies":[{"name":"wp","href":"https:\/\/api.w.org\/{rel}","templated":true}]}}