{"id":350936,"date":"2024-10-31T14:21:46","date_gmt":"2024-10-31T13:21:46","guid":{"rendered":"https:\/\/www.arclite-shop.de\/produkt\/02-4058075729001\/"},"modified":"2026-04-17T11:14:01","modified_gmt":"2026-04-17T09:14:01","slug":"02-4058075729001","status":"publish","type":"product","link":"https:\/\/www.arclite-shop.de\/es\/produkt\/02-4058075729001\/","title":{"rendered":"Forma cl\u00e1sica de pist\u00f3n con tecnolog\u00eda Zigbee"},"content":{"rendered":"<p>Klassische Kolbenform mit Zigbee-Technologie. Produkteigenschaften: Steuerung \u00fcber kompatibles Smart-Home-System (Gateway und App). Steuerung \u00fcber Sprachsteuerung verf\u00fcgbar: Google Assistant oder Amazon Alexa, je nach verwendetem Smart-Home-System. Lichtfarbe \u00fcber Tunable White einstellbar: Warmwei\u00df bis Kaltwei\u00df (2.700\u20266.500 K). Netzwerkprotokoll: ZigBee 3.0. Dimmbar. Lebensdauer: bis zu 20.000 h. F\u00fcr vollen Funktionsumfang Verbindung mit einem kompatiblen Smart Home System (Gateway und App) notwendig. Produktvorteile: Drahtlose Steuerung \u00fcber App. Einfache Installation und Nutzung. Enth\u00e4lt kein Quecksilber. Anwendungsgebiete: Allgemeinbeleuchtung. Wohnr\u00e4ume. Gewerbe (Hotels, Bars, Boutiquen usw.). Einsatz im Au\u00dfenbereich nur in geeigneten Au\u00dfenleuchten.<\/p>\n","protected":false},"excerpt":{"rendered":"<p>Klassische Kolbenform mit Zigbee-Technologie. Produkteigenschaften: Steuerung \u00fcber kompatibles Smart-Home-System (Gateway und App). Steuerung \u00fcber Sprachsteuerung verf\u00fcgbar: Google Assistant oder Amazon Alexa, je nach verwendetem Smart-Home-System. Lichtfarbe \u00fcber Tunable White einstellbar: Warmwei\u00df bis Kaltwei\u00df (2.700\u20266.500 K). Netzwerkprotokoll: ZigBee 3.0. Dimmbar. Lebensdauer:<span class=\"excerpt-hellip\"> [\u2026]<\/span><\/p>\n","protected":false},"featured_media":365946,"template":"","meta":[],"product_brand":[],"product_cat":[87060],"product_tag":[],"class_list":{"0":"post-350936","1":"product","2":"type-product","3":"status-publish","4":"has-post-thumbnail","6":"product_cat-led-lampe-multi-led","8":"first","9":"instock","10":"taxable","11":"shipping-taxable","12":"product-type-simple"},"_links":{"self":[{"href":"https:\/\/www.arclite-shop.de\/es\/wp-json\/wp\/v2\/product\/350936","targetHints":{"allow":["GET"]}}],"collection":[{"href":"https:\/\/www.arclite-shop.de\/es\/wp-json\/wp\/v2\/product"}],"about":[{"href":"https:\/\/www.arclite-shop.de\/es\/wp-json\/wp\/v2\/types\/product"}],"wp:featuredmedia":[{"embeddable":true,"href":"https:\/\/www.arclite-shop.de\/es\/wp-json\/wp\/v2\/media\/365946"}],"wp:attachment":[{"href":"https:\/\/www.arclite-shop.de\/es\/wp-json\/wp\/v2\/media?parent=350936"}],"wp:term":[{"taxonomy":"product_brand","embeddable":true,"href":"https:\/\/www.arclite-shop.de\/es\/wp-json\/wp\/v2\/product_brand?post=350936"},{"taxonomy":"product_cat","embeddable":true,"href":"https:\/\/www.arclite-shop.de\/es\/wp-json\/wp\/v2\/product_cat?post=350936"},{"taxonomy":"product_tag","embeddable":true,"href":"https:\/\/www.arclite-shop.de\/es\/wp-json\/wp\/v2\/product_tag?post=350936"}],"curies":[{"name":"wp","href":"https:\/\/api.w.org\/{rel}","templated":true}]}}