{"id":350922,"date":"2024-10-31T14:21:36","date_gmt":"2024-10-31T13:21:36","guid":{"rendered":"https:\/\/www.arclite-shop.de\/produkt\/02-4058075708204\/"},"modified":"2026-04-17T11:20:40","modified_gmt":"2026-04-17T09:20:40","slug":"02-4058075708204","status":"publish","type":"product","link":"https:\/\/www.arclite-shop.de\/es\/produkt\/02-4058075708204\/","title":{"rendered":"Luces de alta altura hasta 120 lm\/W"},"content":{"rendered":"<p>Hallenleuchten bis zu 120 lm\/W. Produkteigenschaften: Umgebungstemperatur: -20\u202645\u00b0C. Schwarzes Aluminium-Geh\u00e4use, Abdeckung aus Sicherheitsglas. Opale Abdeckung. Schutzart: IP65. Lebensdauer (L70): bis zu 50.000 h. Hohe Lichtausbeute: bis zu 120 lm\/W. Produktvorteile: Modernes, exklusives Design. Bis zu 60 % Energieersparnis verglichen mit konventionellen Hallenspiegelleuchten. 3 Jahre Garantie. Gewicht- und Gr\u00f6\u00dfenoptimierung durch kompaktes Design. Anwendungsgebiete: Ersatz f\u00fcr Hallenspiegelleuchten mit Quecksilberdampf- oder Halogen-Metalldampflampen. Lagerh\u00e4user. Logistikhallen. Industrie. Hohe Decken (z.B. in Einkaufszentren, Flugh\u00e4fen, Gesch\u00e4ftsgeb\u00e4uden, Lobbies). Technische Ausstattung: Halterung erh\u00e4ltlich. Reflektor erh\u00e4ltlich.<\/p>\n","protected":false},"excerpt":{"rendered":"<p>Hallenleuchten bis zu 120 lm\/W. Produkteigenschaften: Umgebungstemperatur: -20\u202645\u00b0C. Schwarzes Aluminium-Geh\u00e4use, Abdeckung aus Sicherheitsglas. Opale Abdeckung. Schutzart: IP65. Lebensdauer (L70): bis zu 50.000 h. Hohe Lichtausbeute: bis zu 120 lm\/W. Produktvorteile: Modernes, exklusives Design. Bis zu 60 % Energieersparnis verglichen mit<span class=\"excerpt-hellip\"> [\u2026]<\/span><\/p>\n","protected":false},"featured_media":365966,"template":"","meta":[],"product_brand":[],"product_cat":[87278],"product_tag":[],"class_list":{"0":"post-350922","1":"product","2":"type-product","3":"status-publish","4":"has-post-thumbnail","6":"product_cat-hallen-reflektorleuchte","8":"first","9":"instock","10":"taxable","11":"shipping-taxable","12":"product-type-simple"},"_links":{"self":[{"href":"https:\/\/www.arclite-shop.de\/es\/wp-json\/wp\/v2\/product\/350922","targetHints":{"allow":["GET"]}}],"collection":[{"href":"https:\/\/www.arclite-shop.de\/es\/wp-json\/wp\/v2\/product"}],"about":[{"href":"https:\/\/www.arclite-shop.de\/es\/wp-json\/wp\/v2\/types\/product"}],"wp:featuredmedia":[{"embeddable":true,"href":"https:\/\/www.arclite-shop.de\/es\/wp-json\/wp\/v2\/media\/365966"}],"wp:attachment":[{"href":"https:\/\/www.arclite-shop.de\/es\/wp-json\/wp\/v2\/media?parent=350922"}],"wp:term":[{"taxonomy":"product_brand","embeddable":true,"href":"https:\/\/www.arclite-shop.de\/es\/wp-json\/wp\/v2\/product_brand?post=350922"},{"taxonomy":"product_cat","embeddable":true,"href":"https:\/\/www.arclite-shop.de\/es\/wp-json\/wp\/v2\/product_cat?post=350922"},{"taxonomy":"product_tag","embeddable":true,"href":"https:\/\/www.arclite-shop.de\/es\/wp-json\/wp\/v2\/product_tag?post=350922"}],"curies":[{"name":"wp","href":"https:\/\/api.w.org\/{rel}","templated":true}]}}