{"id":350867,"date":"2024-10-31T14:20:57","date_gmt":"2024-10-31T13:20:57","guid":{"rendered":"https:\/\/www.arclite-shop.de\/produkt\/02-4058075705685\/"},"modified":"2026-04-17T11:55:38","modified_gmt":"2026-04-17T09:55:38","slug":"02-4058075705685","status":"publish","type":"product","link":"https:\/\/www.arclite-shop.de\/es\/produkt\/02-4058075705685\/","title":{"rendered":"Tiras LED protegidas IP66 con 2000 lm\/m para muchas aplicaciones"},"content":{"rendered":"<p>IP66 gesch\u00fctzte LED-B\u00e4nder mit 2000 lm\/m f\u00fcr viele Anwendungen. Produkteigenschaften: Flexibles und teilbares LED-Band. Kleinste teilbare Einheit: 100 mm. Lebensdauer (L70\/B50): bis zu 30.000 h bei Tc max.: 75\u00b0C. Lichtstrom: 2000 lm\/m. Farbwiedergabeindex Ra: &gt; 80. Gro\u00dfes Spektrum an Farbtemperaturen: von Warmwei\u00df bis k\u00fchles Tageslicht. Schutzart: IP66. Dimmbar mit geeigneten Treibern, siehe auchwww.ledvance.de\/dim). UV-Best\u00e4ndigkeit (nach IEC 60068-2-5). Salznebelbest\u00e4ndigkeit (nach IEC 60068-2-52). Produktvorteile: Gro\u00dfe Designfreiheit dank langer, flexible LED-Lichtb\u00e4nder. Einfache Installation, werkzeugloser Anschluss. Einfache Montage an vielen glatten Oberfl\u00e4chen durch selbstklebendes Klebeband. Maximale Flexibilit\u00e4t dank gro\u00dfer Auswahl an Zubeh\u00f6r. Geeignet f\u00fcr Verwendung in feuchten Umgebungen dank hoher Schutzart. Anwendungsgebiete: Allgemeine Innenbeleuchtung. Allgemeine Au\u00dfenbeleuchtung. Dekorative Beleuchtung. Private Wohnbereiche. Technische Ausstattung: Verbindungen, Profile und Abdeckungen f\u00fcr verschiedene Montagem\u00f6glichkeiten verf\u00fcgbar. Endkappen m\u00fcssen separat bestellt werden.<\/p>\n","protected":false},"excerpt":{"rendered":"<p>IP66 gesch\u00fctzte LED-B\u00e4nder mit 2000 lm\/m f\u00fcr viele Anwendungen. Produkteigenschaften: Flexibles und teilbares LED-Band. Kleinste teilbare Einheit: 100 mm. Lebensdauer (L70\/B50): bis zu 30.000 h bei Tc max.: 75\u00b0C. Lichtstrom: 2000 lm\/m. Farbwiedergabeindex Ra: &gt; 80. Gro\u00dfes Spektrum an Farbtemperaturen:<span class=\"excerpt-hellip\"> [\u2026]<\/span><\/p>\n","protected":false},"featured_media":363774,"template":"","meta":[],"product_brand":[],"product_cat":[87128],"product_tag":[],"class_list":{"0":"post-350867","1":"product","2":"type-product","3":"status-publish","4":"has-post-thumbnail","6":"product_cat-lichtschlauch-band","8":"first","9":"instock","10":"taxable","11":"shipping-taxable","12":"product-type-simple"},"_links":{"self":[{"href":"https:\/\/www.arclite-shop.de\/es\/wp-json\/wp\/v2\/product\/350867","targetHints":{"allow":["GET"]}}],"collection":[{"href":"https:\/\/www.arclite-shop.de\/es\/wp-json\/wp\/v2\/product"}],"about":[{"href":"https:\/\/www.arclite-shop.de\/es\/wp-json\/wp\/v2\/types\/product"}],"wp:featuredmedia":[{"embeddable":true,"href":"https:\/\/www.arclite-shop.de\/es\/wp-json\/wp\/v2\/media\/363774"}],"wp:attachment":[{"href":"https:\/\/www.arclite-shop.de\/es\/wp-json\/wp\/v2\/media?parent=350867"}],"wp:term":[{"taxonomy":"product_brand","embeddable":true,"href":"https:\/\/www.arclite-shop.de\/es\/wp-json\/wp\/v2\/product_brand?post=350867"},{"taxonomy":"product_cat","embeddable":true,"href":"https:\/\/www.arclite-shop.de\/es\/wp-json\/wp\/v2\/product_cat?post=350867"},{"taxonomy":"product_tag","embeddable":true,"href":"https:\/\/www.arclite-shop.de\/es\/wp-json\/wp\/v2\/product_tag?post=350867"}],"curies":[{"name":"wp","href":"https:\/\/api.w.org\/{rel}","templated":true}]}}