{"id":350835,"date":"2024-10-31T14:20:34","date_gmt":"2024-10-31T13:20:34","guid":{"rendered":"https:\/\/www.arclite-shop.de\/produkt\/02-4058075692862\/"},"modified":"2026-04-17T12:42:11","modified_gmt":"2026-04-17T10:42:11","slug":"02-4058075692862","status":"publish","type":"product","link":"https:\/\/www.arclite-shop.de\/es\/produkt\/02-4058075692862\/","title":{"rendered":"Luminarias de alta bah\u00eda hasta 150 lm\/W y valores atractivos de UGR"},"content":{"rendered":"<p>Hallenleuchten bis zu 150 lm\/W und attraktiven UGR Werten. Produkteigenschaften: Unterschiedliche Lichtstr\u00f6me und \u00d6ffnungswinkel f\u00fcr Montageh\u00f6hen von ~ 6 m bis 14 m in 4000 K oder 6500 K. Produktvorteile: Verbesserter UGR verglichen mit fr\u00fcheren Generationen, bis zu UGR \u2264 22 in Kombination mit Reflektor. Hohe Lichtausbeute. Bis zu 64 % Energieersparnis verglichen mit konventionellen Hallenspiegelleuchten. 5 Jahre Garantie. Gewicht- und Gr\u00f6\u00dfenoptimierung durch kompaktes Design. Anwendungsgebiete: Ersatz f\u00fcr Hallenspiegelleuchten mit Quecksilberdampf- oder Halogen-Metalldampflampen. Lagerh\u00e4user. Logistikhallen. Industrie. Hohe Decken (z.B. in Einkaufszentren, Flugh\u00e4fen, Gesch\u00e4ftsgeb\u00e4uden, Lobbies). Technische Ausstattung: Montagering enthalten. Montageb\u00fcgel, Reflektoren und Refraktoren als separates Zubeh\u00f6r erh\u00e4ltlich.<\/p>\n","protected":false},"excerpt":{"rendered":"<p>Hallenleuchten bis zu 150 lm\/W und attraktiven UGR Werten. Produkteigenschaften: Unterschiedliche Lichtstr\u00f6me und \u00d6ffnungswinkel f\u00fcr Montageh\u00f6hen von ~ 6 m bis 14 m in 4000 K oder 6500 K. Produktvorteile: Verbesserter UGR verglichen mit fr\u00fcheren Generationen, bis zu UGR \u2264<span class=\"excerpt-hellip\"> [\u2026]<\/span><\/p>\n","protected":false},"featured_media":365732,"template":"","meta":[],"product_brand":[],"product_cat":[87278],"product_tag":[],"class_list":{"0":"post-350835","1":"product","2":"type-product","3":"status-publish","4":"has-post-thumbnail","6":"product_cat-hallen-reflektorleuchte","8":"first","9":"instock","10":"taxable","11":"shipping-taxable","12":"product-type-simple"},"_links":{"self":[{"href":"https:\/\/www.arclite-shop.de\/es\/wp-json\/wp\/v2\/product\/350835","targetHints":{"allow":["GET"]}}],"collection":[{"href":"https:\/\/www.arclite-shop.de\/es\/wp-json\/wp\/v2\/product"}],"about":[{"href":"https:\/\/www.arclite-shop.de\/es\/wp-json\/wp\/v2\/types\/product"}],"wp:featuredmedia":[{"embeddable":true,"href":"https:\/\/www.arclite-shop.de\/es\/wp-json\/wp\/v2\/media\/365732"}],"wp:attachment":[{"href":"https:\/\/www.arclite-shop.de\/es\/wp-json\/wp\/v2\/media?parent=350835"}],"wp:term":[{"taxonomy":"product_brand","embeddable":true,"href":"https:\/\/www.arclite-shop.de\/es\/wp-json\/wp\/v2\/product_brand?post=350835"},{"taxonomy":"product_cat","embeddable":true,"href":"https:\/\/www.arclite-shop.de\/es\/wp-json\/wp\/v2\/product_cat?post=350835"},{"taxonomy":"product_tag","embeddable":true,"href":"https:\/\/www.arclite-shop.de\/es\/wp-json\/wp\/v2\/product_tag?post=350835"}],"curies":[{"name":"wp","href":"https:\/\/api.w.org\/{rel}","templated":true}]}}