{"id":350802,"date":"2024-10-31T14:20:10","date_gmt":"2024-10-31T13:20:10","guid":{"rendered":"https:\/\/www.arclite-shop.de\/produkt\/02-4058075647602\/"},"modified":"2026-04-17T13:19:19","modified_gmt":"2026-04-17T11:19:19","slug":"02-4058075647602","status":"publish","type":"product","link":"https:\/\/www.arclite-shop.de\/es\/produkt\/02-4058075647602\/","title":{"rendered":"Luz robusta en paredes y techos con protecci\u00f3n IP65 y sensor de alta frecuencia"},"content":{"rendered":"<p>Robuste Wand- und Deckenleuchte mit IP65 Schutz und Hochfrequenzsensor. Produkteigenschaften: Hochfrequenzsensor f\u00fcr Tageslicht- und Bewegungserfassung. UV-stabilisiertes Polycarbonat (PC)-Geh\u00e4use, PC-Diffusor. Sto\u00dffestigkeit: IK10. Steckklemme f\u00fcr werkzeuglosen Anschluss. Durchverdrahtung m\u00f6glich. Schutzart: IP65. Lichtstrom: bis zu 1.400 lm. Hohe Lichtausbeute: bis zu 95 lm\/W. Lebensdauer (L70\/B50): bis zu 50.000 h (bei 25 \u00b0C). Umgebungstemperaturbereich bei Betrieb: -20\u2026+40 \u00b0C. Produktvorteile: Mehrfache Einstellm\u00f6glichkeiten von Sensorbereich, Tageslichterkennung und Haltezeit. Geeignet f\u00fcr Verwendung in staubigen und feuchten Umgebungen dank hoher Schutzart. Geeignet f\u00fcr den Einsatz in \u00f6ffentlichen Bereichen dank hoher IK-Bewertung. Separate Abdeckringe f\u00fcr ein \u00e4sthetisches und funktionales Design erh\u00e4ltlich. 5 Jahre Garantie. Mehrere Montagemuster f\u00fcr bequeme Installation. Bis zu 50 % Energieersparnis (verglichen mit Leuchten, die Leuchtstofflampen verwenden). Anwendungsgebiete: Direkter Ersatz f\u00fcr Leuchten mit Leuchtstofflampen. Korridore, Treppenh\u00e4user, Eingangsbereiche. Passagen, Unterf\u00fchrungen. \u00d6ffentlicher Raum. Technische Ausstattung: Zus\u00e4tzliche Abdeckringe in verschiedenen Ausf\u00fchrungen erh\u00e4ltlich. Inklusive Montageschrauben und D\u00fcbel.<\/p>\n","protected":false},"excerpt":{"rendered":"<p>Robuste Wand- und Deckenleuchte mit IP65 Schutz und Hochfrequenzsensor. Produkteigenschaften: Hochfrequenzsensor f\u00fcr Tageslicht- und Bewegungserfassung. UV-stabilisiertes Polycarbonat (PC)-Geh\u00e4use, PC-Diffusor. Sto\u00dffestigkeit: IK10. Steckklemme f\u00fcr werkzeuglosen Anschluss. Durchverdrahtung m\u00f6glich. Schutzart: IP65. Lichtstrom: bis zu 1.400 lm. Hohe Lichtausbeute: bis zu 95 lm\/W.<span class=\"excerpt-hellip\"> [\u2026]<\/span><\/p>\n","protected":false},"featured_media":366018,"template":"","meta":[],"product_brand":[],"product_cat":[87052],"product_tag":[],"class_list":{"0":"post-350802","1":"product","2":"type-product","3":"status-publish","4":"has-post-thumbnail","6":"product_cat-decken-wandleuchte","8":"first","9":"instock","10":"taxable","11":"shipping-taxable","12":"product-type-simple"},"_links":{"self":[{"href":"https:\/\/www.arclite-shop.de\/es\/wp-json\/wp\/v2\/product\/350802","targetHints":{"allow":["GET"]}}],"collection":[{"href":"https:\/\/www.arclite-shop.de\/es\/wp-json\/wp\/v2\/product"}],"about":[{"href":"https:\/\/www.arclite-shop.de\/es\/wp-json\/wp\/v2\/types\/product"}],"wp:featuredmedia":[{"embeddable":true,"href":"https:\/\/www.arclite-shop.de\/es\/wp-json\/wp\/v2\/media\/366018"}],"wp:attachment":[{"href":"https:\/\/www.arclite-shop.de\/es\/wp-json\/wp\/v2\/media?parent=350802"}],"wp:term":[{"taxonomy":"product_brand","embeddable":true,"href":"https:\/\/www.arclite-shop.de\/es\/wp-json\/wp\/v2\/product_brand?post=350802"},{"taxonomy":"product_cat","embeddable":true,"href":"https:\/\/www.arclite-shop.de\/es\/wp-json\/wp\/v2\/product_cat?post=350802"},{"taxonomy":"product_tag","embeddable":true,"href":"https:\/\/www.arclite-shop.de\/es\/wp-json\/wp\/v2\/product_tag?post=350802"}],"curies":[{"name":"wp","href":"https:\/\/api.w.org\/{rel}","templated":true}]}}