{"id":350756,"date":"2024-10-31T14:19:39","date_gmt":"2024-10-31T13:19:39","guid":{"rendered":"https:\/\/www.arclite-shop.de\/produkt\/02-4058075615335\/"},"modified":"2026-04-17T14:14:47","modified_gmt":"2026-04-17T12:14:47","slug":"02-4058075615335","status":"publish","type":"product","link":"https:\/\/www.arclite-shop.de\/es\/produkt\/02-4058075615335\/","title":{"rendered":"Purificador de aire UV-C elegante con opciones de montaje vers\u00e1tiles"},"content":{"rendered":"<p>Formsch\u00f6ner UV-C Luftentkeimer mit vielseitigen Montagem\u00f6glichkeiten. Produkteigenschaften: Luftstrom von 70 m\u00b3\/h mit zwei ger\u00e4uscharmen L\u00fcftern. Empfohlene Raumgr\u00f6\u00dfe pro Ger\u00e4t: max. 20 m\u00b2 bei einer Deckenh\u00f6he von 2,5 m. Lautst\u00e4rke &lt; 38dB. Mit 3 m Kabel und Stecker, Ein \/Aus-Schalter in Endkappe integriert. Material: Aluminiumgeh\u00e4use (wei\u00df RAL9016, pulverbeschichtet), Endkappen aus eloxiertem Aluminium. Lebensdauer: Lampe bis zu 10.000 h. Montagezubeh\u00f6r mu\u00df separat bestellt werden: Abpendelkit, Wandhalterung, horizontaler St\u00e4nder, vertikaler St\u00e4nder. UV-C-Spektrum: effektive Peakwellenl\u00e4nge von 254 nm. Inklusive UV-C Lampe: 1 x LEDVANCE UVC T8 55W G13. Inklusive Lampen-EVG: OSRAM QTP OPTIMAL 1&#215;54-58W. Abmessungen: 150 \u00d7 150 \u00d7 1105 mm (H \u00d7 W \u00d7 L). Produktvorteile: Bew\u00e4hrte Technologie &#8211; kontinuierliche Luftbehandlung auf Basis von UV-C-Licht. Effektiv &#8211; Inaktiviert bis zu 99,9% der Viren und Bakterien. Leise &#8211; extrem ger\u00e4uscharmer Betrieb (ultra leise). Safe &#8211; kein direktes UV-C-Licht, sicher f\u00fcr Mensch und Tier. Schonend &#8211; chemiefreier Betrieb und ozonfreie Lampe. Praktisch &#8211; kein Filter, daher muss er nicht ausgetauscht werden. Vielseitig &#8211; Montierbar wo immer Sie wollen. Qualit\u00e4t &#8211; Made in Germany, 3 Jahre Garantie. Teamwork &#8211; perfekte Zusammenarbeit von Lampe und EVG. SCALE Design &#8211; tolles Erscheinungsbild, hochwertige Materialien und geringe Gr\u00f6\u00dfe passen in jede Umgebung. Anwendungsgebiete: \u00dcberall dort, wo Menschen in begrenztem Raum, \u00fcber einen l\u00e4ngeren Zeitraum und geringer Frischluftaustausch zusammentreffen. B\u00fcror\u00e4ume, Konferenzr\u00e4ume. Klassenzimmer und Bildungseinrichtungen. Arztpraxis, vor allem Wartezimmer. Einzelhandel und kleinere L\u00e4den. Restaurant. Altenpflegeeinrichtungen. Empfangsbereiche, Eingangsbereiche. Technische Ausstattung: Montagezubeh\u00f6r separat erh\u00e4ltlich.<\/p>\n","protected":false},"excerpt":{"rendered":"<p>Formsch\u00f6ner UV-C Luftentkeimer mit vielseitigen Montagem\u00f6glichkeiten. Produkteigenschaften: Luftstrom von 70 m\u00b3\/h mit zwei ger\u00e4uscharmen L\u00fcftern. Empfohlene Raumgr\u00f6\u00dfe pro Ger\u00e4t: max. 20 m\u00b2 bei einer Deckenh\u00f6he von 2,5 m. Lautst\u00e4rke &lt; 38dB. Mit 3 m Kabel und Stecker, Ein \/Aus-Schalter in<span class=\"excerpt-hellip\"> [\u2026]<\/span><\/p>\n","protected":false},"featured_media":366044,"template":"","meta":[],"product_brand":[],"product_cat":[87406],"product_tag":[],"class_list":{"0":"post-350756","1":"product","2":"type-product","3":"status-publish","4":"has-post-thumbnail","6":"product_cat-luftbefeuchter-luftreiniger","8":"first","9":"instock","10":"taxable","11":"shipping-taxable","12":"product-type-simple"},"_links":{"self":[{"href":"https:\/\/www.arclite-shop.de\/es\/wp-json\/wp\/v2\/product\/350756","targetHints":{"allow":["GET"]}}],"collection":[{"href":"https:\/\/www.arclite-shop.de\/es\/wp-json\/wp\/v2\/product"}],"about":[{"href":"https:\/\/www.arclite-shop.de\/es\/wp-json\/wp\/v2\/types\/product"}],"wp:featuredmedia":[{"embeddable":true,"href":"https:\/\/www.arclite-shop.de\/es\/wp-json\/wp\/v2\/media\/366044"}],"wp:attachment":[{"href":"https:\/\/www.arclite-shop.de\/es\/wp-json\/wp\/v2\/media?parent=350756"}],"wp:term":[{"taxonomy":"product_brand","embeddable":true,"href":"https:\/\/www.arclite-shop.de\/es\/wp-json\/wp\/v2\/product_brand?post=350756"},{"taxonomy":"product_cat","embeddable":true,"href":"https:\/\/www.arclite-shop.de\/es\/wp-json\/wp\/v2\/product_cat?post=350756"},{"taxonomy":"product_tag","embeddable":true,"href":"https:\/\/www.arclite-shop.de\/es\/wp-json\/wp\/v2\/product_tag?post=350756"}],"curies":[{"name":"wp","href":"https:\/\/api.w.org\/{rel}","templated":true}]}}